{"id":30005,"date":"2024-03-03T11:52:32","date_gmt":"2024-03-03T11:52:32","guid":{"rendered":"https:\/\/paymentdiscounter.com\/?post_type=product&#038;p=30005"},"modified":"2024-09-23T12:58:44","modified_gmt":"2024-09-23T12:58:44","slug":"chateaux-s2l","status":"publish","type":"product","link":"https:\/\/paymentdiscounter.com\/fr\/product\/chateaux-s2l\/","title":{"rendered":"Castles S2L"},"content":{"rendered":"<h3>Castles S2L : Rationalisation des paiements<\/h3>\n<p>e Castles S2L est une solution tout-en-un con\u00e7ue pour r\u00e9pondre aux exigences multifonctionnelles des entreprises modernes. Le S2L a \u00e9t\u00e9 con\u00e7u dans un souci de polyvalence et simplifie le processus d'achat tout en am\u00e9liorant l'exp\u00e9rience de paiement des clients et des commer\u00e7ants.<\/p>\n<h4>Capacit\u00e9s multifonctionnelles et communication sans faille<\/h4>\n<p>Le S2L dispose d'une s\u00e9rie d'options de communication, notamment USB, RS232, WLAN, Bluetooth et Ethernet. Avec un support optionnel, il devient un choix optimal pour rationaliser le processus d'achat et faciliter les paiements.<\/p>\n<h4>Facile \u00e0 utiliser et riche en fonctionnalit\u00e9s<\/h4>\n<p>Con\u00e7u pour r\u00e9pondre aux exigences contemporaines d'interfaces faciles \u00e0 utiliser, de multifonctionnalit\u00e9 et d'un grand \u00e9cran tactile couleur de 8\u2033, le S2L est une solution de paiement id\u00e9ale pour divers environnements tels que les restaurants, les \u00e9piceries et les centres commerciaux.<\/p>\n<h4>Fonctionnalit\u00e9s de s\u00e9curit\u00e9 renforc\u00e9es<\/h4>\n<p>La s\u00e9curit\u00e9 est primordiale et le S2L est conforme aux normes PCI PTS 6, ce qui garantit une protection solide des informations de paiement sensibles. Les commer\u00e7ants et les clients peuvent faire confiance \u00e0 la fiabilit\u00e9 de ce terminal de paiement.<\/p>\n<h4>S2L Sp\u00e9cifications<\/h4>\n<ul>\n<li><strong>Processeur :<\/strong> Processeur octa-core 1,8 GHz + processeur s\u00e9curis\u00e9<\/li>\n<li><strong>M\u00e9moire :<\/strong> Flash\/RAM 16GB\/2GB<\/li>\n<li><strong>Syst\u00e8me d'exploitation :<\/strong> Android 10<\/li>\n<li><strong>Affichage :<\/strong> 8\u201d TFT couleur avec \u00e9cran tactile capacitif<\/li>\n<li><strong>Lecteur de cartes :<\/strong> Bande magn\u00e9tique, carte \u00e0 puce, sans contact, SAM<\/li>\n<li><strong>Options d'interface de communication :<\/strong> Fil, sans fil<\/li>\n<li><strong>Audio :<\/strong> Haut-parleur | Prise casque | Microphone<\/li>\n<li><strong>Clavier :<\/strong> Clavier \u00e0 15 touches<\/li>\n<li><strong>Cam\u00e9ra :<\/strong> 8MP Auto Focus avec Flash LED<\/li>\n<li><strong>Logiciel :<\/strong> SDK | KMS | TMS | GDB | Biblioth\u00e8que CTOS | Biblioth\u00e8que ISO 8583 | Biblioth\u00e8que Crypto<\/li>\n<li><strong>Crypto :<\/strong> TRNG | DES | TDES | AES | RSA | MK\/SK | DUKPT<\/li>\n<li><strong>Alimentation \u00e9lectrique :<\/strong> DC 12V\/1A<\/li>\n<li><strong>Dimensions (L x L x H) :<\/strong> 210 x 200 x 29,5 mm<\/li>\n<li><strong>Poids :<\/strong> 748g<\/li>\n<li><strong>Temp\u00e9rature de fonctionnement :<\/strong> 0\u00b0C \u00e0 50\u00b0C<\/li>\n<li><strong>Temp\u00e9rature de stockage :<\/strong> De -20\u00b0C \u00e0 70\u00b0C<\/li>\n<li><strong>Humidit\u00e9 de fonctionnement :<\/strong> 5% \u00e0 90% sans condensation<\/li>\n<li><strong>Humidit\u00e9 de stockage :<\/strong> 5% \u00e0 90% sans condensation<\/li>\n<li><strong>Certification :<\/strong> PCI PTS v6.X | EMV L1\/L2 | payWave | PayPass | ExpressPay | D-PAS | Interac Flash | J\/Speedy | FeliCa | QuickPass | TQM<\/li>\n<li><strong>Accessoires en option :<\/strong> Support, bo\u00eete magique<\/li>\n<\/ul>","protected":false},"excerpt":{"rendered":"<p>Le Castles S2L est une solution de paiement polyvalente et s\u00e9curis\u00e9e qui allie facilit\u00e9 d'utilisation et technologie de pointe. Dot\u00e9 d'un grand \u00e9cran tactile, d'options de communication multiples et de fonctions de s\u00e9curit\u00e9 robustes, ce terminal rationalise le processus de paiement pour les entreprises de divers secteurs.<\/p>","protected":false},"featured_media":30006,"comment_status":"open","ping_status":"closed","template":"","meta":[],"product_cat":[1550,3301],"product_tag":[1791,1857,3059,697,1936,734,879,3058],"acf":[],"_links":{"self":[{"href":"https:\/\/paymentdiscounter.com\/fr\/wp-json\/wp\/v2\/product\/30005"}],"collection":[{"href":"https:\/\/paymentdiscounter.com\/fr\/wp-json\/wp\/v2\/product"}],"about":[{"href":"https:\/\/paymentdiscounter.com\/fr\/wp-json\/wp\/v2\/types\/product"}],"replies":[{"embeddable":true,"href":"https:\/\/paymentdiscounter.com\/fr\/wp-json\/wp\/v2\/comments?post=30005"}],"version-history":[{"count":5,"href":"https:\/\/paymentdiscounter.com\/fr\/wp-json\/wp\/v2\/product\/30005\/revisions"}],"predecessor-version":[{"id":33540,"href":"https:\/\/paymentdiscounter.com\/fr\/wp-json\/wp\/v2\/product\/30005\/revisions\/33540"}],"wp:featuredmedia":[{"embeddable":true,"href":"https:\/\/paymentdiscounter.com\/fr\/wp-json\/wp\/v2\/media\/30006"}],"wp:attachment":[{"href":"https:\/\/paymentdiscounter.com\/fr\/wp-json\/wp\/v2\/media?parent=30005"}],"wp:term":[{"taxonomy":"product_cat","embeddable":true,"href":"https:\/\/paymentdiscounter.com\/fr\/wp-json\/wp\/v2\/product_cat?post=30005"},{"taxonomy":"product_tag","embeddable":true,"href":"https:\/\/paymentdiscounter.com\/fr\/wp-json\/wp\/v2\/product_tag?post=30005"}],"curies":[{"name":"wp","href":"https:\/\/api.w.org\/{rel}","templated":true}]}}