{"id":23417,"date":"2023-11-30T22:42:58","date_gmt":"2023-11-30T22:42:58","guid":{"rendered":"https:\/\/paymentdiscounter.com\/?post_type=product&#038;p=23417"},"modified":"2023-11-30T23:14:50","modified_gmt":"2023-11-30T23:14:50","slug":"newland-nft10-pilot-pro","status":"publish","type":"product","link":"https:\/\/paymentdiscounter.com\/fr\/product\/newland-nft10-pilot-pro\/","title":{"rendered":"Newland NFT10 Pilot Pro"},"content":{"rendered":"<p><strong><em>Smart Business, Smart Device<\/em><\/strong><br \/>\nLe NFT10 Pilot Pro est un lecteur de codes-barres m\u00e9gapixel ultra-mince offrant des options de lecture \u00e0 gauche et \u00e0 droite pour une capture de donn\u00e9es sans effort. Son design rappelle celui des t\u00e9l\u00e9phones grand public haut de gamme, ce qui en fait un outil polyvalent pour les entreprises. Soutenu par les options de garantie standard et \u00e9tendue de Newland, ainsi que par les solutions MDM de Ndevor, il garantit style, fonctionnalit\u00e9 et support robuste pour les entreprises de toutes tailles.<\/p>\n<p><strong><em>Des industries taill\u00e9es pour le succ\u00e8s<\/em><\/strong><br \/>\nCet ordinateur mobile intelligent est con\u00e7u sur mesure pour divers secteurs d'activit\u00e9, notamment :<\/p>\n<ul>\n<li>Vente au d\u00e9tail<\/li>\n<li>Logistique<\/li>\n<li>L'hospitalit\u00e9<\/li>\n<li>Ev\u00e9nements<\/li>\n<li>Soins de sant\u00e9<\/li>\n<\/ul>\n<p><strong><em>Saisir les possibilit\u00e9s<\/em><\/strong><br \/>\n\u00c9quip\u00e9 d'une gamme d'options de capture de donn\u00e9es, le NFT10 Pilot Pro se distingue par sa polyvalence :<\/p>\n<ul>\n<li>Scanner de codes-barres 1D\/2D Mega Pixel<\/li>\n<li>Lecture NFC RFID<\/li>\n<li>Reconnaissance des empreintes digitales<\/li>\n<li>GPS\/Beidou\/GLONASS<\/li>\n<\/ul>\n<p><strong><em>Rester connect\u00e9 avec style<\/em><\/strong><br \/>\nLa connectivit\u00e9 n'est jamais un obstacle. Le NFT10 Pilot Pro pr\u00e9sente les caract\u00e9ristiques suivantes<\/p>\n<ul>\n<li>WiFi \u00e0 double bande 802.11 a\/b\/g\/n\/ac<\/li>\n<li>Prise en charge 4G\/3G\/2G<\/li>\n<li>Option double SIM pour un choix flexible de fournisseurs<\/li>\n<\/ul>\n<p><strong><em>Puissance et performance<\/em><\/strong><br \/>\nD\u00e9couvrez la puissance du syst\u00e8me d'exploitation Android 11 associ\u00e9 \u00e0 un processeur octa-core de 2,0 GHz offrant une exp\u00e9rience informatique mobile intuitive, rapide et adapt\u00e9e.<\/p>\n<p><strong><em>L'endurance red\u00e9finie<\/em><\/strong><br \/>\nUne batterie de 4 800 mAh associ\u00e9e \u00e0 une conception \u00e0 faible consommation d'\u00e9nergie prolonge consid\u00e9rablement la dur\u00e9e d'utilisation. L'efficacit\u00e9 de l'appareil rend inutile le changement de batterie en cours de travail et son port Type-C prend en charge la charge rapide.<\/p>\n<p><strong><em>Android Enterprise Excellence<\/em><\/strong><br \/>\nPremier appareil Newland approuv\u00e9 par Android Enterprise, le NFT10 Pilot Pro garantit la conformit\u00e9 avec les services GMS et offre une exp\u00e9rience utilisateur de haut niveau.<\/p>\n<p><strong><em>Fiabilit\u00e9 \u00e0 toute \u00e9preuve<\/em><\/strong><br \/>\nConstruit pour r\u00e9sister aux conditions les plus difficiles, le bo\u00eetier robuste du NFT10 Pilot Pro est conforme aux normes IP67, ce qui le prot\u00e8ge de la poussi\u00e8re et de l'eau. Il est con\u00e7u pour r\u00e9sister \u00e0 des chutes de 1,5 m sur du b\u00e9ton.<\/p>\n<p><strong><em>Brillance biom\u00e9trique<\/em><\/strong><br \/>\nInt\u00e9grant des mesures de s\u00e9curit\u00e9 avanc\u00e9es, le terminal pda int\u00e8gre la biom\u00e9trie des empreintes digitales pour des connexions rapides et s\u00e9curis\u00e9es. Le d\u00e9verrouillage se fait facilement d'une seule main, sans qu'il soit n\u00e9cessaire de toucher l'\u00e9cran avant.<\/p>\n<p>NFT10 Pilot Pro Mobile Computer 5,7\u2033 Touch Screen (Black) avec 2D CMOS Imager with Laser Aimer, BT, WiFi (dual band), 4G, GPS et camera. Comprend une dragonne, un c\u00e2ble USB et un adaptateur multiprise. SYST\u00c8ME D'EXPLOITATION : Android 11 GMS.<\/p>","protected":false},"excerpt":{"rendered":"<p>Entrez dans une nouvelle \u00e8re de l'informatique mobile avec le Newland NFT10 Pilot Pro. Cet appareil fonctionnant sous Android a \u00e9t\u00e9 strat\u00e9giquement con\u00e7u pour allier la fonctionnalit\u00e9 robuste d'un PDA \u00e0 l'\u00e9l\u00e9gance d'un smartphone contemporain. Dot\u00e9 d'un g\u00e9n\u00e9reux \u00e9cran tactile de 5,7 pouces, ce terminal portable se distingue comme l'un des \u00e9crans les plus grands et les plus durables disponibles sur le march\u00e9. Pour les besoins sp\u00e9cifiques, une version blanche pour les soins de sant\u00e9 est \u00e9galement propos\u00e9e.<\/p>","protected":false},"featured_media":23418,"comment_status":"open","ping_status":"closed","template":"","meta":[],"product_cat":[3216],"product_tag":[1875,715,1693,3219,3217,3218,1436,1832],"acf":[],"_links":{"self":[{"href":"https:\/\/paymentdiscounter.com\/fr\/wp-json\/wp\/v2\/product\/23417"}],"collection":[{"href":"https:\/\/paymentdiscounter.com\/fr\/wp-json\/wp\/v2\/product"}],"about":[{"href":"https:\/\/paymentdiscounter.com\/fr\/wp-json\/wp\/v2\/types\/product"}],"replies":[{"embeddable":true,"href":"https:\/\/paymentdiscounter.com\/fr\/wp-json\/wp\/v2\/comments?post=23417"}],"version-history":[{"count":2,"href":"https:\/\/paymentdiscounter.com\/fr\/wp-json\/wp\/v2\/product\/23417\/revisions"}],"predecessor-version":[{"id":23423,"href":"https:\/\/paymentdiscounter.com\/fr\/wp-json\/wp\/v2\/product\/23417\/revisions\/23423"}],"wp:featuredmedia":[{"embeddable":true,"href":"https:\/\/paymentdiscounter.com\/fr\/wp-json\/wp\/v2\/media\/23418"}],"wp:attachment":[{"href":"https:\/\/paymentdiscounter.com\/fr\/wp-json\/wp\/v2\/media?parent=23417"}],"wp:term":[{"taxonomy":"product_cat","embeddable":true,"href":"https:\/\/paymentdiscounter.com\/fr\/wp-json\/wp\/v2\/product_cat?post=23417"},{"taxonomy":"product_tag","embeddable":true,"href":"https:\/\/paymentdiscounter.com\/fr\/wp-json\/wp\/v2\/product_tag?post=23417"}],"curies":[{"name":"wp","href":"https:\/\/api.w.org\/{rel}","templated":true}]}}