{"id":22997,"date":"2023-11-28T18:50:53","date_gmt":"2023-11-28T18:50:53","guid":{"rendered":"https:\/\/paymentdiscounter.com\/?post_type=product&#038;p=22997"},"modified":"2024-03-04T01:41:35","modified_gmt":"2024-03-04T01:41:35","slug":"sunmi-v3-mix","status":"publish","type":"product","link":"https:\/\/paymentdiscounter.com\/fr\/product\/sunmi-v3-mix\/","title":{"rendered":"Sunmi V3 Mix"},"content":{"rendered":"<p><strong><em>Sc\u00e9narios d'application :<\/em><\/strong><\/p>\n<ol>\n<li><strong>Commande \u00e0 la table :<\/strong>\n<ul>\n<li>Les clients peuvent naviguer et commander \u00e0 leur table pour une exp\u00e9rience plus rapide, ce qui permet au personnel de se concentrer davantage sur la qualit\u00e9 du service.<\/li>\n<\/ul>\n<\/li>\n<li><strong>Service personnalis\u00e9 :<\/strong>\n<ul>\n<li>\u00c9tablir des relations personnelles avec les clients, am\u00e9liorer les exp\u00e9riences et simplifier les processus de paiement.<\/li>\n<\/ul>\n<\/li>\n<li><strong>Drive Thru :<\/strong>\n<ul>\n<li>Permettre aux clients de commander et de payer sans quitter leur voiture.<\/li>\n<\/ul>\n<\/li>\n<li><strong>V\u00e9rification de l'inventaire :<\/strong>\n<ul>\n<li>Scannez les codes-barres ou les codes QR pour enregistrer les informations sur les produits et mettre \u00e0 jour les donn\u00e9es d'inventaire, ce qui permet d'obtenir des informations en temps r\u00e9el.<\/li>\n<\/ul>\n<\/li>\n<\/ol>\n<p><strong><em>MIX pour une plus grande extensibilit\u00e9 :<\/em><\/strong><\/p>\n<ul>\n<li>\u00c9cran IPS haute r\u00e9solution de 10\u2033 pour un grand angle de vision et une reproduction fid\u00e8le des couleurs.<\/li>\n<li>Imprimante thermique \u00e0 grande vitesse 58\/80 mm int\u00e9gr\u00e9e pour une impression sans faille.<\/li>\n<li>Lecteur NFC pour l'int\u00e9gration de SoftPOS supportant diff\u00e9rents types de cartes.<\/li>\n<li>Berceau fonctionnel rotatif sp\u00e9cialement con\u00e7u pour les accessoires tels que les tiroirs-caisses et les scanners portables.<\/li>\n<\/ul>\n<p><strong><em>Berceau multifonctions :<\/em><\/strong><\/p>\n<ul>\n<li>Options de berceaux rotatifs et non rotatifs.<\/li>\n<li>Les ports comprennent un port USB de type A, un port LAN RJ45, un port USB de type A, un port d'alimentation et un port RJ12 pour le tiroir-caisse.<\/li>\n<\/ul>\n<p><strong><em>MIX, Design Not Only for Payment :<\/em><\/strong><\/p>\n<ul>\n<li>Scanner professionnel avec lecture de codes-barres 1D\/2D int\u00e9gr\u00e9e.<\/li>\n<li>Cadre en alliage d'aluminium-magn\u00e9sium et \u00e9cran tactile incell pour plus de solidit\u00e9, de finesse et de l\u00e9g\u00e8ret\u00e9.<\/li>\n<li>Conception ergonomique pour une prise en main confortable.<\/li>\n<\/ul>\n<p><strong><em>Des accessoires pour des performances accrues :<\/em><\/strong><\/p>\n<ul>\n<li>Processeur Qualcomm hexa-core et 4 Go de RAM + 32 Go de ROM pour des performances \u00e9lev\u00e9es.<\/li>\n<li>SUNMI OS 4.0 apporte de puissantes fonctionnalit\u00e9s telles que la plateformisation, la connexion multiplateforme, les mises \u00e0 jour de s\u00e9curit\u00e9 et l'am\u00e9lioration des performances.<\/li>\n<\/ul>\n<p><strong><em>Sp\u00e9cifications techniques :<\/em><\/strong><\/p>\n<ul>\n<li><strong>Mod\u00e8le de produit :<\/strong> T5701<\/li>\n<li><strong>OS :<\/strong> SUNMI OS 4.0 (bas\u00e9 sur Android 13)<\/li>\n<li><strong>Processeur :<\/strong> Qualcomm hexa-core 2,4\/2,0 GHz<\/li>\n<li><strong>M\u00e9moire :<\/strong> 4GB RAM + 32GB ROM<\/li>\n<li><strong>Affichage :<\/strong> 10.1\u2033 HD 1280*800 IPS<\/li>\n<li><strong>Imprimante :<\/strong> Imprimante thermique, Vitesse d'impression : 70mm\/s<\/li>\n<li><strong>Cam\u00e9ra :<\/strong> Fa\u00e7ade 2MP FF, 0,3MP FF pour le paiement par code QR<\/li>\n<li><strong>Scanner :<\/strong> Scanner professionnel 2D<\/li>\n<li><strong>Wi-Fi :<\/strong> Prise en charge de l'IEEE 802.11 a\/b\/g\/n\/ac 2.4G\/5G<\/li>\n<li><strong>Batterie :<\/strong> Batterie amovible au lithium, 7,2V\/2600mAh<\/li>\n<li><strong>Dimensions :<\/strong> 246<em>231<\/em>73mm, Poids : 670g (58mm)<\/li>\n<li><strong>L'environnement :<\/strong> Temp\u00e9rature de fonctionnement : 0\u00b0C<del>45\u00b0C, Temp\u00e9rature de stockage : -20\u00b0C<\/del>60\u00b0C<\/li>\n<\/ul>\n<p>&nbsp;<\/p>","protected":false},"excerpt":{"rendered":"<p>Le SUNMI V3 MIX est une tablette d'entreprise polyvalente qui combine un \u00e9cran haute r\u00e9solution, une imprimante int\u00e9gr\u00e9e et des performances puissantes pour capter les entreprises. N'importe o\u00f9, n'importe quand. R\u00e9volutionnez votre entreprise, rationalisez vos op\u00e9rations et am\u00e9liorez l'exp\u00e9rience de vos clients.<\/p>","protected":false},"featured_media":23022,"comment_status":"open","ping_status":"closed","template":"","meta":[],"product_cat":[1555,3191],"product_tag":[1939,1874,3192,3193],"acf":[],"_links":{"self":[{"href":"https:\/\/paymentdiscounter.com\/fr\/wp-json\/wp\/v2\/product\/22997"}],"collection":[{"href":"https:\/\/paymentdiscounter.com\/fr\/wp-json\/wp\/v2\/product"}],"about":[{"href":"https:\/\/paymentdiscounter.com\/fr\/wp-json\/wp\/v2\/types\/product"}],"replies":[{"embeddable":true,"href":"https:\/\/paymentdiscounter.com\/fr\/wp-json\/wp\/v2\/comments?post=22997"}],"version-history":[{"count":3,"href":"https:\/\/paymentdiscounter.com\/fr\/wp-json\/wp\/v2\/product\/22997\/revisions"}],"predecessor-version":[{"id":23463,"href":"https:\/\/paymentdiscounter.com\/fr\/wp-json\/wp\/v2\/product\/22997\/revisions\/23463"}],"wp:featuredmedia":[{"embeddable":true,"href":"https:\/\/paymentdiscounter.com\/fr\/wp-json\/wp\/v2\/media\/23022"}],"wp:attachment":[{"href":"https:\/\/paymentdiscounter.com\/fr\/wp-json\/wp\/v2\/media?parent=22997"}],"wp:term":[{"taxonomy":"product_cat","embeddable":true,"href":"https:\/\/paymentdiscounter.com\/fr\/wp-json\/wp\/v2\/product_cat?post=22997"},{"taxonomy":"product_tag","embeddable":true,"href":"https:\/\/paymentdiscounter.com\/fr\/wp-json\/wp\/v2\/product_tag?post=22997"}],"curies":[{"name":"wp","href":"https:\/\/api.w.org\/{rel}","templated":true}]}}