{"id":22993,"date":"2023-11-28T18:32:43","date_gmt":"2023-11-28T18:32:43","guid":{"rendered":"https:\/\/paymentdiscounter.com\/?post_type=product&#038;p=22993"},"modified":"2023-12-02T12:54:50","modified_gmt":"2023-12-02T12:54:50","slug":"sunmi-t3-pro","status":"publish","type":"product","link":"https:\/\/paymentdiscounter.com\/fr\/product\/sunmi-t3-pro\/","title":{"rendered":"Sunmi T3 Pro"},"content":{"rendered":"<h6><strong>Sc\u00e9narios d'application :<\/strong><\/h6>\n<ol>\n<li><strong>Restaurant :<\/strong>\n<ul>\n<li>Gestion efficace des commandes et acceptation des paiements pour une meilleure exp\u00e9rience gastronomique.<\/li>\n<\/ul>\n<\/li>\n<li><strong>Boutique :<\/strong>\n<ul>\n<li>Gestion des membres et paiement en douceur avec prise en charge de diverses m\u00e9thodes de paiement, y compris SoftPos.<\/li>\n<\/ul>\n<\/li>\n<li><strong>Caf\u00e9 :<\/strong>\n<ul>\n<li>Optimisez la transparence vis-\u00e0-vis des clients gr\u00e2ce \u00e0 un affichage orient\u00e9 vers eux, mettant en valeur les informations promotionnelles, les offres group\u00e9es, les offres et les programmes d'adh\u00e9sion.<\/li>\n<\/ul>\n<\/li>\n<\/ol>\n<h6><strong>Une performance de premier plan :<\/strong><\/h6>\n<ul>\n<li>Des performances ultra-rapides gr\u00e2ce \u00e0 un processeur octa-core cadenc\u00e9 \u00e0 2,7 GHz.<\/li>\n<li>6 Go de RAM + 128 Go de ROM pour des capacit\u00e9s multit\u00e2ches sup\u00e9rieures.<\/li>\n<li>Jusqu'\u00e0 25% d'augmentation de la fr\u00e9quence du CPU, jusqu'\u00e0 50% d'augmentation de la m\u00e9moire et jusqu'\u00e0 150% d'augmentation des performances*.<\/li>\n<\/ul>\n<h6><strong>Excellence en mati\u00e8re d'ing\u00e9nierie :<\/strong><\/h6>\n<ul>\n<li>\u00c9cran haute r\u00e9solution 1920*1080 sans cadre avec une luminosit\u00e9 de 400nits.<\/li>\n<li>Un design inspir\u00e9 de l'a\u00e9rodynamisme pour plus de fluidit\u00e9 et de dynamisme.<\/li>\n<li>Aspect suspendu avec c\u00e2blage cach\u00e9 pour un comptoir bien rang\u00e9.<\/li>\n<li>Construction en alliage d'aluminium \u00e0 la fois durable et \u00e9l\u00e9gante.<\/li>\n<\/ul>\n<h6><strong>Conception interactive :<\/strong><\/h6>\n<ul>\n<li>D\u00e9verrouillage par empreinte digitale pour un acc\u00e8s rapide et s\u00e9curis\u00e9.<\/li>\n<li>\u00c9cran principal rabattable avec un angle r\u00e9glable de 125\u00b0 et plus de 100 000 cycles de rabattement*.<\/li>\n<li>NFC, SoftPOS pour des transactions pratiques.<\/li>\n<\/ul>\n<h6><strong>Des possibilit\u00e9s infinies :<\/strong><\/h6>\n<ul>\n<li>Conception modulaire avec des options pour les configurations 15,6\u2033+10,1\u2033, 15,6\u2033+15,6\u2033 et 15,6\u2033.<\/li>\n<li>T3 PRO MAX est \u00e9quip\u00e9 d'une imprimante Seiko interne \u00e0 grande vitesse pour une impression rapide aux heures de pointe.<\/li>\n<li>Personnalisable avec les logos et les couleurs de la marque pour une touche personnalis\u00e9e.<\/li>\n<\/ul>\n<p><strong>SUNMI OS 4.0 :<\/strong><\/p>\n<ul>\n<li>Des fonctions puissantes pour une exp\u00e9rience T3 PRO SERIES am\u00e9lior\u00e9e.<\/li>\n<li>Configuration conviviale du compte bas\u00e9e sur l'identifiant pour un d\u00e9ploiement en ligne.<\/li>\n<li>Renforcement de la protection de la vie priv\u00e9e des utilisateurs et de la s\u00e9curit\u00e9 des donn\u00e9es.<\/li>\n<\/ul>\n<p>&nbsp;<\/p>\n<h5><strong>Sp\u00e9cifications techniques :<\/strong><\/h5>\n<ul>\n<li><strong>Mod\u00e8le :<\/strong> L15B1<\/li>\n<li><strong>OS :<\/strong> SUNMI OS (bas\u00e9 sur Android 13)<\/li>\n<li><strong>CPU :<\/strong> Kyro-670 Qualcomm octa-core jusqu'\u00e0 2,7 GHz<\/li>\n<li><strong>M\u00e9moire :<\/strong> 6GB RAM + 128GB ROM<\/li>\n<li><strong>Affichage :<\/strong> 15,6\u2033 FHD 1920*1080, 400nits, anti-fingerprint (AF)<\/li>\n<li><strong>Cam\u00e9ra :<\/strong> Cam\u00e9ra frontale, objectif unique, 8MP<\/li>\n<li><strong>Lecteur de cartes :<\/strong> NFC \u00e0 l'\u00e9cran<\/li>\n<li><strong>R\u00e9seau :<\/strong> LAN 1000M, Wi-Fi 2.4GHz &amp; 5GHz &amp; 6GHz, Bluetooth 5.2 et BLE pris en charge<\/li>\n<li><strong>Ports :<\/strong> Ports USB multiples, RJ45, RJ11, RJ12, DC<\/li>\n<li><strong>Accessoires :<\/strong> Moniteur s\u00e9par\u00e9 de 15,6\u2033 (FHD 1920<em>1080), moniteur s\u00e9par\u00e9 de 10,1\u2033 (HD 1280<\/em>800)<\/li>\n<li><strong>Poids :<\/strong> T3 PRO : 3.3kg, 15.6\u2033 moniteur s\u00e9par\u00e9 : 1.7kg, 10.1\u2033 moniteur s\u00e9par\u00e9 : 0.9kg<\/li>\n<li><strong>L'environnement :<\/strong> Temp\u00e9rature de fonctionnement : 0\u00b0C~40\u00b0C, Temp\u00e9rature de stockage : -20\u00b0C\uff5e60\u00b0C<\/li>\n<li><strong>Dimensions :<\/strong> 298mm<em>371,5 mm<\/em>170 mm<\/li>\n<\/ul>\n<p>&nbsp;<\/p>","protected":false},"excerpt":{"rendered":"<p>Voici le SUNMI T3 PRO SERIES. Le prochain niveau de terminal Android de bureau intelligent. Le SUNMI T3 PRO SERIES red\u00e9finit le bureau Android, offrant des performances de pointe, une excellence technique et un design interactif pour une exp\u00e9rience utilisateur in\u00e9gal\u00e9e.<\/p>\n<p>Les terminaux de la s\u00e9rie T3 sont con\u00e7us pour une gestion transparente des commandes, des processus d'encaissement efficaces et une exp\u00e9rience client de qualit\u00e9 sup\u00e9rieure.<\/p>","protected":false},"featured_media":23030,"comment_status":"open","ping_status":"closed","template":"","meta":[],"product_cat":[1555,3183],"product_tag":[1939,1874,3184,3185],"acf":[],"_links":{"self":[{"href":"https:\/\/paymentdiscounter.com\/fr\/wp-json\/wp\/v2\/product\/22993"}],"collection":[{"href":"https:\/\/paymentdiscounter.com\/fr\/wp-json\/wp\/v2\/product"}],"about":[{"href":"https:\/\/paymentdiscounter.com\/fr\/wp-json\/wp\/v2\/types\/product"}],"replies":[{"embeddable":true,"href":"https:\/\/paymentdiscounter.com\/fr\/wp-json\/wp\/v2\/comments?post=22993"}],"version-history":[{"count":10,"href":"https:\/\/paymentdiscounter.com\/fr\/wp-json\/wp\/v2\/product\/22993\/revisions"}],"predecessor-version":[{"id":23461,"href":"https:\/\/paymentdiscounter.com\/fr\/wp-json\/wp\/v2\/product\/22993\/revisions\/23461"}],"wp:featuredmedia":[{"embeddable":true,"href":"https:\/\/paymentdiscounter.com\/fr\/wp-json\/wp\/v2\/media\/23030"}],"wp:attachment":[{"href":"https:\/\/paymentdiscounter.com\/fr\/wp-json\/wp\/v2\/media?parent=22993"}],"wp:term":[{"taxonomy":"product_cat","embeddable":true,"href":"https:\/\/paymentdiscounter.com\/fr\/wp-json\/wp\/v2\/product_cat?post=22993"},{"taxonomy":"product_tag","embeddable":true,"href":"https:\/\/paymentdiscounter.com\/fr\/wp-json\/wp\/v2\/product_tag?post=22993"}],"curies":[{"name":"wp","href":"https:\/\/api.w.org\/{rel}","templated":true}]}}