{"id":22983,"date":"2023-11-28T17:03:23","date_gmt":"2023-11-28T17:03:23","guid":{"rendered":"https:\/\/paymentdiscounter.com\/?post_type=product&#038;p=22983"},"modified":"2023-12-02T11:36:41","modified_gmt":"2023-12-02T11:36:41","slug":"sunmi-d2s","status":"publish","type":"product","link":"https:\/\/paymentdiscounter.com\/fr\/product\/sunmi-d2s\/","title":{"rendered":"Sunmi D2s"},"content":{"rendered":"<p><em>Caract\u00e9ristiques principales :<\/em><\/p>\n<ul>\n<li><strong>Faible encombrement :<\/strong> Un appareil compact, deux fois plus petit qu'un papier A4, qui permet d'optimiser l'espace en caisse.<\/li>\n<li><strong>Impression \u00e0 grande vitesse :<\/strong> \u00c9quip\u00e9 d'une imprimante Seiko de 58 mm pour une impression rapide et fluide \u00e0 160 mm\/s.<\/li>\n<li><strong>Double affichage :<\/strong> Utilisation simultan\u00e9e de l'\u00e9cran tactile principal de 15,6\u2033 et d'un \u00e9cran client de 10,1\u2033 ou 15,6\u2033 pour un passage en caisse et une promotion efficaces.<\/li>\n<li><strong>Options de la cam\u00e9ra :<\/strong> Trois configurations de cam\u00e9ras, dont une cam\u00e9ra \u00e0 lumi\u00e8re structur\u00e9e 3D pour une reconnaissance faciale s\u00e9curis\u00e9e.<\/li>\n<li><strong>Chemins de c\u00e2bles :<\/strong> Veiller \u00e0 ce que la table ne soit pas encombr\u00e9e, afin d'am\u00e9liorer l'esth\u00e9tique g\u00e9n\u00e9rale de la caisse.<\/li>\n<li><strong>Ports polyvalents :<\/strong> Ports multiples pour une meilleure extensibilit\u00e9 et la prise en charge de divers p\u00e9riph\u00e9riques.<\/li>\n<li><strong>D2s COMBO :<\/strong> Une solution tout-en-un avec \u00e9cran, imprimante, clavier et tiroir-caisse.<\/li>\n<\/ul>\n<p><em><strong><br \/>\nUtilisateurs :<\/strong><br \/>\n<\/em>Id\u00e9al pour les entreprises \u00e0 la recherche d'une solution POS efficace et peu encombrante :<\/p>\n<ul>\n<li><strong>D\u00e9panneurs :<\/strong> Optimisez les processus de paiement et augmentez les ventes gr\u00e2ce \u00e0 des transactions rapides.<\/li>\n<li><strong>Restaurants \u00e0 service rapide :<\/strong> Rationalisez les paiements mobiles, les commandes rapides et les rapports de vente.<\/li>\n<li><strong>Boutiques\/centres de th\u00e9 :<\/strong> Num\u00e9riser les processus de gestion et d'entreprise pour des op\u00e9rations plus intelligentes.<\/li>\n<\/ul>\n<p><strong><em>Solutions recommand\u00e9es :<\/em><\/strong><\/p>\n<ul>\n<li><strong>D2s COMBO :<\/strong> Parfait pour la vente au d\u00e9tail de divers produits, il permet l'allocation de la bande passante, la pr\u00e9vention des pertes et une gestion compl\u00e8te.<\/li>\n<li><strong>D2s :<\/strong> Con\u00e7u pour les petites et moyennes \u00e9piceries de quartier, il se concentre sur les paiements mobiles\/en esp\u00e8ces, la gestion des stocks et des membres.<\/li>\n<li><strong>D2s COMBO :<\/strong> Solution l\u00e9g\u00e8re et peu encombrante pour les restaurants \u00e0 service rapide permettant des paiements mobiles efficaces et le traitement des commandes.<\/li>\n<\/ul>\n<p><strong><em>Sp\u00e9cifications techniques :<\/em><\/strong><\/p>\n<ul>\n<li><strong>OS :<\/strong> SUNMI OS (<em>bas\u00e9 sur Android 7.1 pour Config 1\/2\/3, Android 11 pour Config 4\/5\/6<\/em>)<\/li>\n<li><strong>Processeur :<\/strong> Cortex-A17 quadric\u0153ur 1,6 GHz (Config 1\/2\/3), Cortex-A55 quadric\u0153ur 2,0 GHz (Config 4\/5\/6)<\/li>\n<li><strong>M\u00e9moire :<\/strong> 2GB RAM+8GB ROM (Config 1\/2\/3), 2GB RAM+16GB ROM\/4GB RAM+64GB ROM (Config 4\/5\/6)<\/li>\n<li><strong>Affiche :<\/strong> 15.6\u2033FHD, 1920*1080 Capacitive multi-touch (Principal), 10.1\u2033 ou 15.6\u2033 Capacitive multi-touch (Client)<\/li>\n<li><strong>Imprimante :<\/strong> Imprimante thermique int\u00e9gr\u00e9e de 58 mm (160 mm\/s)<\/li>\n<li><strong>Ports :<\/strong> USB, RJ11 s\u00e9rie, RJ12 tiroir-caisse, RJ45 LAN, prise audio, Micro USB d\u00e9bogage<\/li>\n<li><strong>Cam\u00e9ra :<\/strong> Cam\u00e9ra de reconnaissance faciale (en option)<\/li>\n<li><strong>Connectivit\u00e9 :<\/strong> Wi-Fi, Bluetooth, LAN<\/li>\n<li><strong>Adaptateur \u00e9lectrique :<\/strong> Entr\u00e9e AC 100~240V\/1,7A, sortie DC 24V\/2,5A<\/li>\n<li><strong>Dimensions :<\/strong> Varie en fonction des configurations<\/li>\n<li><strong>Poids total :<\/strong> Variable (Config 1\/4 : 3.2kg, Config 2\/5 : 3.9kg, Config 3\/6 : 4.8kg)<\/li>\n<li><strong>L'environnement :<\/strong> Temp\u00e9rature de fonctionnement : 0\u00b0C<del>40\u00b0C, Temp\u00e9rature de stockage : -20\u00b0C<\/del>60\u00b0C<\/li>\n<\/ul>","protected":false},"excerpt":{"rendered":"<p>Am\u00e9liorez votre exp\u00e9rience de la caisse avec le SUNMI D2s compact. Le SUNMI D2s est un syst\u00e8me de point de vente de bureau qui red\u00e9finit les caisses. Avec un encombrement \u00e9quivalent au format A5, il optimise chaque centim\u00e8tre d'espace. Dot\u00e9 d'une imprimante Seiko 58 mm int\u00e9gr\u00e9e, d'un double affichage et de diverses options de cam\u00e9ra, ce terminal offre davantage de possibilit\u00e9s pour des transactions transparentes et des activit\u00e9s promotionnelles.<\/p>","protected":false},"featured_media":23081,"comment_status":"open","ping_status":"closed","template":"","meta":[],"product_cat":[1555,3164],"product_tag":[3157,1939,1874],"acf":[],"_links":{"self":[{"href":"https:\/\/paymentdiscounter.com\/fr\/wp-json\/wp\/v2\/product\/22983"}],"collection":[{"href":"https:\/\/paymentdiscounter.com\/fr\/wp-json\/wp\/v2\/product"}],"about":[{"href":"https:\/\/paymentdiscounter.com\/fr\/wp-json\/wp\/v2\/types\/product"}],"replies":[{"embeddable":true,"href":"https:\/\/paymentdiscounter.com\/fr\/wp-json\/wp\/v2\/comments?post=22983"}],"version-history":[{"count":4,"href":"https:\/\/paymentdiscounter.com\/fr\/wp-json\/wp\/v2\/product\/22983\/revisions"}],"predecessor-version":[{"id":23435,"href":"https:\/\/paymentdiscounter.com\/fr\/wp-json\/wp\/v2\/product\/22983\/revisions\/23435"}],"wp:featuredmedia":[{"embeddable":true,"href":"https:\/\/paymentdiscounter.com\/fr\/wp-json\/wp\/v2\/media\/23081"}],"wp:attachment":[{"href":"https:\/\/paymentdiscounter.com\/fr\/wp-json\/wp\/v2\/media?parent=22983"}],"wp:term":[{"taxonomy":"product_cat","embeddable":true,"href":"https:\/\/paymentdiscounter.com\/fr\/wp-json\/wp\/v2\/product_cat?post=22983"},{"taxonomy":"product_tag","embeddable":true,"href":"https:\/\/paymentdiscounter.com\/fr\/wp-json\/wp\/v2\/product_tag?post=22983"}],"curies":[{"name":"wp","href":"https:\/\/api.w.org\/{rel}","templated":true}]}}