{"id":22845,"date":"2023-11-24T20:54:45","date_gmt":"2023-11-24T20:54:45","guid":{"rendered":"https:\/\/paymentdiscounter.com\/?post_type=product&#038;p=22845"},"modified":"2023-11-24T21:06:27","modified_gmt":"2023-11-24T21:06:27","slug":"station-daccueil-castles-v3b3","status":"publish","type":"product","link":"https:\/\/paymentdiscounter.com\/fr\/product\/station-daccueil-castles-v3b3\/","title":{"rendered":"Castles V3B3 Dockingstation"},"content":{"rendered":"<p>La station d'accueil Castles V3B3 est une station d'accueil polyvalente con\u00e7ue pour recharger votre terminal de paiement mobile. Le socle V3B3 a un design \u00e9l\u00e9gant et compact qui peut facilement \u00eatre plac\u00e9 sur votre comptoir ou \u00e0 la caisse. Le fond de la station de charge est dot\u00e9 de nervures antid\u00e9rapantes qui l'emp\u00eachent de glisser ou de s'ab\u00eemer. De plus, la station de recharge est \u00e9quip\u00e9e d'un voyant lumineux sur la face avant qui vous permet de voir si les terminaux sont correctement recharg\u00e9s.<\/p>\n<p>Avec cette station de base, charger vos terminaux de paiement n'a jamais \u00e9t\u00e9 aussi facile. Ce produit est indispensable pour tous ceux qui recherchent un moyen pratique et efficace de charger leur terminal.<\/p>","protected":false},"excerpt":{"rendered":"<p>La station d'accueil Castles V3B3 est une station d'accueil polyvalente con\u00e7ue pour recharger votre terminal de paiement mobile. Le socle V3B3 a un design \u00e9l\u00e9gant et compact qui peut facilement \u00eatre plac\u00e9 sur votre comptoir ou \u00e0 la caisse. Le fond de la station de charge est dot\u00e9 de nervures antid\u00e9rapantes qui l'emp\u00eachent de glisser ou de s'ab\u00eemer. De plus, la station de recharge est \u00e9quip\u00e9e d'un voyant lumineux sur la face avant qui vous permet de voir si les terminaux sont correctement recharg\u00e9s.<\/p>","protected":false},"featured_media":0,"comment_status":"open","ping_status":"closed","template":"","meta":[],"product_cat":[3145],"product_tag":[3146,690,694,3147],"acf":[],"_links":{"self":[{"href":"https:\/\/paymentdiscounter.com\/fr\/wp-json\/wp\/v2\/product\/22845"}],"collection":[{"href":"https:\/\/paymentdiscounter.com\/fr\/wp-json\/wp\/v2\/product"}],"about":[{"href":"https:\/\/paymentdiscounter.com\/fr\/wp-json\/wp\/v2\/types\/product"}],"replies":[{"embeddable":true,"href":"https:\/\/paymentdiscounter.com\/fr\/wp-json\/wp\/v2\/comments?post=22845"}],"version-history":[{"count":1,"href":"https:\/\/paymentdiscounter.com\/fr\/wp-json\/wp\/v2\/product\/22845\/revisions"}],"predecessor-version":[{"id":22846,"href":"https:\/\/paymentdiscounter.com\/fr\/wp-json\/wp\/v2\/product\/22845\/revisions\/22846"}],"wp:attachment":[{"href":"https:\/\/paymentdiscounter.com\/fr\/wp-json\/wp\/v2\/media?parent=22845"}],"wp:term":[{"taxonomy":"product_cat","embeddable":true,"href":"https:\/\/paymentdiscounter.com\/fr\/wp-json\/wp\/v2\/product_cat?post=22845"},{"taxonomy":"product_tag","embeddable":true,"href":"https:\/\/paymentdiscounter.com\/fr\/wp-json\/wp\/v2\/product_tag?post=22845"}],"curies":[{"name":"wp","href":"https:\/\/api.w.org\/{rel}","templated":true}]}}