{"id":22602,"date":"2023-10-12T20:56:12","date_gmt":"2023-10-12T20:56:12","guid":{"rendered":"https:\/\/paymentdiscounter.com\/?post_type=product&#038;p=22602"},"modified":"2025-07-21T10:20:09","modified_gmt":"2025-07-21T10:20:09","slug":"ingenico-link-2500-terminal-case","status":"publish","type":"product","link":"https:\/\/paymentdiscounter.com\/fr\/product\/ingenico-link-2500-terminal-case\/","title":{"rendered":"Bo\u00eete \u00e0 bornes Link 2500 d'Ingenico"},"content":{"rendered":"<p><strong>Bo\u00eete \u00e0 bornes Link 2500 d'Ingenico<\/strong><br \/>\nSi vous recevez r\u00e9guli\u00e8rement des paiements par carte de d\u00e9bit dans des lieux tels que les march\u00e9s, les caf\u00e9s, les restaurants ou chez des particuliers, l'utilisation d'un \u00e9tui de protection Ingenico Link 2500 peut s'av\u00e9rer tr\u00e8s utile. Ainsi, votre machine est encore mieux prot\u00e9g\u00e9e contre les accidents et les dommages et vous \u00e9vitez les dysfonctionnements de votre terminal de paiement Ingenico. L'\u00e9tui de protection Ingenico est fabriqu\u00e9 en silicone, ce qui le rend facile \u00e0 tenir et vous donne une meilleure prise sur le terminal.<\/p>\n<p><strong>Nouvelles am\u00e9liorations<\/strong><br \/>\nLa housse de protection du Link 2500 a des c\u00f4t\u00e9s sur\u00e9lev\u00e9s, ce qui signifie qu'il y a moins de risques d'endommager le terminal s'il vous \u00e9chappe des mains.<\/p>\n<p>Il n'est pas n\u00e9cessaire de retirer le pare-chocs en silicone avant d'effectuer un paiement. Le pare-chocs de protection a \u00e9t\u00e9 con\u00e7u de telle sorte qu'il est facile \u00e0 utiliser tout au long de la journ\u00e9e. \u00c0 la fin de la journ\u00e9e, vous pouvez facilement retirer la protection et la nettoyer sous le robinet.<\/p>\n<p>&nbsp;<\/p>","protected":false},"excerpt":{"rendered":"<p>Avec l'\u00e9tui de protection Ingenico Link 2500, vous vous assurez que votre terminal de paiement mobile est mieux prot\u00e9g\u00e9 contre les dommages caus\u00e9s par l'eau, les chocs et les chutes. L'utilisation d'un pare-chocs pour terminal de paiement peut \u00e9viter d'endommager ou de remplacer votre lecteur et constitue un moyen facile de conserver votre terminal de paiement plus longtemps en bon \u00e9tat.<\/p>","protected":false},"featured_media":35712,"comment_status":"open","ping_status":"closed","template":"","meta":[],"product_cat":[705,1466],"product_tag":[3840,901,1375,3020,1469,3026,891,735,3844,996],"acf":[],"_links":{"self":[{"href":"https:\/\/paymentdiscounter.com\/fr\/wp-json\/wp\/v2\/product\/22602"}],"collection":[{"href":"https:\/\/paymentdiscounter.com\/fr\/wp-json\/wp\/v2\/product"}],"about":[{"href":"https:\/\/paymentdiscounter.com\/fr\/wp-json\/wp\/v2\/types\/product"}],"replies":[{"embeddable":true,"href":"https:\/\/paymentdiscounter.com\/fr\/wp-json\/wp\/v2\/comments?post=22602"}],"version-history":[{"count":5,"href":"https:\/\/paymentdiscounter.com\/fr\/wp-json\/wp\/v2\/product\/22602\/revisions"}],"predecessor-version":[{"id":36635,"href":"https:\/\/paymentdiscounter.com\/fr\/wp-json\/wp\/v2\/product\/22602\/revisions\/36635"}],"wp:featuredmedia":[{"embeddable":true,"href":"https:\/\/paymentdiscounter.com\/fr\/wp-json\/wp\/v2\/media\/35712"}],"wp:attachment":[{"href":"https:\/\/paymentdiscounter.com\/fr\/wp-json\/wp\/v2\/media?parent=22602"}],"wp:term":[{"taxonomy":"product_cat","embeddable":true,"href":"https:\/\/paymentdiscounter.com\/fr\/wp-json\/wp\/v2\/product_cat?post=22602"},{"taxonomy":"product_tag","embeddable":true,"href":"https:\/\/paymentdiscounter.com\/fr\/wp-json\/wp\/v2\/product_tag?post=22602"}],"curies":[{"name":"wp","href":"https:\/\/api.w.org\/{rel}","templated":true}]}}