{"id":20043,"date":"2023-04-21T19:18:26","date_gmt":"2023-04-21T19:18:26","guid":{"rendered":"https:\/\/paymentdiscounter.com\/?post_type=product&#038;p=20043"},"modified":"2023-04-25T05:59:42","modified_gmt":"2023-04-25T05:59:42","slug":"clavier-sunmi","status":"publish","type":"product","link":"https:\/\/paymentdiscounter.com\/fr\/product\/clavier-sunmi\/","title":{"rendered":"Clavier Sunmi"},"content":{"rendered":"<p>Le clavier Sunmi est sp\u00e9cialement con\u00e7u pour \u00eatre utilis\u00e9 avec les caisses enregistreuses Android et offre plusieurs fonctions utiles pour rendre le processus de paiement plus rapide et plus facile.<\/p>\n<p><strong>Compact et enti\u00e8rement \u00e9quip\u00e9<\/strong><br \/>\nLe clavier Sunmi se compose de 89 touches et est con\u00e7u dans un design petit et compact. Le clavier mesure 276 mm de large et ses bords sont \u00e9troits, ce qui le rend plus compact qu'un clavier Apple. Les touches num\u00e9riques sur le c\u00f4t\u00e9 droit ont \u00e9t\u00e9 agrandies, ce qui est utile pour les employ\u00e9s qui tapent beaucoup.<\/p>\n<p><strong>Touches programmables<\/strong><br \/>\nL'une des fonctions utiles du clavier Sunmi est la possibilit\u00e9 de programmer 16 touches. Cela signifie que vous pouvez programmer des fonctions fr\u00e9quemment utilis\u00e9es ou des raccourcis sur les touches, ce qui rend l'utilisation de la caisse enregistreuse encore plus efficace. Vous pouvez \u00e9galement programmer une touche pour ouvrir le tiroir-caisse d'une simple pression sur un bouton.<\/p>\n<p><strong>R\u00e9sistant \u00e0 l'eau et facile \u00e0 nettoyer<\/strong><br \/>\nLe clavier a \u00e9t\u00e9 con\u00e7u dans un souci de professionnalisme. Il est \u00e9quip\u00e9 d'une protection professionnelle contre les infiltrations (IPX5) pour prot\u00e9ger le clavier contre l'eau. En outre, le clavier peut \u00eatre facilement secou\u00e9 apr\u00e8s utilisation pour \u00e9liminer l'eau. Cette caract\u00e9ristique est particuli\u00e8rement utile dans les environnements o\u00f9 le clavier est souvent expos\u00e9 \u00e0 des liquides, comme dans une cuisine ou un restaurant-bar.<\/p>\n<p><strong>Durable et fiable<\/strong><br \/>\nLe clavier Sunmi est con\u00e7u pour durer tr\u00e8s longtemps. Les touches POM sont con\u00e7ues pour fonctionner ind\u00e9pendamment et peuvent \u00eatre press\u00e9es jusqu'\u00e0 15 millions de fois. Cela signifie que le clavier a une longue dur\u00e9e de vie et qu'il est tr\u00e8s fiable. M\u00eame en cas d'utilisation intensive.<\/p>\n<p><strong>Les principales sp\u00e9cifications :<\/strong><\/p>\n<ul>\n<li>Dimensions : 276mm x 146mm x 30mm<\/li>\n<li>Poids : 470g<\/li>\n<li>Clavier commercial \u00e0 89 touches<\/li>\n<li>R\u00e9sistant \u00e0 l'eau avec une classification IPX5<\/li>\n<li>16 touches programmables<\/li>\n<li>Touche de raccourci pour l'argent liquide<\/li>\n<\/ul>","protected":false},"excerpt":{"rendered":"<p>Le clavier Sunmi se compose de 89 touches et est con\u00e7u dans un design petit et compact. Le clavier mesure 276 mm de large et ses bords sont \u00e9troits, ce qui le rend plus compact qu'un clavier Apple.<\/p>\n<p>Le clavier Sunmi est sp\u00e9cialement con\u00e7u pour \u00eatre utilis\u00e9 avec les caisses enregistreuses Android et offre plusieurs fonctions utiles pour rendre le processus de paiement plus rapide et plus facile.<\/p>","protected":false},"featured_media":20050,"comment_status":"open","ping_status":"closed","template":"","meta":[],"product_cat":[1555],"product_tag":[2730,1874,2704,2731],"acf":[],"_links":{"self":[{"href":"https:\/\/paymentdiscounter.com\/fr\/wp-json\/wp\/v2\/product\/20043"}],"collection":[{"href":"https:\/\/paymentdiscounter.com\/fr\/wp-json\/wp\/v2\/product"}],"about":[{"href":"https:\/\/paymentdiscounter.com\/fr\/wp-json\/wp\/v2\/types\/product"}],"replies":[{"embeddable":true,"href":"https:\/\/paymentdiscounter.com\/fr\/wp-json\/wp\/v2\/comments?post=20043"}],"version-history":[{"count":2,"href":"https:\/\/paymentdiscounter.com\/fr\/wp-json\/wp\/v2\/product\/20043\/revisions"}],"predecessor-version":[{"id":20070,"href":"https:\/\/paymentdiscounter.com\/fr\/wp-json\/wp\/v2\/product\/20043\/revisions\/20070"}],"wp:featuredmedia":[{"embeddable":true,"href":"https:\/\/paymentdiscounter.com\/fr\/wp-json\/wp\/v2\/media\/20050"}],"wp:attachment":[{"href":"https:\/\/paymentdiscounter.com\/fr\/wp-json\/wp\/v2\/media?parent=20043"}],"wp:term":[{"taxonomy":"product_cat","embeddable":true,"href":"https:\/\/paymentdiscounter.com\/fr\/wp-json\/wp\/v2\/product_cat?post=20043"},{"taxonomy":"product_tag","embeddable":true,"href":"https:\/\/paymentdiscounter.com\/fr\/wp-json\/wp\/v2\/product_tag?post=20043"}],"curies":[{"name":"wp","href":"https:\/\/api.w.org\/{rel}","templated":true}]}}