{"id":19716,"date":"2023-04-10T17:36:18","date_gmt":"2023-04-10T17:36:18","guid":{"rendered":"https:\/\/paymentdiscounter.com\/?post_type=product&#038;p=19716"},"modified":"2026-03-07T11:53:06","modified_gmt":"2026-03-07T11:53:06","slug":"pax-a920-drive-thru-stick-extender","status":"publish","type":"product","link":"https:\/\/paymentdiscounter.com\/fr\/product\/pax-a920-drive-thru-stick-extender\/","title":{"rendered":"Pax A920 Prolongateur de b\u00e2ton de conduite"},"content":{"rendered":"<p><strong>Pax A920 Prolongateur de b\u00e2ton de conduite<\/strong><br \/>\nCe produit est un b\u00e2ton de terminal de paiement compact et l\u00e9ger con\u00e7u sp\u00e9cialement pour les drive-in. Mesurant 42 cm de long et pesant seulement 225 grammes, le Drive-thru extender est \u00e9quip\u00e9 d'une plaque arri\u00e8re qui se fixe solidement au terminal de paiement A920. La plaque arri\u00e8re est con\u00e7ue sur mesure pour l'A920 et permet d'installer et de retirer facilement le terminal. Si vous passez \u00e0 un nouveau type de terminal de paiement, il vous suffit de remplacer la plaque arri\u00e8re par un nouveau mod\u00e8le et vous \u00eates \u00e0 nouveau pr\u00eat \u00e0 utiliser le prolongateur.<\/p>\n<p>L'un des principaux avantages de cette cl\u00e9 de paiement est qu'elle permet d'\u00e9viter d'endommager les c\u00e2bles. Les c\u00e2bles endommag\u00e9s peuvent provoquer des courts-circuits qui peuvent ensuite entra\u00eener d'autres probl\u00e8mes li\u00e9s au logiciel. La cl\u00e9 de paiement A920 Drive True Stick est \u00e9quip\u00e9e d'un conduit de c\u00e2bles int\u00e9gr\u00e9 qui garantit que les c\u00e2bles de votre terminal de paiement sont toujours bien prot\u00e9g\u00e9s.<\/p>\n<p>En plus de la cl\u00e9 de paiement, un support est \u00e9galement disponible. Le support peut \u00eatre facilement fix\u00e9 au mur ou sur d'autres surfaces. Ce support offre une protection optimale contre les accidents et les dommages caus\u00e9s \u00e0 votre terminal de paiement. Lorsque vous souhaitez effectuer une nouvelle transaction, il vous suffit de retirer la cl\u00e9 de paiement de son support et vous \u00eates pr\u00eat \u00e0 accepter des paiements.<\/p>","protected":false},"excerpt":{"rendered":"<p>Le FlexiPole\u2122 Pax A920 Drive True Stick est un outil extr\u00eamement pratique pour les commerces disposant d'un drive-thru tels que McDonald's ou KFC. Cette perche d'extension permet au client de rester dans sa voiture tandis que le terminal de paiement reste solidement fix\u00e9 au support. Le support est l\u00e9ger et ergonomique pour plus de confort.<\/p>\n<p>Ce produit est con\u00e7u pour am\u00e9liorer l'exp\u00e9rience du client dans les situations de vente au volant en facilitant et en s\u00e9curisant le traitement des paiements.<\/p>","protected":false},"featured_media":19720,"comment_status":"open","ping_status":"closed","template":"","meta":[],"product_cat":[730,1485],"product_tag":[2610,3349,1325,2615,728,1488,1326,768],"acf":[],"_links":{"self":[{"href":"https:\/\/paymentdiscounter.com\/fr\/wp-json\/wp\/v2\/product\/19716"}],"collection":[{"href":"https:\/\/paymentdiscounter.com\/fr\/wp-json\/wp\/v2\/product"}],"about":[{"href":"https:\/\/paymentdiscounter.com\/fr\/wp-json\/wp\/v2\/types\/product"}],"replies":[{"embeddable":true,"href":"https:\/\/paymentdiscounter.com\/fr\/wp-json\/wp\/v2\/comments?post=19716"}],"version-history":[{"count":1,"href":"https:\/\/paymentdiscounter.com\/fr\/wp-json\/wp\/v2\/product\/19716\/revisions"}],"predecessor-version":[{"id":19722,"href":"https:\/\/paymentdiscounter.com\/fr\/wp-json\/wp\/v2\/product\/19716\/revisions\/19722"}],"wp:featuredmedia":[{"embeddable":true,"href":"https:\/\/paymentdiscounter.com\/fr\/wp-json\/wp\/v2\/media\/19720"}],"wp:attachment":[{"href":"https:\/\/paymentdiscounter.com\/fr\/wp-json\/wp\/v2\/media?parent=19716"}],"wp:term":[{"taxonomy":"product_cat","embeddable":true,"href":"https:\/\/paymentdiscounter.com\/fr\/wp-json\/wp\/v2\/product_cat?post=19716"},{"taxonomy":"product_tag","embeddable":true,"href":"https:\/\/paymentdiscounter.com\/fr\/wp-json\/wp\/v2\/product_tag?post=19716"}],"curies":[{"name":"wp","href":"https:\/\/api.w.org\/{rel}","templated":true}]}}