{"id":19708,"date":"2023-04-10T17:09:06","date_gmt":"2023-04-10T17:09:06","guid":{"rendered":"https:\/\/paymentdiscounter.com\/?post_type=product&#038;p=19708"},"modified":"2026-02-03T16:29:39","modified_gmt":"2026-02-03T16:29:39","slug":"pax-a77-dockingstation-multi","status":"publish","type":"product","link":"https:\/\/paymentdiscounter.com\/fr\/product\/pax-a77-dockingstation-multi\/","title":{"rendered":"Pax A77 Dockingstation Multi"},"content":{"rendered":"<p>La base de chargement multiple Pax B78 est une station d'accueil polyvalente con\u00e7ue pour charger simultan\u00e9ment jusqu'\u00e0 5 terminaux Pax A77. Cette station de charge est id\u00e9ale pour les propri\u00e9taires d'entreprises qui utilisent plusieurs terminaux de paiement dans leur entreprise. L'avantage est qu'il n'est pas n\u00e9cessaire d'acheter plusieurs stations d'accueil et qu'il est possible de charger plusieurs terminaux simultan\u00e9ment \u00e0 l'aide d'une seule unit\u00e9.<\/p>\n<p>La base de recharge polyvalente Pax B78 a un design \u00e9l\u00e9gant et compact qui peut facilement \u00eatre plac\u00e9 sur votre comptoir ou \u00e0 la caisse. Le fond de la station de charge est dot\u00e9 de nervures antid\u00e9rapantes qui l'emp\u00eachent de glisser ou de s'ab\u00eemer. En outre, la station de charge est \u00e9quip\u00e9e d'un voyant lumineux sur la face avant qui vous permet de voir si les terminaux sont correctement charg\u00e9s.<\/p>\n<p>Avec ce chargeur multiple original de Pax, charger vos terminaux de paiement n'a jamais \u00e9t\u00e9 aussi facile. Ce produit est indispensable pour tous ceux qui recherchent un moyen pratique et efficace de charger plusieurs terminaux de paiement.<\/p>\n<p><strong>Voici quelques-uns des avantages de ce mod\u00e8le :<\/strong><\/p>\n<ul>\n<li>Produit original Pax (B78-BC-1EA)<\/li>\n<li>Charge jusqu'\u00e0 5 terminaux simultan\u00e9ment<\/li>\n<li>Ne n\u00e9cessite qu'une seule prise de courant<\/li>\n<li>L'alimentation \u00e9lectrique est incluse<\/li>\n<\/ul>","protected":false},"excerpt":{"rendered":"<p>La base de chargement multiple Pax B78 est une station de chargement polyvalente con\u00e7ue pour charger simultan\u00e9ment jusqu'\u00e0 5 terminaux de paiement Pax A77. Cette base de chargement est id\u00e9ale pour les propri\u00e9taires d'entreprises qui utilisent plusieurs terminaux de paiement dans leur entreprise. L'avantage principal est qu'il n'est pas n\u00e9cessaire d'acheter des stations d'accueil s\u00e9par\u00e9es, mais avec une seule unit\u00e9 vous pouvez charger plusieurs terminaux en m\u00eame temps.<\/p>\n<p>Il est important de noter que le Pax A77 est un terminal de paiement populaire utilis\u00e9 dans diverses entreprises telles que les restaurants, les magasins de d\u00e9tail et d'autres \u00e9tablissements. La base de chargement simplifie le processus de chargement, d'organisation et d'accessibilit\u00e9 des terminaux pour les membres du personnel. De plus, la base de chargement Pax B78 est compacte et peut \u00eatre plac\u00e9e sur un comptoir ou un bureau.<\/p>","protected":false},"featured_media":19760,"comment_status":"open","ping_status":"closed","template":"","meta":[],"product_cat":[730,1482],"product_tag":[2625,3334,690,694,728,1438,2611,1314,2609],"acf":[],"_links":{"self":[{"href":"https:\/\/paymentdiscounter.com\/fr\/wp-json\/wp\/v2\/product\/19708"}],"collection":[{"href":"https:\/\/paymentdiscounter.com\/fr\/wp-json\/wp\/v2\/product"}],"about":[{"href":"https:\/\/paymentdiscounter.com\/fr\/wp-json\/wp\/v2\/types\/product"}],"replies":[{"embeddable":true,"href":"https:\/\/paymentdiscounter.com\/fr\/wp-json\/wp\/v2\/comments?post=19708"}],"version-history":[{"count":2,"href":"https:\/\/paymentdiscounter.com\/fr\/wp-json\/wp\/v2\/product\/19708\/revisions"}],"predecessor-version":[{"id":19764,"href":"https:\/\/paymentdiscounter.com\/fr\/wp-json\/wp\/v2\/product\/19708\/revisions\/19764"}],"wp:featuredmedia":[{"embeddable":true,"href":"https:\/\/paymentdiscounter.com\/fr\/wp-json\/wp\/v2\/media\/19760"}],"wp:attachment":[{"href":"https:\/\/paymentdiscounter.com\/fr\/wp-json\/wp\/v2\/media?parent=19708"}],"wp:term":[{"taxonomy":"product_cat","embeddable":true,"href":"https:\/\/paymentdiscounter.com\/fr\/wp-json\/wp\/v2\/product_cat?post=19708"},{"taxonomy":"product_tag","embeddable":true,"href":"https:\/\/paymentdiscounter.com\/fr\/wp-json\/wp\/v2\/product_tag?post=19708"}],"curies":[{"name":"wp","href":"https:\/\/api.w.org\/{rel}","templated":true}]}}