{"id":19333,"date":"2023-04-06T20:09:00","date_gmt":"2023-04-06T20:09:00","guid":{"rendered":"https:\/\/paymentdiscounter.com\/?post_type=product&#038;p=19333"},"modified":"2025-07-31T15:13:06","modified_gmt":"2025-07-31T15:13:06","slug":"pax-a920-stand-complet-havis","status":"publish","type":"product","link":"https:\/\/paymentdiscounter.com\/fr\/product\/pax-a920-stand-complet-havis\/","title":{"rendered":"Pax A920 Stand complet"},"content":{"rendered":"<p><strong>Pax A920 Stand Complete | 18 cm<\/strong><br \/>\nLe support Pax A920 est la m\u00e9thode id\u00e9ale pour fixer votre terminal de paiement sur un mur ou un comptoir. Le support est \u00e9quip\u00e9 d'une base pivotante qui permet de tourner facilement le terminal de paiement si n\u00e9cessaire. En outre, vous pouvez facilement r\u00e9gler l'orientation de la vue de haut en bas. Cela peut \u00eatre un compl\u00e9ment pratique pour les personnes en fauteuil roulant.<\/p>\n<p><strong>Le support Pax est disponible en 3 mod\u00e8les :<\/strong><br \/>\n- Un support fixe de 18 cm de haut. Le mod\u00e8le le plus vendu.<br \/>\n- Un mod\u00e8le compact fixe de moindre hauteur. 140c rotatif.<br \/>\n- Le dernier mod\u00e8le est destin\u00e9 \u00e0 \u00eatre mont\u00e9 contre votre mur ou votre paroi. Il est souvent utilis\u00e9 dans les caf\u00e9s ou les bars o\u00f9 le terminal est plac\u00e9 \u00e0 proximit\u00e9 de la caisse enregistreuse.<\/p>\n<p><strong>Avantages<\/strong><\/p>\n<ul>\n<li>Le support du terminal est facile \u00e0 fixer. .<\/li>\n<li>Votre terminal est sur\u00e9lev\u00e9 et renforc\u00e9 pour une s\u00e9curit\u00e9 et une stabilit\u00e9 accrues.<\/li>\n<li>Le support est inclinable jusqu'\u00e0 140 degr\u00e9s. Il permet d'obtenir un angle de vision confortable et personnalisable.<\/li>\n<li>Pivotant jusqu'\u00e0 330 degr\u00e9s, il est facile d'y acc\u00e9der depuis n'importe quelle direction.<\/li>\n<li>Facile \u00e0 fixer gr\u00e2ce \u00e0 une plaque de montage qui assure une installation s\u00fbre et fiable.<\/li>\n<li>En option, il peut \u00eatre fix\u00e9 \u00e0 l'aide d'une bande adh\u00e9sive ronde.<\/li>\n<li>Emp\u00eache la rupture des c\u00e2bles et garantit leur durabilit\u00e9 \u00e0 long terme.<\/li>\n<\/ul>","protected":false},"excerpt":{"rendered":"<p>Le support Pax A920 permet de fixer facilement votre terminal de paiement \u00e0 votre comptoir ou \u00e0 votre bureau. Ce support de terminal peut pivoter jusqu'\u00e0 330 degr\u00e9s, ce qui facilite son utilisation par les clients et les employ\u00e9s. En outre, il permet d'\u00e9viter les dommages et de cr\u00e9er un espace de travail mieux organis\u00e9.<\/p>\n<p>Le support simplifie le processus de fixation de votre terminal de paiement \u00e0 votre espace de travail, tout en am\u00e9liorant sa fonctionnalit\u00e9 et en minimisant les dommages.<\/p>","protected":false},"featured_media":19340,"comment_status":"open","ping_status":"closed","template":"","meta":[],"product_cat":[730,1485],"product_tag":[2610,3333,3349,2615,728,1488,2611,908,909,1326],"acf":[],"_links":{"self":[{"href":"https:\/\/paymentdiscounter.com\/fr\/wp-json\/wp\/v2\/product\/19333"}],"collection":[{"href":"https:\/\/paymentdiscounter.com\/fr\/wp-json\/wp\/v2\/product"}],"about":[{"href":"https:\/\/paymentdiscounter.com\/fr\/wp-json\/wp\/v2\/types\/product"}],"replies":[{"embeddable":true,"href":"https:\/\/paymentdiscounter.com\/fr\/wp-json\/wp\/v2\/comments?post=19333"}],"version-history":[{"count":5,"href":"https:\/\/paymentdiscounter.com\/fr\/wp-json\/wp\/v2\/product\/19333\/revisions"}],"predecessor-version":[{"id":19354,"href":"https:\/\/paymentdiscounter.com\/fr\/wp-json\/wp\/v2\/product\/19333\/revisions\/19354"}],"wp:featuredmedia":[{"embeddable":true,"href":"https:\/\/paymentdiscounter.com\/fr\/wp-json\/wp\/v2\/media\/19340"}],"wp:attachment":[{"href":"https:\/\/paymentdiscounter.com\/fr\/wp-json\/wp\/v2\/media?parent=19333"}],"wp:term":[{"taxonomy":"product_cat","embeddable":true,"href":"https:\/\/paymentdiscounter.com\/fr\/wp-json\/wp\/v2\/product_cat?post=19333"},{"taxonomy":"product_tag","embeddable":true,"href":"https:\/\/paymentdiscounter.com\/fr\/wp-json\/wp\/v2\/product_tag?post=19333"}],"curies":[{"name":"wp","href":"https:\/\/api.w.org\/{rel}","templated":true}]}}