{"id":19298,"date":"2023-04-06T09:36:56","date_gmt":"2023-04-06T09:36:56","guid":{"rendered":"https:\/\/paymentdiscounter.com\/?post_type=product&#038;p=19298"},"modified":"2026-03-07T11:53:07","modified_gmt":"2026-03-07T11:53:07","slug":"pax-a920-protective-cover-black","status":"publish","type":"product","link":"https:\/\/paymentdiscounter.com\/fr\/product\/pax-a920-protective-cover-black\/","title":{"rendered":"Pax A920 Protective Cover Noir"},"content":{"rendered":"","protected":false},"excerpt":{"rendered":"<p>L'utilisation d'une housse de protection Pax A920 pour votre terminal de paiement est un moyen simple d'\u00e9viter d'endommager votre terminal de paiement mobile. Elle permet de conserver votre terminal plus longtemps en bon \u00e9tat et d'\u00e9viter les co\u00fbts de r\u00e9paration \u00e9lev\u00e9s. Avec la housse de protection Pax A920, vous pouvez vous assurer que votre terminal de paiement mobile est mieux prot\u00e9g\u00e9 contre l'eau, les chocs et les chutes.<\/p>\n<p>\u00c9vitez les dommages et les co\u00fbts de r\u00e9paration \u00e9lev\u00e9s en utilisant notre housse de protection pour les terminaux de paiement mobile. En outre, la housse de protection Pax A920 est l\u00e9g\u00e8re et facile \u00e0 fixer, ce qui en fait un accessoire pratique pour toutes les entreprises qui d\u00e9pendent du traitement des paiements mobiles.<\/p>","protected":false},"featured_media":19319,"comment_status":"open","ping_status":"closed","template":"","meta":[],"product_cat":[730,1485],"product_tag":[2610,3333,3840,901,728,1488,2611,1536,891,735,3844,996],"acf":[],"_links":{"self":[{"href":"https:\/\/paymentdiscounter.com\/fr\/wp-json\/wp\/v2\/product\/19298"}],"collection":[{"href":"https:\/\/paymentdiscounter.com\/fr\/wp-json\/wp\/v2\/product"}],"about":[{"href":"https:\/\/paymentdiscounter.com\/fr\/wp-json\/wp\/v2\/types\/product"}],"replies":[{"embeddable":true,"href":"https:\/\/paymentdiscounter.com\/fr\/wp-json\/wp\/v2\/comments?post=19298"}],"version-history":[{"count":8,"href":"https:\/\/paymentdiscounter.com\/fr\/wp-json\/wp\/v2\/product\/19298\/revisions"}],"predecessor-version":[{"id":36659,"href":"https:\/\/paymentdiscounter.com\/fr\/wp-json\/wp\/v2\/product\/19298\/revisions\/36659"}],"wp:featuredmedia":[{"embeddable":true,"href":"https:\/\/paymentdiscounter.com\/fr\/wp-json\/wp\/v2\/media\/19319"}],"wp:attachment":[{"href":"https:\/\/paymentdiscounter.com\/fr\/wp-json\/wp\/v2\/media?parent=19298"}],"wp:term":[{"taxonomy":"product_cat","embeddable":true,"href":"https:\/\/paymentdiscounter.com\/fr\/wp-json\/wp\/v2\/product_cat?post=19298"},{"taxonomy":"product_tag","embeddable":true,"href":"https:\/\/paymentdiscounter.com\/fr\/wp-json\/wp\/v2\/product_tag?post=19298"}],"curies":[{"name":"wp","href":"https:\/\/api.w.org\/{rel}","templated":true}]}}