{"id":19071,"date":"2021-12-12T12:31:55","date_gmt":"2022-10-17T13:20:46","guid":{"rendered":"https:\/\/paymentdiscounter.com\/product\/verifone-vx820-drive-true-stick-medvind\/"},"modified":"2022-10-17T13:24:03","modified_gmt":"2022-10-17T13:24:03","slug":"verifone-vx820-drive-true-stick-tailwind","status":"publish","type":"product","link":"https:\/\/paymentdiscounter.com\/fr\/product\/verifone-vx820-drive-true-stick-tailwind\/","title":{"rendered":"Verifone Vx820 drive true stick | Medvind"},"content":{"rendered":"<p>Verifone Vx820 drive true stick | TailwindVerifone Vx820 drive true stick | TailwindVerifone Vx820 drive true stick | TailwindVerifone Vx820 drive true stick | TailwindVerifone Vx820 drive true stick | TailwindVerifone Vx820 drive true stick | Medvind<\/p>","protected":false},"excerpt":{"rendered":"<p>Avec le support Verifone P400, les terminaux d'alimentation ne peuvent \u00eatre utilis\u00e9s qu'en cas de panne de courant ou de panne d'\u00e9lectricit\u00e9. Les appareils miniatures peuvent \u00eatre utilis\u00e9s jusqu'\u00e0 330\u00b0C et sont donc parfaitement adapt\u00e9s aux besoins des clients et de leur famille. Il est \u00e9galement possible d'obtenir des informations sur les produits et les services et d'avoir une vue d'ensemble de la situation en mati\u00e8re de sant\u00e9.<\/p>","protected":false},"featured_media":17275,"comment_status":"open","ping_status":"closed","template":"","meta":[],"product_cat":[836],"product_tag":[],"acf":[],"_links":{"self":[{"href":"https:\/\/paymentdiscounter.com\/fr\/wp-json\/wp\/v2\/product\/19071"}],"collection":[{"href":"https:\/\/paymentdiscounter.com\/fr\/wp-json\/wp\/v2\/product"}],"about":[{"href":"https:\/\/paymentdiscounter.com\/fr\/wp-json\/wp\/v2\/types\/product"}],"replies":[{"embeddable":true,"href":"https:\/\/paymentdiscounter.com\/fr\/wp-json\/wp\/v2\/comments?post=19071"}],"version-history":[{"count":1,"href":"https:\/\/paymentdiscounter.com\/fr\/wp-json\/wp\/v2\/product\/19071\/revisions"}],"predecessor-version":[{"id":19107,"href":"https:\/\/paymentdiscounter.com\/fr\/wp-json\/wp\/v2\/product\/19071\/revisions\/19107"}],"wp:featuredmedia":[{"embeddable":true,"href":"https:\/\/paymentdiscounter.com\/fr\/wp-json\/wp\/v2\/media\/17275"}],"wp:attachment":[{"href":"https:\/\/paymentdiscounter.com\/fr\/wp-json\/wp\/v2\/media?parent=19071"}],"wp:term":[{"taxonomy":"product_cat","embeddable":true,"href":"https:\/\/paymentdiscounter.com\/fr\/wp-json\/wp\/v2\/product_cat?post=19071"},{"taxonomy":"product_tag","embeddable":true,"href":"https:\/\/paymentdiscounter.com\/fr\/wp-json\/wp\/v2\/product_tag?post=19071"}],"curies":[{"name":"wp","href":"https:\/\/api.w.org\/{rel}","templated":true}]}}