{"id":14538,"date":"2022-05-25T17:20:21","date_gmt":"2022-05-25T17:20:21","guid":{"rendered":"https:\/\/paymentdiscounter.com\/?post_type=product&#038;p=14538"},"modified":"2023-07-22T22:02:02","modified_gmt":"2023-07-22T22:02:02","slug":"ingenico-iwl-220-backplate","status":"publish","type":"product","link":"https:\/\/paymentdiscounter.com\/fr\/product\/ingenico-iwl-220-backplate\/","title":{"rendered":"Ingenico Plaque arri\u00e8re IWL220"},"content":{"rendered":"","protected":false},"excerpt":{"rendered":"<p>La plaque arri\u00e8re Ingenico IWL220 est une plaque de montage utilis\u00e9e pour fixer la machine au support de paiement. Fixez facilement la plaque arri\u00e8re sous le terminal de paiement et cliquez le terminal de paiement sur le support.<\/p>\n<p>En utilisant une norme Tailwind, vous \u00e9vitez les dommages et les co\u00fbts de r\u00e9paration \u00e9lev\u00e9s.<\/p>","protected":false},"featured_media":14543,"comment_status":"open","ping_status":"closed","template":"","meta":[],"product_cat":[705,1383],"product_tag":[1893,703,1382,1894,1326],"acf":[],"_links":{"self":[{"href":"https:\/\/paymentdiscounter.com\/fr\/wp-json\/wp\/v2\/product\/14538"}],"collection":[{"href":"https:\/\/paymentdiscounter.com\/fr\/wp-json\/wp\/v2\/product"}],"about":[{"href":"https:\/\/paymentdiscounter.com\/fr\/wp-json\/wp\/v2\/types\/product"}],"replies":[{"embeddable":true,"href":"https:\/\/paymentdiscounter.com\/fr\/wp-json\/wp\/v2\/comments?post=14538"}],"version-history":[{"count":4,"href":"https:\/\/paymentdiscounter.com\/fr\/wp-json\/wp\/v2\/product\/14538\/revisions"}],"predecessor-version":[{"id":15640,"href":"https:\/\/paymentdiscounter.com\/fr\/wp-json\/wp\/v2\/product\/14538\/revisions\/15640"}],"wp:featuredmedia":[{"embeddable":true,"href":"https:\/\/paymentdiscounter.com\/fr\/wp-json\/wp\/v2\/media\/14543"}],"wp:attachment":[{"href":"https:\/\/paymentdiscounter.com\/fr\/wp-json\/wp\/v2\/media?parent=14538"}],"wp:term":[{"taxonomy":"product_cat","embeddable":true,"href":"https:\/\/paymentdiscounter.com\/fr\/wp-json\/wp\/v2\/product_cat?post=14538"},{"taxonomy":"product_tag","embeddable":true,"href":"https:\/\/paymentdiscounter.com\/fr\/wp-json\/wp\/v2\/product_tag?post=14538"}],"curies":[{"name":"wp","href":"https:\/\/api.w.org\/{rel}","templated":true}]}}