{"id":14521,"date":"2022-05-25T15:53:09","date_gmt":"2022-05-25T15:53:09","guid":{"rendered":"https:\/\/paymentdiscounter.com\/?post_type=product&#038;p=14521"},"modified":"2023-07-22T22:04:55","modified_gmt":"2023-07-22T22:04:55","slug":"plaque-arriere-ingenico-ict250","status":"publish","type":"product","link":"https:\/\/paymentdiscounter.com\/fr\/product\/plaque-arriere-ingenico-ict250\/","title":{"rendered":"Ingenico ICT250 Plaque arri\u00e8re"},"content":{"rendered":"","protected":false},"excerpt":{"rendered":"<p>La plaque arri\u00e8re Ingenico ICT250 est une plaque de montage utilis\u00e9e pour fixer la machine au poteau de paiement. Fixez facilement la plaque arri\u00e8re sous le terminal de paiement et cliquez le terminal de paiement sur le support.<\/p>\n<p>En utilisant une norme Tailwind, vous \u00e9vitez les dommages et les co\u00fbts de r\u00e9paration \u00e9lev\u00e9s.<\/p>","protected":false},"featured_media":14519,"comment_status":"open","ping_status":"closed","template":"","meta":[],"product_cat":[705,829],"product_tag":[1893,703,1328,1894,1326],"acf":[],"_links":{"self":[{"href":"https:\/\/paymentdiscounter.com\/fr\/wp-json\/wp\/v2\/product\/14521"}],"collection":[{"href":"https:\/\/paymentdiscounter.com\/fr\/wp-json\/wp\/v2\/product"}],"about":[{"href":"https:\/\/paymentdiscounter.com\/fr\/wp-json\/wp\/v2\/types\/product"}],"replies":[{"embeddable":true,"href":"https:\/\/paymentdiscounter.com\/fr\/wp-json\/wp\/v2\/comments?post=14521"}],"version-history":[{"count":3,"href":"https:\/\/paymentdiscounter.com\/fr\/wp-json\/wp\/v2\/product\/14521\/revisions"}],"predecessor-version":[{"id":15646,"href":"https:\/\/paymentdiscounter.com\/fr\/wp-json\/wp\/v2\/product\/14521\/revisions\/15646"}],"wp:featuredmedia":[{"embeddable":true,"href":"https:\/\/paymentdiscounter.com\/fr\/wp-json\/wp\/v2\/media\/14519"}],"wp:attachment":[{"href":"https:\/\/paymentdiscounter.com\/fr\/wp-json\/wp\/v2\/media?parent=14521"}],"wp:term":[{"taxonomy":"product_cat","embeddable":true,"href":"https:\/\/paymentdiscounter.com\/fr\/wp-json\/wp\/v2\/product_cat?post=14521"},{"taxonomy":"product_tag","embeddable":true,"href":"https:\/\/paymentdiscounter.com\/fr\/wp-json\/wp\/v2\/product_tag?post=14521"}],"curies":[{"name":"wp","href":"https:\/\/api.w.org\/{rel}","templated":true}]}}