{"id":12597,"date":"2022-04-17T22:36:06","date_gmt":"2022-04-17T22:36:06","guid":{"rendered":"https:\/\/paymentdiscounter.com\/?post_type=product&#038;p=12597"},"modified":"2026-03-07T11:53:09","modified_gmt":"2026-03-07T11:53:09","slug":"alimentation-nexgo-n86","status":"publish","type":"product","link":"https:\/\/paymentdiscounter.com\/fr\/product\/alimentation-nexgo-n86\/","title":{"rendered":"Nexgo N86 Alimentation"},"content":{"rendered":"<p>Nexgo N86 Alimentation<br \/>\nVous avez besoin d'un chargeur pour recharger le terminal de paiement. Celui-ci est fourni en standard lors de l'achat de votre terminal de paiement. Toutefois, avec le temps ou apr\u00e8s une utilisation fr\u00e9quente, des ruptures peuvent se produire. L'alimentation \u00e9lectrique \u00e9tant essentielle au fonctionnement du terminal de paiement, une alimentation \u00e9lectrique d\u00e9fectueuse constitue une situation difficile. En effet, sans chargeur, vous ne pouvez pas recharger le terminal de paiement, ce qui peut entra\u00eener une perte de chiffre d'affaires.<\/p>\n<p>Le Nexgo N86 est un terminal de paiement compact et convivial, id\u00e9al pour les commer\u00e7ants et les entrepreneurs ind\u00e9pendants disposant d'un emplacement fixe.<\/p>\n<p>Utilisez le bloc d'alimentation Nexgo N86 :<br \/>\n- En le reliant directement \u00e0 votre terminal<br \/>\n- En combinaison avec une station d'accueil Nexgo<\/p>","protected":false},"excerpt":{"rendered":"<p>Le bloc d'alimentation pour le Nexgo N86 a \u00e9t\u00e9 sp\u00e9cialement con\u00e7u pour \u00eatre utilis\u00e9 avec les terminaux Nexgo. Il s'agit d'un chargeur original qui peut \u00eatre facilement fix\u00e9 \u00e0 votre terminal de paiement ou \u00e0 votre station d'accueil. Commandez votre terminal de paiement rapidement et facilement en ligne.<\/p>\n<h1 style=\"color: #37557a; font-size: 12px;\">*Chargeur uniquement, terminal non inclus<\/h1>","protected":false},"featured_media":12613,"comment_status":"open","ping_status":"closed","template":"","meta":[],"product_cat":[1248,1547],"product_tag":[690,1315,1548,751],"acf":[],"_links":{"self":[{"href":"https:\/\/paymentdiscounter.com\/fr\/wp-json\/wp\/v2\/product\/12597"}],"collection":[{"href":"https:\/\/paymentdiscounter.com\/fr\/wp-json\/wp\/v2\/product"}],"about":[{"href":"https:\/\/paymentdiscounter.com\/fr\/wp-json\/wp\/v2\/types\/product"}],"replies":[{"embeddable":true,"href":"https:\/\/paymentdiscounter.com\/fr\/wp-json\/wp\/v2\/comments?post=12597"}],"version-history":[{"count":5,"href":"https:\/\/paymentdiscounter.com\/fr\/wp-json\/wp\/v2\/product\/12597\/revisions"}],"predecessor-version":[{"id":29080,"href":"https:\/\/paymentdiscounter.com\/fr\/wp-json\/wp\/v2\/product\/12597\/revisions\/29080"}],"wp:featuredmedia":[{"embeddable":true,"href":"https:\/\/paymentdiscounter.com\/fr\/wp-json\/wp\/v2\/media\/12613"}],"wp:attachment":[{"href":"https:\/\/paymentdiscounter.com\/fr\/wp-json\/wp\/v2\/media?parent=12597"}],"wp:term":[{"taxonomy":"product_cat","embeddable":true,"href":"https:\/\/paymentdiscounter.com\/fr\/wp-json\/wp\/v2\/product_cat?post=12597"},{"taxonomy":"product_tag","embeddable":true,"href":"https:\/\/paymentdiscounter.com\/fr\/wp-json\/wp\/v2\/product_tag?post=12597"}],"curies":[{"name":"wp","href":"https:\/\/api.w.org\/{rel}","templated":true}]}}