{"id":10478,"date":"2021-12-16T11:06:55","date_gmt":"2021-12-16T11:06:55","guid":{"rendered":"https:\/\/paymentdiscounter.com\/?post_type=product&#038;p=10478"},"modified":"2025-05-07T12:51:34","modified_gmt":"2025-05-07T12:51:34","slug":"plaque-de-montage-worldline-yomani","status":"publish","type":"product","link":"https:\/\/paymentdiscounter.com\/fr\/product\/plaque-de-montage-worldline-yomani\/","title":{"rendered":"Plaque de montage Worldline Yomani"},"content":{"rendered":"","protected":false},"excerpt":{"rendered":"<p>Gr\u00e2ce \u00e0 la plaque de montage Yomani, votre terminal est facile \u00e0 fixer sur votre comptoir. Vous pouvez facilement fixer la plaque de fond sur une surface de votre choix, apr\u00e8s quoi vous pouvez cliquer le terminal de paiement sur la plaque de fond. Le r\u00e9sultat est une confirmation solide qui permet \u00e0 votre terminal de paiement de rester en bon \u00e9tat encore plus longtemps.<\/p>","protected":false},"featured_media":10479,"comment_status":"closed","ping_status":"closed","template":"","meta":[],"product_cat":[804,833],"product_tag":[1204,1355,933,3342,1205,3343,1206],"acf":[],"_links":{"self":[{"href":"https:\/\/paymentdiscounter.com\/fr\/wp-json\/wp\/v2\/product\/10478"}],"collection":[{"href":"https:\/\/paymentdiscounter.com\/fr\/wp-json\/wp\/v2\/product"}],"about":[{"href":"https:\/\/paymentdiscounter.com\/fr\/wp-json\/wp\/v2\/types\/product"}],"replies":[{"embeddable":true,"href":"https:\/\/paymentdiscounter.com\/fr\/wp-json\/wp\/v2\/comments?post=10478"}],"version-history":[{"count":7,"href":"https:\/\/paymentdiscounter.com\/fr\/wp-json\/wp\/v2\/product\/10478\/revisions"}],"predecessor-version":[{"id":33777,"href":"https:\/\/paymentdiscounter.com\/fr\/wp-json\/wp\/v2\/product\/10478\/revisions\/33777"}],"wp:featuredmedia":[{"embeddable":true,"href":"https:\/\/paymentdiscounter.com\/fr\/wp-json\/wp\/v2\/media\/10479"}],"wp:attachment":[{"href":"https:\/\/paymentdiscounter.com\/fr\/wp-json\/wp\/v2\/media?parent=10478"}],"wp:term":[{"taxonomy":"product_cat","embeddable":true,"href":"https:\/\/paymentdiscounter.com\/fr\/wp-json\/wp\/v2\/product_cat?post=10478"},{"taxonomy":"product_tag","embeddable":true,"href":"https:\/\/paymentdiscounter.com\/fr\/wp-json\/wp\/v2\/product_tag?post=10478"}],"curies":[{"name":"wp","href":"https:\/\/api.w.org\/{rel}","templated":true}]}}