{"id":9911,"date":"2021-12-13T10:30:10","date_gmt":"2021-12-13T10:30:10","guid":{"rendered":"https:\/\/paymentdiscounter.com\/?post_type=product&#038;p=9911"},"modified":"2025-01-13T22:30:44","modified_gmt":"2025-01-13T22:30:44","slug":"woldline-yomova-stand-contour-tailwind","status":"publish","type":"product","link":"https:\/\/paymentdiscounter.com\/es\/producto\/woldline-yomova-stand-contour-tailwind\/","title":{"rendered":"Woldline Yomova Stand Contour | Tailwind"},"content":{"rendered":"<p>Woldline Yomova Stand Contour<br \/>\nEl Woldline Yomova Standard es ideal para empresarios con un mostrador fijo. La base giratoria proporciona una ubicaci\u00f3n fija para su terminal worldline y reduce el espacio necesario en su mostrador. Reduce el riesgo de accidentes y ayuda a evitar que el agua o las ca\u00eddas da\u00f1en su m\u00e1quina.<\/p>\n<p>El Poste Worldline est\u00e1 disponible en los modelos: Bajo | Alto | Montaje en pared.<br \/>\nEl poste Yomova puede fijarse utilizando la tira adhesiva incluida o el juego de tornillos.<\/p>\n<p>Ventajas<\/p>\n<ul>\n<li>Soluci\u00f3n de montaje aumentada y reforzada.<\/li>\n<li>Inclinable hasta 140 grados.<\/li>\n<li>Giratorio hasta 330 grados.<\/li>\n<li>Se entrega con placa de montaje.<\/li>\n<li>Puede fijarse con tornillos o tiras adhesivas.<\/li>\n<li>Evita la rotura de cables.<\/li>\n<\/ul>\n<p>&nbsp;<\/p>","protected":false},"excerpt":{"rendered":"<p>El poste Yomova de Woldline garantiza que su terminal de pago sea f\u00e1cil de fijar a su mostrador o pared. Gira hasta 330c y es f\u00e1cil de manejar tanto para el empresario como para el cliente. Ayuda a evitar da\u00f1os y mantiene su terminal de pago durante m\u00e1s tiempo en buenas condiciones.<\/p>","protected":false},"featured_media":9912,"comment_status":"closed","ping_status":"closed","template":"","meta":[],"product_cat":[804,834],"product_tag":[1917,3349,1326,768,939,940],"acf":[],"_links":{"self":[{"href":"https:\/\/paymentdiscounter.com\/es\/wp-json\/wp\/v2\/product\/9911"}],"collection":[{"href":"https:\/\/paymentdiscounter.com\/es\/wp-json\/wp\/v2\/product"}],"about":[{"href":"https:\/\/paymentdiscounter.com\/es\/wp-json\/wp\/v2\/types\/product"}],"replies":[{"embeddable":true,"href":"https:\/\/paymentdiscounter.com\/es\/wp-json\/wp\/v2\/comments?post=9911"}],"version-history":[{"count":5,"href":"https:\/\/paymentdiscounter.com\/es\/wp-json\/wp\/v2\/product\/9911\/revisions"}],"predecessor-version":[{"id":26881,"href":"https:\/\/paymentdiscounter.com\/es\/wp-json\/wp\/v2\/product\/9911\/revisions\/26881"}],"wp:featuredmedia":[{"embeddable":true,"href":"https:\/\/paymentdiscounter.com\/es\/wp-json\/wp\/v2\/media\/9912"}],"wp:attachment":[{"href":"https:\/\/paymentdiscounter.com\/es\/wp-json\/wp\/v2\/media?parent=9911"}],"wp:term":[{"taxonomy":"product_cat","embeddable":true,"href":"https:\/\/paymentdiscounter.com\/es\/wp-json\/wp\/v2\/product_cat?post=9911"},{"taxonomy":"product_tag","embeddable":true,"href":"https:\/\/paymentdiscounter.com\/es\/wp-json\/wp\/v2\/product_tag?post=9911"}],"curies":[{"name":"wp","href":"https:\/\/api.w.org\/{rel}","templated":true}]}}