{"id":9902,"date":"2021-12-13T10:18:11","date_gmt":"2021-12-13T10:18:11","guid":{"rendered":"https:\/\/paymentdiscounter.com\/?post_type=product&#038;p=9902"},"modified":"2025-01-13T22:31:30","modified_gmt":"2025-01-13T22:31:30","slug":"worldline-yomani-stand-contour-tailwind","status":"publish","type":"product","link":"https:\/\/paymentdiscounter.com\/es\/producto\/worldline-yomani-stand-contour-tailwind\/","title":{"rendered":"Worldline Yomani Stand Contour | Tailwind"},"content":{"rendered":"<p>Worldline Yomani Stand Contour | TailwindWorldline Yomani Stand Contour | TailwindWorldline Yomani Stand Contour | TailwindWorldline Yomani Stand Contour | Tailwind<\/p>\n<p>El poste Yomani de Woldline es ideal para empresarios con un mostrador fijo. La base giratoria proporciona una ubicaci\u00f3n fija para su terminal worldline y reduce el espacio necesario en su mostrador. Reduce el riesgo de accidentes y ayuda a evitar que el agua o las ca\u00eddas da\u00f1en su m\u00e1quina.<\/p>\n<p>El Poste Worldline est\u00e1 disponible en los modelos: Bajo | Alto | Montaje en pared.<br \/>\nEl poste Yomova puede fijarse utilizando la tira adhesiva incluida o el juego de tornillos.<\/p>\n<p>Ventajas<\/p>\n<ul>\n<li>Soluci\u00f3n de montaje aumentada y reforzada.<\/li>\n<li>Inclinable hasta 140 grados.<\/li>\n<li>Giratorio hasta 330 grados.<\/li>\n<li>Se entrega con placa de montaje.<\/li>\n<li>Puede fijarse con tornillos o tiras adhesivas.<\/li>\n<li>Evita la rotura de cables.<\/li>\n<\/ul>\n<p>&nbsp;<\/p>","protected":false},"excerpt":{"rendered":"<p>Simplemente fije el Yomani Pole de Worldline a su mostrador o pared para mayor comodidad y libertad mientras trabaja. El poste de pago le ofrece mayor comodidad y seguridad, y gira y se inclina hasta 330 grados. Vea los modelos y pida su poste fijo f\u00e1cilmente en l\u00ednea.<\/p>","protected":false},"featured_media":9895,"comment_status":"closed","ping_status":"closed","template":"","meta":[],"product_cat":[804,833],"product_tag":[1917,3349,1326,768,933,3342,934,1205,3343,935],"acf":[],"_links":{"self":[{"href":"https:\/\/paymentdiscounter.com\/es\/wp-json\/wp\/v2\/product\/9902"}],"collection":[{"href":"https:\/\/paymentdiscounter.com\/es\/wp-json\/wp\/v2\/product"}],"about":[{"href":"https:\/\/paymentdiscounter.com\/es\/wp-json\/wp\/v2\/types\/product"}],"replies":[{"embeddable":true,"href":"https:\/\/paymentdiscounter.com\/es\/wp-json\/wp\/v2\/comments?post=9902"}],"version-history":[{"count":6,"href":"https:\/\/paymentdiscounter.com\/es\/wp-json\/wp\/v2\/product\/9902\/revisions"}],"predecessor-version":[{"id":26888,"href":"https:\/\/paymentdiscounter.com\/es\/wp-json\/wp\/v2\/product\/9902\/revisions\/26888"}],"wp:featuredmedia":[{"embeddable":true,"href":"https:\/\/paymentdiscounter.com\/es\/wp-json\/wp\/v2\/media\/9895"}],"wp:attachment":[{"href":"https:\/\/paymentdiscounter.com\/es\/wp-json\/wp\/v2\/media?parent=9902"}],"wp:term":[{"taxonomy":"product_cat","embeddable":true,"href":"https:\/\/paymentdiscounter.com\/es\/wp-json\/wp\/v2\/product_cat?post=9902"},{"taxonomy":"product_tag","embeddable":true,"href":"https:\/\/paymentdiscounter.com\/es\/wp-json\/wp\/v2\/product_tag?post=9902"}],"curies":[{"name":"wp","href":"https:\/\/api.w.org\/{rel}","templated":true}]}}