{"id":9852,"date":"2021-12-12T12:31:55","date_gmt":"2021-12-12T12:31:55","guid":{"rendered":"https:\/\/paymentdiscounter.com\/?post_type=product&#038;p=9852"},"modified":"2024-01-11T22:42:08","modified_gmt":"2024-01-11T22:42:08","slug":"verifone-vx820-drive-true-stick-tailwind-2","status":"publish","type":"product","link":"https:\/\/paymentdiscounter.com\/es\/producto\/verifone-vx820-drive-true-stick-tailwind-2\/","title":{"rendered":"Verifone Vx820 drive true stick | Tailwind"},"content":{"rendered":"<p>Verifone Vx820 drive true stick | TailwindVerifone Vx820 drive true stick | TailwindVerifone Vx820 drive true stick | Tailwind<\/p>","protected":false},"excerpt":{"rendered":"<p>Con el soporte Verifone P400, su terminal de pago es f\u00e1cil de colocar en su mostrador o mostrador. El soporte para cajeros puede girar hasta 330c y, por lo tanto, es f\u00e1cil de manejar tanto para el cliente como para sus empleados. Tambi\u00e9n ayuda a evitar da\u00f1os y proporciona m\u00e1s visi\u00f3n de conjunto en su lugar de trabajo.<\/p>","protected":false},"featured_media":9855,"comment_status":"open","ping_status":"closed","template":"","meta":[],"product_cat":[791,780],"product_tag":[908,909,1326,776,911],"acf":[],"_links":{"self":[{"href":"https:\/\/paymentdiscounter.com\/es\/wp-json\/wp\/v2\/product\/9852"}],"collection":[{"href":"https:\/\/paymentdiscounter.com\/es\/wp-json\/wp\/v2\/product"}],"about":[{"href":"https:\/\/paymentdiscounter.com\/es\/wp-json\/wp\/v2\/types\/product"}],"replies":[{"embeddable":true,"href":"https:\/\/paymentdiscounter.com\/es\/wp-json\/wp\/v2\/comments?post=9852"}],"version-history":[{"count":2,"href":"https:\/\/paymentdiscounter.com\/es\/wp-json\/wp\/v2\/product\/9852\/revisions"}],"predecessor-version":[{"id":26306,"href":"https:\/\/paymentdiscounter.com\/es\/wp-json\/wp\/v2\/product\/9852\/revisions\/26306"}],"wp:featuredmedia":[{"embeddable":true,"href":"https:\/\/paymentdiscounter.com\/es\/wp-json\/wp\/v2\/media\/9855"}],"wp:attachment":[{"href":"https:\/\/paymentdiscounter.com\/es\/wp-json\/wp\/v2\/media?parent=9852"}],"wp:term":[{"taxonomy":"product_cat","embeddable":true,"href":"https:\/\/paymentdiscounter.com\/es\/wp-json\/wp\/v2\/product_cat?post=9852"},{"taxonomy":"product_tag","embeddable":true,"href":"https:\/\/paymentdiscounter.com\/es\/wp-json\/wp\/v2\/product_tag?post=9852"}],"curies":[{"name":"wp","href":"https:\/\/api.w.org\/{rel}","templated":true}]}}