{"id":9848,"date":"2021-12-12T12:24:45","date_gmt":"2021-12-12T12:24:45","guid":{"rendered":"https:\/\/paymentdiscounter.com\/?post_type=product&#038;p=9848"},"modified":"2025-01-13T22:30:18","modified_gmt":"2025-01-13T22:30:18","slug":"verifone-vx820-soporte-contorno","status":"publish","type":"product","link":"https:\/\/paymentdiscounter.com\/es\/producto\/verifone-vx820-soporte-contorno\/","title":{"rendered":"Verifone Vx820 Soporte Contorno"},"content":{"rendered":"<p>Verifone Vx820 Bast\u00f3n de contorno<br \/>\nEl poste Verifone Vx820 es ideal para tiendas con un mostrador fijo. Un soporte de terminal de pago proporciona una ubicaci\u00f3n fija para su terminal y reduce el espacio que se necesita en su mostrador.<\/p>\n<p>Tambi\u00e9n reduce el riesgo de accidentes y da\u00f1os. El poste de pago verifone est\u00e1 disponible en los modelos: Bajo | Alto | Fijo a la pared. Se puede fijar utilizando la tira adhesiva o el juego de tornillos que se incluye en la compra.<\/p>\n<p>Ventajas<\/p>\n<ul>\n<li>Soluci\u00f3n de montaje todo en uno.<\/li>\n<li>Inclinable hasta 140 grados.<\/li>\n<li>Giratorio hasta 330 grados.<\/li>\n<li>Placa de montaje incluida.<\/li>\n<li>Se fija f\u00e1cilmente con tornillos o una tira adhesiva.<\/li>\n<li>Evita la rotura de cables.<\/li>\n<\/ul>\n<p>&nbsp;<\/p>","protected":false},"excerpt":{"rendered":"<p>El poste Verifone Vx820 asegura que su terminal de pago sea f\u00e1cil de fijar a su mostrador o pared. Gira hasta 330c y es f\u00e1cil de manejar tanto para el empresario como para el cliente. Tambi\u00e9n ayuda a evitar da\u00f1os y mantiene su terminal de pago durante m\u00e1s tiempo en mejores condiciones.<\/p>","protected":false},"featured_media":14565,"comment_status":"closed","ping_status":"closed","template":"","meta":[],"product_cat":[791,780],"product_tag":[1917,3349,1326,768,776,3338,781,913],"acf":[],"_links":{"self":[{"href":"https:\/\/paymentdiscounter.com\/es\/wp-json\/wp\/v2\/product\/9848"}],"collection":[{"href":"https:\/\/paymentdiscounter.com\/es\/wp-json\/wp\/v2\/product"}],"about":[{"href":"https:\/\/paymentdiscounter.com\/es\/wp-json\/wp\/v2\/types\/product"}],"replies":[{"embeddable":true,"href":"https:\/\/paymentdiscounter.com\/es\/wp-json\/wp\/v2\/comments?post=9848"}],"version-history":[{"count":5,"href":"https:\/\/paymentdiscounter.com\/es\/wp-json\/wp\/v2\/product\/9848\/revisions"}],"predecessor-version":[{"id":26307,"href":"https:\/\/paymentdiscounter.com\/es\/wp-json\/wp\/v2\/product\/9848\/revisions\/26307"}],"wp:featuredmedia":[{"embeddable":true,"href":"https:\/\/paymentdiscounter.com\/es\/wp-json\/wp\/v2\/media\/14565"}],"wp:attachment":[{"href":"https:\/\/paymentdiscounter.com\/es\/wp-json\/wp\/v2\/media?parent=9848"}],"wp:term":[{"taxonomy":"product_cat","embeddable":true,"href":"https:\/\/paymentdiscounter.com\/es\/wp-json\/wp\/v2\/product_cat?post=9848"},{"taxonomy":"product_tag","embeddable":true,"href":"https:\/\/paymentdiscounter.com\/es\/wp-json\/wp\/v2\/product_tag?post=9848"}],"curies":[{"name":"wp","href":"https:\/\/api.w.org\/{rel}","templated":true}]}}