{"id":9607,"date":"2021-12-11T21:03:20","date_gmt":"2021-12-11T21:03:20","guid":{"rendered":"https:\/\/paymentdiscounter.com\/?post_type=product&#038;p=9607"},"modified":"2025-01-13T22:35:41","modified_gmt":"2025-01-13T22:35:41","slug":"verifone-p400-stand-contour-tailwind","status":"publish","type":"product","link":"https:\/\/paymentdiscounter.com\/es\/producto\/verifone-p400-stand-contour-tailwind\/","title":{"rendered":"Verifone P400 Stand Contour | Tailwind"},"content":{"rendered":"<p><strong>Verifone P400 Stand Contour | Tailwind<\/strong><br \/>\nEl soporte Verifone P400 es el m\u00e9todo ideal para fijar su cajero autom\u00e1tico a un mostrador o mostrador. El soporte est\u00e1 equipado con una base giratoria para poder girar f\u00e1cilmente el terminal de pago en caso necesario. Adem\u00e1s, puede ajustar f\u00e1cilmente la direcci\u00f3n de visi\u00f3n de arriba a abajo. Esto puede ser un complemento pr\u00e1ctico para personas en silla de ruedas.<\/p>\n<p>El soporte Verifone est\u00e1 disponible en 3 modelos:<br \/>\n- Un soporte fijo de 18 cm de altura. Este es el modelo est\u00e1ndar y el m\u00e1s vendido.<br \/>\n- Modelo compacto fijo de altura inferior. Este modelo se puede girar y se fija en 1 direcci\u00f3n.<br \/>\n- El \u00faltimo modelo est\u00e1 pensado para ser montado contra la pared o muro. Suele utilizarse en cafeter\u00edas o bares, donde el cajero se coloca cerca de la caja registradora.<\/p>\n<p>El soporte de pasador Verifone P400 es f\u00e1cil de colocar utilizando la tira adhesiva y el juego de tornillos suministrados.<\/p>\n<p>Ventajas<br \/>\nElev\u00f3 y reforz\u00f3 su cajero autom\u00e1tico.<br \/>\nEl soporte se puede inclinar hasta 140 grados<br \/>\nGiratorio hasta 330 grados (excepto el modelo compacto)<br \/>\nF\u00e1cil de colocar con una placa de montaje.<br \/>\nOpcionalmente se puede fijar con una tira adhesiva redonda.<br \/>\nEvita da\u00f1os por rotura de los cables.<br \/>\nEl soporte verifone P400 es f\u00e1cil de pedir en nuestra tienda web. Vea todos los accesorios P400 en la tienda o p\u00f3ngase en contacto con nosotros sin compromiso para obtener m\u00e1s informaci\u00f3n.<\/p>","protected":false},"excerpt":{"rendered":"<p>Con el soporte Verifone P400, su terminal de pago es f\u00e1cil de colocar en su mostrador o mostrador. El soporte para cajeros puede girar hasta 330c y, por lo tanto, es f\u00e1cil de manejar tanto para el cliente como para sus empleados. Tambi\u00e9n ayuda a evitar da\u00f1os y proporciona m\u00e1s visi\u00f3n de conjunto en su lugar de trabajo.<\/p>","protected":false},"featured_media":9608,"comment_status":"closed","ping_status":"closed","template":"","meta":[],"product_cat":[791,824],"product_tag":[1917,3349,2615,3340,908,909,1326,776,3338,911],"acf":[],"_links":{"self":[{"href":"https:\/\/paymentdiscounter.com\/es\/wp-json\/wp\/v2\/product\/9607"}],"collection":[{"href":"https:\/\/paymentdiscounter.com\/es\/wp-json\/wp\/v2\/product"}],"about":[{"href":"https:\/\/paymentdiscounter.com\/es\/wp-json\/wp\/v2\/types\/product"}],"replies":[{"embeddable":true,"href":"https:\/\/paymentdiscounter.com\/es\/wp-json\/wp\/v2\/comments?post=9607"}],"version-history":[{"count":5,"href":"https:\/\/paymentdiscounter.com\/es\/wp-json\/wp\/v2\/product\/9607\/revisions"}],"predecessor-version":[{"id":26330,"href":"https:\/\/paymentdiscounter.com\/es\/wp-json\/wp\/v2\/product\/9607\/revisions\/26330"}],"wp:featuredmedia":[{"embeddable":true,"href":"https:\/\/paymentdiscounter.com\/es\/wp-json\/wp\/v2\/media\/9608"}],"wp:attachment":[{"href":"https:\/\/paymentdiscounter.com\/es\/wp-json\/wp\/v2\/media?parent=9607"}],"wp:term":[{"taxonomy":"product_cat","embeddable":true,"href":"https:\/\/paymentdiscounter.com\/es\/wp-json\/wp\/v2\/product_cat?post=9607"},{"taxonomy":"product_tag","embeddable":true,"href":"https:\/\/paymentdiscounter.com\/es\/wp-json\/wp\/v2\/product_tag?post=9607"}],"curies":[{"name":"wp","href":"https:\/\/api.w.org\/{rel}","templated":true}]}}