{"id":9411,"date":"2021-12-10T10:27:37","date_gmt":"2021-12-10T10:27:37","guid":{"rendered":"https:\/\/paymentdiscounter.com\/?post_type=product&#038;p=9411"},"modified":"2026-03-07T11:53:08","modified_gmt":"2026-03-07T11:53:08","slug":"ingenico-lane-5000-drive-thru-stick-extender","status":"publish","type":"product","link":"https:\/\/paymentdiscounter.com\/es\/producto\/ingenico-lane-5000-drive-thru-stick-extender\/","title":{"rendered":"Ingenico Lane 5000 Extensor de palanca de autoservicio"},"content":{"rendered":"<p>Palanca de pago ATM para autocines<br \/>\nEste bast\u00f3n de pago ATM mide 42 cm de largo y pesa s\u00f3lo 225 gramos. Est\u00e1 equipado con una placa trasera con la que se puede fijar firmemente el cajero autom\u00e1tico. La placa trasera est\u00e1 hecha a medida y est\u00e1 disponible para varias marcas y modelos. Por ejemplo, la placa trasera del Ingenico Lane 5000 es diferente de la del Worldline Yomani. La gran ventaja de esto es que puede sustituirla f\u00e1cilmente si desea cambiar su cajero autom\u00e1tico por un modelo m\u00e1s nuevo.<\/p>\n<p>Adem\u00e1s, una gran ventaja es que ayuda a evitar da\u00f1os en los cables. Los da\u00f1os en los cables pueden provocar un cortocircuito, que a su vez puede dar lugar a otros fallos (de software). El pin stick Tailwind est\u00e1 equipado con un pasacables integrado para que los cables del cajero autom\u00e1tico est\u00e9n siempre bien protegidos.<\/p>\n<p>Como ampliaci\u00f3n, tambi\u00e9n hay disponible un soporte Tailwind. El soporte se fija f\u00e1cilmente, por ejemplo, a una pared o muro. De este modo, su cajero autom\u00e1tico est\u00e1 protegido de forma \u00f3ptima contra accidentes y da\u00f1os. Si tiene un nuevo cliente, s\u00f3lo tiene que retirar la barra de pago del soporte y podr\u00e1 volver a procesar pagos inmediatamente.<\/p>","protected":false},"excerpt":{"rendered":"<p>El soporte FlexiPole\u2122 para cajeros autom\u00e1ticos se utiliza a menudo en Drive-in's como McDonalds. De este modo, el cliente puede permanecer en el coche y el terminal de pago se indica con el palo de pago. A menudo ya se utiliza un cable de pinpad m\u00e1s largo, pero para mayor comodidad tambi\u00e9n se puede utilizar este alcanzador Tailwind Drive-in.<\/p>\n<p>&nbsp;<\/p>\n<p>Nota: Este art\u00edculo viene con placa de montaje<\/p>","protected":false},"featured_media":9415,"comment_status":"open","ping_status":"closed","template":"","meta":[],"product_cat":[705,1333],"product_tag":[3349,1325,703,1334,1335,1326,768],"acf":[],"_links":{"self":[{"href":"https:\/\/paymentdiscounter.com\/es\/wp-json\/wp\/v2\/product\/9411"}],"collection":[{"href":"https:\/\/paymentdiscounter.com\/es\/wp-json\/wp\/v2\/product"}],"about":[{"href":"https:\/\/paymentdiscounter.com\/es\/wp-json\/wp\/v2\/types\/product"}],"replies":[{"embeddable":true,"href":"https:\/\/paymentdiscounter.com\/es\/wp-json\/wp\/v2\/comments?post=9411"}],"version-history":[{"count":2,"href":"https:\/\/paymentdiscounter.com\/es\/wp-json\/wp\/v2\/product\/9411\/revisions"}],"predecessor-version":[{"id":9420,"href":"https:\/\/paymentdiscounter.com\/es\/wp-json\/wp\/v2\/product\/9411\/revisions\/9420"}],"wp:featuredmedia":[{"embeddable":true,"href":"https:\/\/paymentdiscounter.com\/es\/wp-json\/wp\/v2\/media\/9415"}],"wp:attachment":[{"href":"https:\/\/paymentdiscounter.com\/es\/wp-json\/wp\/v2\/media?parent=9411"}],"wp:term":[{"taxonomy":"product_cat","embeddable":true,"href":"https:\/\/paymentdiscounter.com\/es\/wp-json\/wp\/v2\/product_cat?post=9411"},{"taxonomy":"product_tag","embeddable":true,"href":"https:\/\/paymentdiscounter.com\/es\/wp-json\/wp\/v2\/product_tag?post=9411"}],"curies":[{"name":"wp","href":"https:\/\/api.w.org\/{rel}","templated":true}]}}