{"id":8963,"date":"2021-12-05T21:25:35","date_gmt":"2021-12-05T21:25:35","guid":{"rendered":"https:\/\/paymentdiscounter.com\/?post_type=product&#038;p=8963"},"modified":"2025-08-01T12:19:34","modified_gmt":"2025-08-01T12:19:34","slug":"soporte-de-pertiga-ingenico-isc250","status":"publish","type":"product","link":"https:\/\/paymentdiscounter.com\/es\/producto\/soporte-de-pertiga-ingenico-isc250\/","title":{"rendered":"Ingenico isc250 Soporte de p\u00e9rtiga"},"content":{"rendered":"<p>Ingenico ISC250 Ingenico ISC250 PoleIngenico isc250 Pole StandIngenico isc250 Pole StandIngenico isc250 Pole StandIngenico isc250 Pole StandIngenico isc250 Pole StandIngenico isc250 Pole StandIngenico isc250 Pole StandIngenico isc250 Pole StandIngenico isc250 Pole StandIngenico isc250 Pole Stand<span style=\"background-color: var(--body-bg-color); color: var(--body-color); font-family: var(--body-font-family),sans-serif; font-size: 1.125rem; font-weight: var(--body-font-weight);\">Incluye tira adhesiva o juego de tornillos.<\/span><\/p>\n<p>Beneficios<\/p>\n<ul>\n<li>Soluci\u00f3n de montaje aumentada y reforzada.<\/li>\n<li>Inclinable hasta 140 grados.<\/li>\n<li>Giratorio hasta 330 grados.<\/li>\n<li>Se entrega con placa de montaje.<\/li>\n<li>Puede fijarse con tornillos o tiras adhesivas.<\/li>\n<li>Evita la rotura de cables.<\/li>\n<\/ul>\n<p>&nbsp;<\/p>\n<p>Beneficios<\/p>\n<ul>\n<li>Soluci\u00f3n de montaje aumentada y reforzada.<\/li>\n<li>Inclinable hasta 140 grados.<\/li>\n<li>Giratorio hasta 330 grados.<\/li>\n<li>Se entrega con placa de montaje.<\/li>\n<li>Puede fijarse con tornillos o tiras adhesivas.<\/li>\n<li>Evita la rotura de cables.<\/li>\n<\/ul>\n<p>&nbsp;<\/p>","protected":false},"excerpt":{"rendered":"<p>El Ingenico isc250 Standard garantiza que su terminal de pago sea f\u00e1cil de fijar al mostrador o a la pared. Gira hasta 330c y es f\u00e1cil de manejar tanto para el empresario como para el cliente. Ayuda a evitar da\u00f1os por ca\u00eddas e incidentes con el agua.<\/p>","protected":false},"featured_media":9354,"comment_status":"open","ping_status":"closed","template":"","meta":[],"product_cat":[705,1305],"product_tag":[3349,703,916,1306,909,768],"acf":[],"_links":{"self":[{"href":"https:\/\/paymentdiscounter.com\/es\/wp-json\/wp\/v2\/product\/8963"}],"collection":[{"href":"https:\/\/paymentdiscounter.com\/es\/wp-json\/wp\/v2\/product"}],"about":[{"href":"https:\/\/paymentdiscounter.com\/es\/wp-json\/wp\/v2\/types\/product"}],"replies":[{"embeddable":true,"href":"https:\/\/paymentdiscounter.com\/es\/wp-json\/wp\/v2\/comments?post=8963"}],"version-history":[{"count":3,"href":"https:\/\/paymentdiscounter.com\/es\/wp-json\/wp\/v2\/product\/8963\/revisions"}],"predecessor-version":[{"id":9357,"href":"https:\/\/paymentdiscounter.com\/es\/wp-json\/wp\/v2\/product\/8963\/revisions\/9357"}],"wp:featuredmedia":[{"embeddable":true,"href":"https:\/\/paymentdiscounter.com\/es\/wp-json\/wp\/v2\/media\/9354"}],"wp:attachment":[{"href":"https:\/\/paymentdiscounter.com\/es\/wp-json\/wp\/v2\/media?parent=8963"}],"wp:term":[{"taxonomy":"product_cat","embeddable":true,"href":"https:\/\/paymentdiscounter.com\/es\/wp-json\/wp\/v2\/product_cat?post=8963"},{"taxonomy":"product_tag","embeddable":true,"href":"https:\/\/paymentdiscounter.com\/es\/wp-json\/wp\/v2\/product_tag?post=8963"}],"curies":[{"name":"wp","href":"https:\/\/api.w.org\/{rel}","templated":true}]}}