{"id":8760,"date":"2021-11-30T17:30:52","date_gmt":"2021-11-30T17:30:52","guid":{"rendered":"https:\/\/paymentdiscounter.com\/?post_type=product&#038;p=8760"},"modified":"2024-03-05T00:47:18","modified_gmt":"2024-03-05T00:47:18","slug":"verifone-v400m-protector-de-pantalla","status":"publish","type":"product","link":"https:\/\/paymentdiscounter.com\/es\/producto\/verifone-v400m-protector-de-pantalla\/","title":{"rendered":"Protector de pantalla Verifone v400m"},"content":{"rendered":"<p>Protector de pantalla Verifone v400m<br \/>\nEl protector de pantalla es extremadamente resistente a los ara\u00f1azos y f\u00e1cil de colocar en la pantalla. Equipado con un revestimiento adicional antihuellas que facilita la limpieza de la suciedad y las huellas dactilares de la pantalla. Adem\u00e1s, funciona a la perfecci\u00f3n con su pantalla t\u00e1ctil.<\/p>\n<p>Las ventajas de un protector de pantalla<br \/>\nLa capa adhesiva de nuevo desarrollo garantiza una f\u00e1cil colocaci\u00f3n del protector de pantalla. El resultado: un protector de pantalla sin burbujas.<\/p>","protected":false},"excerpt":{"rendered":"<p>Si utiliza un pin m\u00f3vil, naturalmente querr\u00e1 protegerlo bien contra accidentes y da\u00f1os. El protector de pantalla v400m proporciona una protecci\u00f3n extra sin restricciones. El protector de pantalla proporciona una capa adicional de protecci\u00f3n para su valioso cajero autom\u00e1tico. Protege la pantalla contra ara\u00f1azos y garantiza una mayor vida \u00fatil de su terminal de pago.<\/p>\n<p>Cristalino<br \/>\ncon revestimiento duro<br \/>\nResistente a la suciedad<br \/>\nF\u00e1cil de instalar y desmontar<\/p>","protected":false},"featured_media":9653,"comment_status":"closed","ping_status":"closed","template":"","meta":[],"product_cat":[791,812],"product_tag":[762,770,3338,822],"acf":[],"_links":{"self":[{"href":"https:\/\/paymentdiscounter.com\/es\/wp-json\/wp\/v2\/product\/8760"}],"collection":[{"href":"https:\/\/paymentdiscounter.com\/es\/wp-json\/wp\/v2\/product"}],"about":[{"href":"https:\/\/paymentdiscounter.com\/es\/wp-json\/wp\/v2\/types\/product"}],"replies":[{"embeddable":true,"href":"https:\/\/paymentdiscounter.com\/es\/wp-json\/wp\/v2\/comments?post=8760"}],"version-history":[{"count":6,"href":"https:\/\/paymentdiscounter.com\/es\/wp-json\/wp\/v2\/product\/8760\/revisions"}],"predecessor-version":[{"id":26321,"href":"https:\/\/paymentdiscounter.com\/es\/wp-json\/wp\/v2\/product\/8760\/revisions\/26321"}],"wp:featuredmedia":[{"embeddable":true,"href":"https:\/\/paymentdiscounter.com\/es\/wp-json\/wp\/v2\/media\/9653"}],"wp:attachment":[{"href":"https:\/\/paymentdiscounter.com\/es\/wp-json\/wp\/v2\/media?parent=8760"}],"wp:term":[{"taxonomy":"product_cat","embeddable":true,"href":"https:\/\/paymentdiscounter.com\/es\/wp-json\/wp\/v2\/product_cat?post=8760"},{"taxonomy":"product_tag","embeddable":true,"href":"https:\/\/paymentdiscounter.com\/es\/wp-json\/wp\/v2\/product_tag?post=8760"}],"curies":[{"name":"wp","href":"https:\/\/api.w.org\/{rel}","templated":true}]}}