{"id":8409,"date":"2021-11-28T14:39:58","date_gmt":"2021-11-28T14:39:58","guid":{"rendered":"https:\/\/paymentdiscounter.com\/product\/sumup-3g-pinapparaat-2\/"},"modified":"2023-06-26T20:08:41","modified_gmt":"2023-06-26T20:08:41","slug":"terminal-de-pago-sumup-3g","status":"publish","type":"product","link":"https:\/\/paymentdiscounter.com\/es\/producto\/terminal-de-pago-sumup-3g\/","title":{"rendered":"Sumup Terminal de pago 3G"},"content":{"rendered":"<p>Sumup 3G ATM<br \/>\nEl terminal de pago Sumup 3G es el terminal de pago ideal para principiantes o peque\u00f1os aut\u00f3nomos. El n\u00famero de empresarios ha aumentado considerablemente en los \u00faltimos a\u00f1os y con \u00e9l el n\u00famero de pagos con tarjeta de d\u00e9bito. Estamos acostumbrados a poder pagar con tarjeta de d\u00e9bito en casi todas partes. En el mercado, en el taxi, en la cantina de su asociaci\u00f3n deportiva local o simplemente en la puerta si ha pedido algo a trav\u00e9s de Thuisbezorgd.<\/p>\n<p>Venda lo que venda, el Sumup 3G est\u00e1 preparado. Deje que sus clientes paguen de forma r\u00e1pida y barata, sin costes mensuales ni suscripciones caras. S\u00f3lo pagar\u00e1 un porcentaje fijo por transacci\u00f3n y, por lo tanto, nunca se encontrar\u00e1 con sorpresas a posteriori. Para todos los empresarios que no procesan transacciones todos los d\u00edas, el Sumup 3G es un cajero peque\u00f1o y compacto con todas las funciones y m\u00e9todos de pago que cabe esperar de un terminal de pago moderno.<\/p>\n<p>Las ventajas<\/p>\n<p>Sin costes de instalaci\u00f3n ni configuraci\u00f3n.<br \/>\nBajo precio de compra de s\u00f3lo 99 euros<br \/>\nSin cuotas mensuales ni peri\u00f3dicas.<br \/>\nPague s\u00f3lo un porcentaje fijo por transacci\u00f3n.<br \/>\nDatos gratis y siempre buena cobertura con la tarjeta SIM 3G de KPN integrada<\/p>\n<p>Caracter\u00edsticas<\/p>\n<p>Con pago sin contacto.<br \/>\nEnv\u00ede f\u00e1cilmente recibos de transacciones por correo.<br \/>\nCapacidad para fijar la propina.<br \/>\nConfigurar usuarios y cuentas de empleados.<br \/>\nEl cajero Sumup acepta todas las tarjetas bancarias y de cr\u00e9dito.<\/p>\n<p>Muy adecuado para<\/p>\n<p>Vendedores del mercado<br \/>\nRepartidores y mensajeros<br \/>\naut\u00f3nomos<br \/>\nTaxistas<br \/>\nFerias y congresos<br \/>\nEventos o festivales<\/p>\n<p>El terminal de pago Sumup es adecuado para todos los sectores, pero lo utilizan sobre todo los peque\u00f1os empresarios. Si recibe muchos pagos, o si el valor de la transacci\u00f3n es bastante alto, un cajero autom\u00e1tico con contrato permanente es probablemente una alternativa m\u00e1s barata. Entonces pagar\u00e1 una cantidad fija por transacci\u00f3n (normalmente 0,25 euros) en lugar de un porcentaje del precio de venta.<\/p>","protected":false},"excerpt":{"rendered":"<p>El Sumup 3G es un cajero compacto sin cargos mensuales ni recurrentes. S\u00f3lo pagar\u00e1 una tarifa fija por transacci\u00f3n y no tendr\u00e1 que preocuparse por costosos contratos de mantenimiento y servicio. El lector de tarjetas sumup es ideal para peque\u00f1os empresarios o empresarios que empiezan.<\/p>\n<p>El Sumup 3G est\u00e1 equipado con una tarjeta SIM integrada. Por lo tanto, no es necesario vincular el terminal de pago al smartphone. El resultado es una conexi\u00f3n pin r\u00e1pida y estable en cualquier lugar de los Pa\u00edses Bajos. Consulte toda la informaci\u00f3n y las opciones a continuaci\u00f3n o solicite el Sumup 3G f\u00e1cilmente en la tienda web.<\/p>","protected":false},"featured_media":9525,"comment_status":"open","ping_status":"closed","template":"","meta":[],"product_cat":[842,843],"product_tag":[944,734,767,1225],"acf":[],"_links":{"self":[{"href":"https:\/\/paymentdiscounter.com\/es\/wp-json\/wp\/v2\/product\/8409"}],"collection":[{"href":"https:\/\/paymentdiscounter.com\/es\/wp-json\/wp\/v2\/product"}],"about":[{"href":"https:\/\/paymentdiscounter.com\/es\/wp-json\/wp\/v2\/types\/product"}],"replies":[{"embeddable":true,"href":"https:\/\/paymentdiscounter.com\/es\/wp-json\/wp\/v2\/comments?post=8409"}],"version-history":[{"count":8,"href":"https:\/\/paymentdiscounter.com\/es\/wp-json\/wp\/v2\/product\/8409\/revisions"}],"predecessor-version":[{"id":20732,"href":"https:\/\/paymentdiscounter.com\/es\/wp-json\/wp\/v2\/product\/8409\/revisions\/20732"}],"wp:featuredmedia":[{"embeddable":true,"href":"https:\/\/paymentdiscounter.com\/es\/wp-json\/wp\/v2\/media\/9525"}],"wp:attachment":[{"href":"https:\/\/paymentdiscounter.com\/es\/wp-json\/wp\/v2\/media?parent=8409"}],"wp:term":[{"taxonomy":"product_cat","embeddable":true,"href":"https:\/\/paymentdiscounter.com\/es\/wp-json\/wp\/v2\/product_cat?post=8409"},{"taxonomy":"product_tag","embeddable":true,"href":"https:\/\/paymentdiscounter.com\/es\/wp-json\/wp\/v2\/product_tag?post=8409"}],"curies":[{"name":"wp","href":"https:\/\/api.w.org\/{rel}","templated":true}]}}