{"id":4582,"date":"2020-02-08T23:39:06","date_gmt":"2020-02-08T23:39:06","guid":{"rendered":"https:\/\/paymentdiscounter.com\/product\/v400m-beschermhoes-black\/"},"modified":"2026-04-24T16:22:09","modified_gmt":"2026-04-24T16:22:09","slug":"verifone-v400m-funda-protectora-negra","status":"publish","type":"product","link":"https:\/\/paymentdiscounter.com\/es\/producto\/verifone-v400m-funda-protectora-negra\/","title":{"rendered":"Funda protectora V400m Negro"},"content":{"rendered":"<p><strong>Verifone V400m Malet\u00edn Negro<\/strong><br \/>\nLa funda Verifone v400m es el modelo negro de nuestra gama. La funda es f\u00e1cil de colocar y proporciona protecci\u00f3n adicional durante su trabajo. La funda protectora est\u00e1 hecha de silicona respetuosa con el medio ambiente y le proporciona un control adicional al entregar la m\u00e1quina de pago. De esta forma se evitan accidentes y costes de reparaci\u00f3n.<\/p>\n<p>Hay patrones de agarre en ambos lados de la cubierta protectora que garantizan que el terminal de pago se apoye mejor en la mano. Incluso con las manos mojadas. Utilice una funda para terminales de pago y proteja su terminal de forma \u00f3ptima.<br \/>\nComo cada empresa es diferente, hemos elegido diferentes colores que se adaptan al aspecto de su empresa.<\/p>\n<p><strong>Las ventajas<\/strong><br \/>\nCarga la bater\u00eda sin quitar la tapa<br \/>\nM\u00e1s agarre al entregar el terminal<br \/>\nMaterial extra grueso para una protecci\u00f3n \u00f3ptima<br \/>\nMuy visible gracias a sus llamativos colores<\/p>\n<p><strong>Las variantes<\/strong><br \/>\nVerifone V400m Malet\u00edn Negro<br \/>\nVerifone V400m Estuche Azul Oscuro<br \/>\nVerifone V400m Estuche LightBue<br \/>\nVerifone V400m Malet\u00edn Gris<br \/>\nVerifone V400m Estuche Rojo<\/p>\n<p><strong>Muy adecuado para<\/strong><br \/>\nComerciantes<br \/>\nRepartidores y mensajeros<br \/>\nAut\u00f3nomos<br \/>\nTaxistas<br \/>\nFerias y congresos<br \/>\nEventos o festivales<\/p>\n<p>La funda protectora negra Verifone V400m es el modelo m\u00e1s oscuro de nuestra colecci\u00f3n. La funda v400m tiene una capa extra de silicona para que su terminal de pago permanezca a\u00fan mejor protegido. Adem\u00e1s, puede cargar f\u00e1cilmente el terminal de pago a trav\u00e9s de la entrada de alimentaci\u00f3n situada en el lateral. Para evitar que la humedad y el agua da\u00f1en el terminal de pago, los laterales y la parte inferior est\u00e1n cerrados.<\/p>","protected":false},"excerpt":{"rendered":"<p>Puede utilizar una funda protectora para evitar da\u00f1os en su terminal de pago m\u00f3vil. Hecha a medida para el verifone v400m y disponible en varios colores. La funda protectora Verifone est\u00e1 hecha de silicona duradera y respetuosa con el medio ambiente. Esto hace que tenga un tacto rugoso y se sienta mejor en la mano.<\/p>","protected":false},"featured_media":9626,"comment_status":"closed","ping_status":"closed","template":"","meta":[],"product_cat":[791,812],"product_tag":[3840,717,735,3844,749,770,775,810,811,3338,3041],"acf":[],"_links":{"self":[{"href":"https:\/\/paymentdiscounter.com\/es\/wp-json\/wp\/v2\/product\/4582"}],"collection":[{"href":"https:\/\/paymentdiscounter.com\/es\/wp-json\/wp\/v2\/product"}],"about":[{"href":"https:\/\/paymentdiscounter.com\/es\/wp-json\/wp\/v2\/types\/product"}],"replies":[{"embeddable":true,"href":"https:\/\/paymentdiscounter.com\/es\/wp-json\/wp\/v2\/comments?post=4582"}],"version-history":[{"count":8,"href":"https:\/\/paymentdiscounter.com\/es\/wp-json\/wp\/v2\/product\/4582\/revisions"}],"predecessor-version":[{"id":36631,"href":"https:\/\/paymentdiscounter.com\/es\/wp-json\/wp\/v2\/product\/4582\/revisions\/36631"}],"wp:featuredmedia":[{"embeddable":true,"href":"https:\/\/paymentdiscounter.com\/es\/wp-json\/wp\/v2\/media\/9626"}],"wp:attachment":[{"href":"https:\/\/paymentdiscounter.com\/es\/wp-json\/wp\/v2\/media?parent=4582"}],"wp:term":[{"taxonomy":"product_cat","embeddable":true,"href":"https:\/\/paymentdiscounter.com\/es\/wp-json\/wp\/v2\/product_cat?post=4582"},{"taxonomy":"product_tag","embeddable":true,"href":"https:\/\/paymentdiscounter.com\/es\/wp-json\/wp\/v2\/product_tag?post=4582"}],"curies":[{"name":"wp","href":"https:\/\/api.w.org\/{rel}","templated":true}]}}