{"id":39341,"date":"2026-04-18T12:25:14","date_gmt":"2026-04-18T12:25:14","guid":{"rendered":"https:\/\/paymentdiscounter.com\/"},"modified":"2026-04-18T13:20:17","modified_gmt":"2026-04-18T13:20:17","slug":"pax-a960-tapa-de-la-bateria","status":"publish","type":"product","link":"https:\/\/paymentdiscounter.com\/es\/producto\/pax-a960-tapa-de-la-bateria\/","title":{"rendered":"Pax A960 Tapa de la bater\u00eda"},"content":{"rendered":"<p><strong>Tapa de la bater\u00eda PAX A960<\/strong><br \/>\nPuede ocurrir que su terminal de pago sufra da\u00f1os en la cubierta trasera, por ejemplo a causa de una ca\u00edda o un impacto. Esto suele notarse en el mecanismo de cierre de la parte inferior, que normalmente garantiza un cierre seguro y firme de la bater\u00eda. Cuando \u00e9ste deja de funcionar correctamente, es aconsejable sustituir la tapa trasera r\u00e1pidamente para evitar que la bater\u00eda se suelte durante el uso.<\/p>\n<p>Un arreglo temporal como asegurarla con cinta adhesiva puede parecer c\u00f3modo, pero el riesgo de fallos de funcionamiento o cortocircuitos sigue siendo importante. Sustituya la tapa trasera de forma r\u00e1pida y sencilla con una nueva tapa de bater\u00eda PAX A960, para que su terminal vuelva a ser seguro y fiable.<\/p>\n<p><strong>Compatible con:<\/strong> PAX A960<br \/>\n<strong>Instalaci\u00f3n:<\/strong> F\u00e1cil de sustituir, no se necesitan herramientas<\/p>","protected":false},"excerpt":{"rendered":"<p>Puede ocurrir que su terminal de pago sufra da\u00f1os en la tapa trasera, por ejemplo por una ca\u00edda o un impacto. Si deja de funcionar correctamente, es aconsejable sustituir la cubierta trasera r\u00e1pidamente para evitar que la bater\u00eda se suelte durante el uso.<\/p>","protected":false},"featured_media":39348,"comment_status":"closed","ping_status":"closed","template":"","meta":[],"product_cat":[730,2652],"product_tag":[2654,3757,2612,728,2653,2611,3711],"acf":[],"_links":{"self":[{"href":"https:\/\/paymentdiscounter.com\/es\/wp-json\/wp\/v2\/product\/39341"}],"collection":[{"href":"https:\/\/paymentdiscounter.com\/es\/wp-json\/wp\/v2\/product"}],"about":[{"href":"https:\/\/paymentdiscounter.com\/es\/wp-json\/wp\/v2\/types\/product"}],"replies":[{"embeddable":true,"href":"https:\/\/paymentdiscounter.com\/es\/wp-json\/wp\/v2\/comments?post=39341"}],"version-history":[{"count":2,"href":"https:\/\/paymentdiscounter.com\/es\/wp-json\/wp\/v2\/product\/39341\/revisions"}],"predecessor-version":[{"id":39369,"href":"https:\/\/paymentdiscounter.com\/es\/wp-json\/wp\/v2\/product\/39341\/revisions\/39369"}],"wp:featuredmedia":[{"embeddable":true,"href":"https:\/\/paymentdiscounter.com\/es\/wp-json\/wp\/v2\/media\/39348"}],"wp:attachment":[{"href":"https:\/\/paymentdiscounter.com\/es\/wp-json\/wp\/v2\/media?parent=39341"}],"wp:term":[{"taxonomy":"product_cat","embeddable":true,"href":"https:\/\/paymentdiscounter.com\/es\/wp-json\/wp\/v2\/product_cat?post=39341"},{"taxonomy":"product_tag","embeddable":true,"href":"https:\/\/paymentdiscounter.com\/es\/wp-json\/wp\/v2\/product_tag?post=39341"}],"curies":[{"name":"wp","href":"https:\/\/api.w.org\/{rel}","templated":true}]}}