{"id":38376,"date":"2026-01-29T12:02:27","date_gmt":"2026-01-29T12:02:27","guid":{"rendered":"https:\/\/paymentdiscounter.com\/?post_type=product&#038;p=38376"},"modified":"2026-01-29T12:04:38","modified_gmt":"2026-01-29T12:04:38","slug":"funda-dejavoo-p3","status":"publish","type":"product","link":"https:\/\/paymentdiscounter.com\/es\/producto\/funda-dejavoo-p3\/","title":{"rendered":"Funda Dejavoo P3"},"content":{"rendered":"<p>La funda Dejavoo P3 Holster es una forma segura y ligera de tener a mano el terminal de pago en cafeter\u00edas, restaurantes o eventos. Fabricada en resistente tejido Cordura\u00ae y con un peso de s\u00f3lo 75 g, combina durabilidad y comodidad para el d\u00eda a d\u00eda.<\/p>\n<p>Dise\u00f1ada para uso profesional, viene con una resistente correa para el cintur\u00f3n que permite tener las manos libres y admite una correa opcional para el hombro para una mayor flexibilidad. Con una garant\u00eda de 5 a\u00f1os incluida, esta funda est\u00e1 fabricada para satisfacer las exigencias del intenso trabajo diario.<\/p>\n<ul>\n<li>Material Cordura\u00ae resistente para una m\u00e1xima solidez<\/li>\n<li>Correa de cintur\u00f3n resistente incluida<\/li>\n<li>Ligereza: s\u00f3lo 75 g<\/li>\n<li>Compatible con bandolera<\/li>\n<li>Protegido por una garant\u00eda de 5 a\u00f1os<\/li>\n<\/ul>","protected":false},"excerpt":{"rendered":"<p>Trabaje de forma m\u00e1s eficiente con la funda Dejavoo P3 Holster. Dise\u00f1ada para el procesamiento de pagos con manos libres en restaurantes, cafeter\u00edas o eventos. Fabricada con tejido Cordura\u00ae de primera calidad, esta funda de 75 g ofrece una durabilidad fiable sin dejar de ser excepcionalmente ligera y c\u00f3moda de llevar.<\/p>\n<p>Viene con una resistente correa de cintur\u00f3n para una sujeci\u00f3n segura y puede combinarse con una correa de hombro opcional para una mayor flexibilidad. Con una garant\u00eda de 5 a\u00f1os, tu dispositivo estar\u00e1 protegido y siempre a mano.<\/p>\n<ul>\n<li>Tejido Cordura\u00ae duradero para un uso prolongado<\/li>\n<li>Correa de cintur\u00f3n de seguridad incluida<\/li>\n<li>Construcci\u00f3n ligera: s\u00f3lo 75 g<\/li>\n<li>Bandolera opcional<\/li>\n<li>5 a\u00f1os de garant\u00eda<\/li>\n<\/ul>","protected":false},"featured_media":38378,"comment_status":"closed","ping_status":"closed","template":"","meta":[],"product_cat":[1720,1722],"product_tag":[1843,4173,4172,1844,702,3816],"acf":[],"_links":{"self":[{"href":"https:\/\/paymentdiscounter.com\/es\/wp-json\/wp\/v2\/product\/38376"}],"collection":[{"href":"https:\/\/paymentdiscounter.com\/es\/wp-json\/wp\/v2\/product"}],"about":[{"href":"https:\/\/paymentdiscounter.com\/es\/wp-json\/wp\/v2\/types\/product"}],"replies":[{"embeddable":true,"href":"https:\/\/paymentdiscounter.com\/es\/wp-json\/wp\/v2\/comments?post=38376"}],"version-history":[{"count":1,"href":"https:\/\/paymentdiscounter.com\/es\/wp-json\/wp\/v2\/product\/38376\/revisions"}],"predecessor-version":[{"id":38384,"href":"https:\/\/paymentdiscounter.com\/es\/wp-json\/wp\/v2\/product\/38376\/revisions\/38384"}],"wp:featuredmedia":[{"embeddable":true,"href":"https:\/\/paymentdiscounter.com\/es\/wp-json\/wp\/v2\/media\/38378"}],"wp:attachment":[{"href":"https:\/\/paymentdiscounter.com\/es\/wp-json\/wp\/v2\/media?parent=38376"}],"wp:term":[{"taxonomy":"product_cat","embeddable":true,"href":"https:\/\/paymentdiscounter.com\/es\/wp-json\/wp\/v2\/product_cat?post=38376"},{"taxonomy":"product_tag","embeddable":true,"href":"https:\/\/paymentdiscounter.com\/es\/wp-json\/wp\/v2\/product_tag?post=38376"}],"curies":[{"name":"wp","href":"https:\/\/api.w.org\/{rel}","templated":true}]}}