{"id":38344,"date":"2026-01-29T11:49:03","date_gmt":"2026-01-29T11:49:03","guid":{"rendered":"https:\/\/paymentdiscounter.com\/?post_type=product&#038;p=38344"},"modified":"2026-01-29T14:27:46","modified_gmt":"2026-01-29T14:27:46","slug":"funda-ciontek-cs50","status":"publish","type":"product","link":"https:\/\/paymentdiscounter.com\/es\/producto\/funda-ciontek-cs50\/","title":{"rendered":"Funda Ciontek CS50"},"content":{"rendered":"<p><strong>Ciontek CS50 | Robusto, ligero y seguro<\/strong><\/p>\n<p>La funda Ciontek CS50 Pouch Holster ofrece comodidad y estabilidad, y est\u00e1 pensada para los profesionales que necesitan tener siempre a mano su terminal de pago o TPV m\u00f3vil. Fabricada con el resistente tejido Cordura\u00ae, ofrece una resistencia extrema al desgaste y dura hasta diez veces m\u00e1s que los materiales est\u00e1ndar. Incluso en entornos de trabajo exigentes.<\/p>\n<p>\ud83d\udd39 <strong>Comodidad ultraligera:<\/strong> S\u00f3lo pesa 46 g, casi imperceptible cuando se lleva.<br \/>\n\ud83d\udd39 <strong>Corte a medida:<\/strong> Perfecto para terminales de pago delgados y planos.<br \/>\n\ud83d\udd39 <strong>Banda el\u00e1stica de seguridad:<\/strong> Mantiene tu dispositivo seguro y evita ca\u00eddas accidentales.<br \/>\n\ud83d\udd39 <strong>Acceso r\u00e1pido:<\/strong> Se deslizan hacia dentro o hacia fuera r\u00e1pidamente para un uso suave y eficaz.<br \/>\n\ud83d\udd39 <strong>Portabol\u00edgrafos integrado:<\/strong> Tenga siempre un bol\u00edgrafo a mano.<br \/>\n\ud83d\udd39 <strong>Clip para cintur\u00f3n y presilla:<\/strong> Cierre ajustable, listo para llevar al instante.<br \/>\n\ud83d\udd39 <strong>5 a\u00f1os de garant\u00eda:<\/strong> Duradero y resistente a la rotura.<\/p>\n<p>Ya sea en el comercio minorista, la log\u00edstica o el servicio de campo, la funda Ciontek CS50 Pouch Holster ofrece la combinaci\u00f3n perfecta de durabilidad, comodidad y seguridad.<\/p>","protected":false},"excerpt":{"rendered":"<p>La funda Ciontek CS50 Pouch Holster es una soluci\u00f3n ligera y pr\u00e1ctica para transportar terminales de pago planos y delgados en cafeter\u00edas, restaurantes o almacenes. Con un peso de tan solo 46 g, est\u00e1 fabricada con material Cordura\u00ae duradero que ofrece una excelente resistencia al desgarro, una larga durabilidad y un uso diario seguro.<\/p>\n<ul>\n<li>Incluye 5 a\u00f1os de garant\u00eda<\/li>\n<li>Se entrega con cintur\u00f3n de cadera<\/li>\n<li>Ajuste perfecto para terminales de pago planos y delgados<\/li>\n<li>Dise\u00f1o ligero como una pluma: s\u00f3lo 46 g<\/li>\n<li>Correa el\u00e1stica para mayor seguridad del dispositivo<\/li>\n<li>Portabol\u00edgrafos integrado para mayor comodidad<\/li>\n<\/ul>","protected":false},"featured_media":38346,"comment_status":"closed","ping_status":"closed","template":"","meta":[],"product_cat":[3225,4158],"product_tag":[3228,4146,4159,4147,4160,702,3816],"acf":[],"_links":{"self":[{"href":"https:\/\/paymentdiscounter.com\/es\/wp-json\/wp\/v2\/product\/38344"}],"collection":[{"href":"https:\/\/paymentdiscounter.com\/es\/wp-json\/wp\/v2\/product"}],"about":[{"href":"https:\/\/paymentdiscounter.com\/es\/wp-json\/wp\/v2\/types\/product"}],"replies":[{"embeddable":true,"href":"https:\/\/paymentdiscounter.com\/es\/wp-json\/wp\/v2\/comments?post=38344"}],"version-history":[{"count":1,"href":"https:\/\/paymentdiscounter.com\/es\/wp-json\/wp\/v2\/product\/38344\/revisions"}],"predecessor-version":[{"id":38348,"href":"https:\/\/paymentdiscounter.com\/es\/wp-json\/wp\/v2\/product\/38344\/revisions\/38348"}],"wp:featuredmedia":[{"embeddable":true,"href":"https:\/\/paymentdiscounter.com\/es\/wp-json\/wp\/v2\/media\/38346"}],"wp:attachment":[{"href":"https:\/\/paymentdiscounter.com\/es\/wp-json\/wp\/v2\/media?parent=38344"}],"wp:term":[{"taxonomy":"product_cat","embeddable":true,"href":"https:\/\/paymentdiscounter.com\/es\/wp-json\/wp\/v2\/product_cat?post=38344"},{"taxonomy":"product_tag","embeddable":true,"href":"https:\/\/paymentdiscounter.com\/es\/wp-json\/wp\/v2\/product_tag?post=38344"}],"curies":[{"name":"wp","href":"https:\/\/api.w.org\/{rel}","templated":true}]}}