{"id":38225,"date":"2026-01-14T10:44:21","date_gmt":"2026-01-14T10:44:21","guid":{"rendered":"https:\/\/paymentdiscounter.com\/?post_type=product&#038;p=38225"},"modified":"2026-01-14T10:46:39","modified_gmt":"2026-01-14T10:46:39","slug":"protector-de-pantalla-axium-ex6000","status":"publish","type":"product","link":"https:\/\/paymentdiscounter.com\/es\/producto\/protector-de-pantalla-axium-ex6000\/","title":{"rendered":"AXIUM EX6000 Protector de pantalla"},"content":{"rendered":"<p>Protector de pantalla Ingenico EX6000 - Protecci\u00f3n definitiva para su terminal de pago<\/p>\n<p>Proteja su terminal de pago m\u00f3vil Ingenico EX6000 con este resistente protector de pantalla. Evita ara\u00f1azos, polvo y da\u00f1os para mantener tu dispositivo en las mejores condiciones durante m\u00e1s tiempo.<\/p>\n<p>Ventajas:<br \/>\n\u2714 Pantalla n\u00edtida con funcionalidad t\u00e1ctil total<br \/>\n\u2714 Revestimiento resistente a los ara\u00f1azos y la suciedad para una protecci\u00f3n duradera.<br \/>\n\u2714 F\u00e1cil de aplicar y retirar sin residuos pegajosos<br \/>\n\u2714 Perfecto para empresarios que utilizan su terminal de pago de forma intensiva<\/p>","protected":false},"excerpt":{"rendered":"<p>Proteja su terminal de pago Ingenico EX6000 con este resistente protector de pantalla y evite ara\u00f1azos en la pantalla. Prolongue la vida \u00fatil de su terminal, perfectamente adaptado para un uso intensivo en comercios y hosteler\u00eda.<\/p>","protected":false},"featured_media":35842,"comment_status":"closed","ping_status":"closed","template":"","meta":[],"product_cat":[705,2672],"product_tag":[3413,2673,3808,4128,3411,3809,762],"acf":[],"_links":{"self":[{"href":"https:\/\/paymentdiscounter.com\/es\/wp-json\/wp\/v2\/product\/38225"}],"collection":[{"href":"https:\/\/paymentdiscounter.com\/es\/wp-json\/wp\/v2\/product"}],"about":[{"href":"https:\/\/paymentdiscounter.com\/es\/wp-json\/wp\/v2\/types\/product"}],"replies":[{"embeddable":true,"href":"https:\/\/paymentdiscounter.com\/es\/wp-json\/wp\/v2\/comments?post=38225"}],"version-history":[{"count":1,"href":"https:\/\/paymentdiscounter.com\/es\/wp-json\/wp\/v2\/product\/38225\/revisions"}],"predecessor-version":[{"id":38226,"href":"https:\/\/paymentdiscounter.com\/es\/wp-json\/wp\/v2\/product\/38225\/revisions\/38226"}],"wp:featuredmedia":[{"embeddable":true,"href":"https:\/\/paymentdiscounter.com\/es\/wp-json\/wp\/v2\/media\/35842"}],"wp:attachment":[{"href":"https:\/\/paymentdiscounter.com\/es\/wp-json\/wp\/v2\/media?parent=38225"}],"wp:term":[{"taxonomy":"product_cat","embeddable":true,"href":"https:\/\/paymentdiscounter.com\/es\/wp-json\/wp\/v2\/product_cat?post=38225"},{"taxonomy":"product_tag","embeddable":true,"href":"https:\/\/paymentdiscounter.com\/es\/wp-json\/wp\/v2\/product_tag?post=38225"}],"curies":[{"name":"wp","href":"https:\/\/api.w.org\/{rel}","templated":true}]}}