{"id":37843,"date":"2025-09-20T10:19:39","date_gmt":"2025-09-20T10:19:39","guid":{"rendered":"https:\/\/paymentdiscounter.com\/?post_type=product&#038;p=37843"},"modified":"2025-09-20T10:32:09","modified_gmt":"2025-09-20T10:32:09","slug":"funda-castles-v1m","status":"publish","type":"product","link":"https:\/\/paymentdiscounter.com\/es\/producto\/funda-castles-v1m\/","title":{"rendered":"Funda Castles V1M"},"content":{"rendered":"<p>Lleve su terminal de pago Castles V1M con facilidad utilizando esta funda profesional. Con un peso de s\u00f3lo 75 gramos, est\u00e1 fabricada con un robusto tejido Cordura\u00ae que resiste el uso diario sin dejar de ser ligera y c\u00f3moda. Ya sea en cafeter\u00edas, restaurantes o eventos muy concurridos, esta funda garantiza que su dispositivo est\u00e9 seguro, accesible y siempre listo para realizar transacciones r\u00e1pidas con los clientes.<\/p>\n<p>Creado para un uso profesional exigente, viene equipado con una correa reforzada para tener las manos libres, compatibilidad opcional con correa para el hombro para una mayor flexibilidad y una garant\u00eda de 5 a\u00f1os para su tranquilidad.<\/p>\n<ul>\n<li>Construcci\u00f3n duradera en Cordura<\/li>\n<li>Incluye correa reforzada para el cintur\u00f3n<\/li>\n<li>Dise\u00f1o ligero: s\u00f3lo 75 g<\/li>\n<li>Compatible con bandolera opcional<\/li>\n<li>5 a\u00f1os de garant\u00eda<\/li>\n<\/ul>","protected":false},"excerpt":{"rendered":"<p>La funda Castles V1M Holster mantiene su terminal de pago seguro y con las manos libres en cafeter\u00edas, restaurantes o eventos. Con un peso de s\u00f3lo 75 g, est\u00e1 fabricada en resistente tejido Cordura\u00ae para una comodidad y protecci\u00f3n duraderas. Incluye correa para el cintur\u00f3n, correa opcional para el hombro y 5 a\u00f1os de garant\u00eda.<\/p>\n<ul>\n<li>Material Cordura\u00ae de primera calidad<\/li>\n<li>Incluye una resistente correa para el cintur\u00f3n<\/li>\n<li>Ultraligero: S\u00f3lo 75 g<\/li>\n<li>Compatible con bandolera opcional<\/li>\n<li>Garant\u00eda de 5 a\u00f1os incluida<\/li>\n<\/ul>","protected":false},"featured_media":37856,"comment_status":"closed","ping_status":"closed","template":"","meta":[],"product_cat":[1550,3579],"product_tag":[1857,3584,3580,4091,702,3816,3581,4092],"acf":[],"_links":{"self":[{"href":"https:\/\/paymentdiscounter.com\/es\/wp-json\/wp\/v2\/product\/37843"}],"collection":[{"href":"https:\/\/paymentdiscounter.com\/es\/wp-json\/wp\/v2\/product"}],"about":[{"href":"https:\/\/paymentdiscounter.com\/es\/wp-json\/wp\/v2\/types\/product"}],"replies":[{"embeddable":true,"href":"https:\/\/paymentdiscounter.com\/es\/wp-json\/wp\/v2\/comments?post=37843"}],"version-history":[{"count":1,"href":"https:\/\/paymentdiscounter.com\/es\/wp-json\/wp\/v2\/product\/37843\/revisions"}],"predecessor-version":[{"id":37860,"href":"https:\/\/paymentdiscounter.com\/es\/wp-json\/wp\/v2\/product\/37843\/revisions\/37860"}],"wp:featuredmedia":[{"embeddable":true,"href":"https:\/\/paymentdiscounter.com\/es\/wp-json\/wp\/v2\/media\/37856"}],"wp:attachment":[{"href":"https:\/\/paymentdiscounter.com\/es\/wp-json\/wp\/v2\/media?parent=37843"}],"wp:term":[{"taxonomy":"product_cat","embeddable":true,"href":"https:\/\/paymentdiscounter.com\/es\/wp-json\/wp\/v2\/product_cat?post=37843"},{"taxonomy":"product_tag","embeddable":true,"href":"https:\/\/paymentdiscounter.com\/es\/wp-json\/wp\/v2\/product_tag?post=37843"}],"curies":[{"name":"wp","href":"https:\/\/api.w.org\/{rel}","templated":true}]}}