{"id":37564,"date":"2025-09-16T19:35:50","date_gmt":"2025-09-16T19:35:50","guid":{"rendered":"https:\/\/paymentdiscounter.com\/?post_type=product&#038;p=37564"},"modified":"2025-09-16T19:51:18","modified_gmt":"2025-09-16T19:51:18","slug":"verifone-e280s-funda-compacta","status":"publish","type":"product","link":"https:\/\/paymentdiscounter.com\/es\/producto\/verifone-e280s-funda-compacta\/","title":{"rendered":"Funda compacta Verifone E280s"},"content":{"rendered":"<p>La funda Verifone E280s Holster Compact ofrece una forma segura y ultraligera de llevar su terminal de pago, con un peso de s\u00f3lo 66 g. Fabricada con Cordura\u00ae, que es hasta diez veces m\u00e1s resistente que los tejidos est\u00e1ndar, esta funda garantiza una durabilidad y protecci\u00f3n excepcionales. Est\u00e1 dise\u00f1ada para profesionales del comercio minorista, el reparto y las ventas m\u00f3viles que necesitan fiabilidad y comodidad a diario.<\/p>\n<p>Equipado con un cierre de velcro oculto, un portabol\u00edgrafos integrado y un compartimento adicional para objetos peque\u00f1os o billetes. Proporciona tanto seguridad como practicidad. La funda se suministra con un cintur\u00f3n de cadera de 30 mm y tambi\u00e9n puede utilizarse con una correa opcional para el hombro, para una mayor comodidad de transporte.<\/p>\n<p><strong>Especificaciones t\u00e9cnicas<\/strong><\/p>\n<ul>\n<li>Fabricado con aut\u00e9ntica Cordura\u00ae, hasta 10 veces m\u00e1s resistente que el tejido est\u00e1ndar<\/li>\n<li>Construcci\u00f3n ligera: s\u00f3lo 66 g<\/li>\n<li>Durabilidad garantizada con 5 a\u00f1os de garant\u00eda<\/li>\n<li>Adecuado para dispositivos de pago del tama\u00f1o de un smartphone<\/li>\n<li>Cierre de velcro oculto para un ajuste seguro<\/li>\n<li>Incluye cintur\u00f3n de cadera de 30 mm<\/li>\n<li>Bandolera opcional<\/li>\n<li>Bolsillo adicional para accesorios o recibos<\/li>\n<li>Ranura para bol\u00edgrafo integrada para uso diario<\/li>\n<\/ul>","protected":false},"excerpt":{"rendered":"<p>La funda Verifone E280s Holster Compact es una soluci\u00f3n de transporte ligera de s\u00f3lo 66 gramos dise\u00f1ada para proteger y transportar terminales de pago del tama\u00f1o de un smartphone. Fabricada en resistente Cordura\u00ae, esta funda est\u00e1 dise\u00f1ada para un uso diario intensivo en comercios, entregas y pagos m\u00f3viles.<\/p>\n<p>Se entrega con un cintur\u00f3n para la cadera y es compatible con una correa para el hombro opcional, por lo que ofrece una comodidad de transporte vers\u00e1til que la convierte en la compa\u00f1era perfecta para los profesionales que se desplazan.<\/p>\n<ul>\n<li>Peso ligero como una pluma: s\u00f3lo 66 g<\/li>\n<li>Sistema de cierre seguro con velcro<\/li>\n<li>Bandolera opcional<\/li>\n<li>Se suministra con cintur\u00f3n de cadera<\/li>\n<li>5 a\u00f1os de garant\u00eda<\/li>\n<\/ul>","protected":false},"featured_media":37565,"comment_status":"closed","ping_status":"closed","template":"","meta":[],"product_cat":[791,1595],"product_tag":[4034,702,3816,3338,1781,4033,4032],"acf":[],"_links":{"self":[{"href":"https:\/\/paymentdiscounter.com\/es\/wp-json\/wp\/v2\/product\/37564"}],"collection":[{"href":"https:\/\/paymentdiscounter.com\/es\/wp-json\/wp\/v2\/product"}],"about":[{"href":"https:\/\/paymentdiscounter.com\/es\/wp-json\/wp\/v2\/types\/product"}],"replies":[{"embeddable":true,"href":"https:\/\/paymentdiscounter.com\/es\/wp-json\/wp\/v2\/comments?post=37564"}],"version-history":[{"count":1,"href":"https:\/\/paymentdiscounter.com\/es\/wp-json\/wp\/v2\/product\/37564\/revisions"}],"predecessor-version":[{"id":37569,"href":"https:\/\/paymentdiscounter.com\/es\/wp-json\/wp\/v2\/product\/37564\/revisions\/37569"}],"wp:featuredmedia":[{"embeddable":true,"href":"https:\/\/paymentdiscounter.com\/es\/wp-json\/wp\/v2\/media\/37565"}],"wp:attachment":[{"href":"https:\/\/paymentdiscounter.com\/es\/wp-json\/wp\/v2\/media?parent=37564"}],"wp:term":[{"taxonomy":"product_cat","embeddable":true,"href":"https:\/\/paymentdiscounter.com\/es\/wp-json\/wp\/v2\/product_cat?post=37564"},{"taxonomy":"product_tag","embeddable":true,"href":"https:\/\/paymentdiscounter.com\/es\/wp-json\/wp\/v2\/product_tag?post=37564"}],"curies":[{"name":"wp","href":"https:\/\/api.w.org\/{rel}","templated":true}]}}