{"id":37413,"date":"2025-09-16T07:58:35","date_gmt":"2025-09-16T07:58:35","guid":{"rendered":"https:\/\/paymentdiscounter.com\/?post_type=product&#038;p=37413"},"modified":"2025-09-16T08:19:34","modified_gmt":"2025-09-16T08:19:34","slug":"funda-pax-a99-grande","status":"publish","type":"product","link":"https:\/\/paymentdiscounter.com\/es\/producto\/funda-pax-a99-grande\/","title":{"rendered":"Pax A99 Funda Grande"},"content":{"rendered":"<p>La funda Pax A99 grande ofrece un ajuste seguro, una comodidad excelente y una larga durabilidad. Perfecta para su uso en tiendas, log\u00edstica o almacenes. Fabricada con el resistente material Cordura\u00ae, la funda es extremadamente duradera y est\u00e1 hecha para durar incluso en entornos exigentes. Mantiene el terminal de pago m\u00f3vil siempre al alcance de la mano al tiempo que combina comodidad y estabilidad.<\/p>\n<ul>\n<li>Duradero: resistente al desgarro con 5 a\u00f1os de garant\u00eda<\/li>\n<li>Ligero y c\u00f3modo: s\u00f3lo 75 g<\/li>\n<li>Portabol\u00edgrafos integrado: pr\u00e1ctico para el uso diario<\/li>\n<li>Cierre de velcro (puede ocultarse)<\/li>\n<li>Compatible con bandolera opcional<\/li>\n<li>Se adapta a los terminales de pago de forma cl\u00e1sica<\/li>\n<\/ul>","protected":false},"excerpt":{"rendered":"<p>Esta funda PAX A99 le permite trabajar de forma m\u00e1s eficiente y c\u00f3moda. Perfecta para eventos, restaurantes o cafeter\u00edas. Dise\u00f1ada para terminales de pago de forma tradicional.<\/p>\n<ul>\n<li>Material Cordura duradero<\/li>\n<li>Compatible con bandolera opcional<\/li>\n<li>Incluye correa para el cintur\u00f3n<\/li>\n<li>Pr\u00e1ctico portabol\u00edgrafos<\/li>\n<li>Ultraligero: s\u00f3lo 75 g<\/li>\n<li>5 a\u00f1os de garant\u00eda<\/li>\n<\/ul>","protected":false},"featured_media":37419,"comment_status":"closed","ping_status":"closed","template":"","meta":[],"product_cat":[730,3940],"product_tag":[4004,702,4005,4003,2611,3983,3816],"acf":[],"_links":{"self":[{"href":"https:\/\/paymentdiscounter.com\/es\/wp-json\/wp\/v2\/product\/37413"}],"collection":[{"href":"https:\/\/paymentdiscounter.com\/es\/wp-json\/wp\/v2\/product"}],"about":[{"href":"https:\/\/paymentdiscounter.com\/es\/wp-json\/wp\/v2\/types\/product"}],"replies":[{"embeddable":true,"href":"https:\/\/paymentdiscounter.com\/es\/wp-json\/wp\/v2\/comments?post=37413"}],"version-history":[{"count":1,"href":"https:\/\/paymentdiscounter.com\/es\/wp-json\/wp\/v2\/product\/37413\/revisions"}],"predecessor-version":[{"id":37422,"href":"https:\/\/paymentdiscounter.com\/es\/wp-json\/wp\/v2\/product\/37413\/revisions\/37422"}],"wp:featuredmedia":[{"embeddable":true,"href":"https:\/\/paymentdiscounter.com\/es\/wp-json\/wp\/v2\/media\/37419"}],"wp:attachment":[{"href":"https:\/\/paymentdiscounter.com\/es\/wp-json\/wp\/v2\/media?parent=37413"}],"wp:term":[{"taxonomy":"product_cat","embeddable":true,"href":"https:\/\/paymentdiscounter.com\/es\/wp-json\/wp\/v2\/product_cat?post=37413"},{"taxonomy":"product_tag","embeddable":true,"href":"https:\/\/paymentdiscounter.com\/es\/wp-json\/wp\/v2\/product_tag?post=37413"}],"curies":[{"name":"wp","href":"https:\/\/api.w.org\/{rel}","templated":true}]}}