{"id":37397,"date":"2025-09-15T19:10:33","date_gmt":"2025-09-15T19:10:33","guid":{"rendered":"https:\/\/paymentdiscounter.com\/?post_type=product&#038;p=37397"},"modified":"2025-09-15T19:14:22","modified_gmt":"2025-09-15T19:14:22","slug":"funda-pax-d199-compact","status":"publish","type":"product","link":"https:\/\/paymentdiscounter.com\/es\/producto\/funda-pax-d199-compact\/","title":{"rendered":"PAX D199 Funda Compacta"},"content":{"rendered":"<p><strong>PAX D199 Funda Compacta<\/strong><br \/>\nCon un peso de s\u00f3lo 66 gramos, esta funda ultraligera es la elecci\u00f3n perfecta para el comercio minorista, los servicios de entrega y las ventas m\u00f3viles. La funda PAX D199 Holster est\u00e1 fabricada con Cordura\u00ae duradera, lo que garantiza la seguridad y la comodidad de los comerciantes que transportan sus terminales m\u00f3viles, y est\u00e1 respaldada por una garant\u00eda fiable de 5 a\u00f1os.<\/p>\n<p>La funda viene con un cintur\u00f3n de cadera de 30 mm de ancho y puede combinarse con una correa opcional para el hombro. Un discreto cierre de velcro mantiene el dispositivo seguro, mientras que un portabol\u00edgrafos integrado y un compartimento adicional ofrecen espacio para notas o peque\u00f1os accesorios.<\/p>\n<p><strong>Especificaciones t\u00e9cnicas<\/strong><\/p>\n<ul>\n<li>Ultraligero: s\u00f3lo 66 g<\/li>\n<li>Fabricado con Cordura\u00ae original, hasta 10 veces m\u00e1s resistente que el tejido est\u00e1ndar<\/li>\n<li>Cierre de velcro discreto y seguro<\/li>\n<li>Portabol\u00edgrafos integrado<\/li>\n<li>Bolsillo adicional para accesorios o notas<\/li>\n<li>Cintur\u00f3n de cadera de 30 mm de ancho incluido<\/li>\n<li>Bandolera opcional disponible<\/li>\n<li>Apto para terminales del tama\u00f1o de un smartphone<\/li>\n<li>Garant\u00eda de 5 a\u00f1os con resistencia al desgarro incluida<\/li>\n<\/ul>","protected":false},"excerpt":{"rendered":"<p>Fabricada en Cordura resistente, la funda PAX D199 Holster Compact pesa s\u00f3lo 66 gramos, pero ofrece una protecci\u00f3n excepcional para su terminal de pago del tama\u00f1o de un smartphone. Dise\u00f1ada para el uso diario en comercios, pagos m\u00f3viles o reparto. Incorpora un cierre de velcro seguro, un portabol\u00edgrafos integrado y espacio adicional para bloc de notas.<\/p>\n<p>Para los profesionales que se desplazan, esta funda incluye puntos de sujeci\u00f3n para una correa de hombro y un cintur\u00f3n de cadera, lo que la convierte en la compa\u00f1era perfecta.<\/p>\n<ul>\n<li>Material Cordura duradero<\/li>\n<li>Ultraligero: s\u00f3lo 66 g<\/li>\n<li>Espacio adicional para un bloc de notas<\/li>\n<li>Portabol\u00edgrafos integrado<\/li>\n<li>Cierre de velcro seguro<\/li>\n<li>Puntos de fijaci\u00f3n para correa de hombro<\/li>\n<li>Incluye cintur\u00f3n de cadera<\/li>\n<li>5 a\u00f1os de garant\u00eda<\/li>\n<\/ul>","protected":false},"featured_media":37401,"comment_status":"closed","ping_status":"closed","template":"","meta":[],"product_cat":[730,1590],"product_tag":[3450,4000,702,2611,1801,3999,3983,3816],"acf":[],"_links":{"self":[{"href":"https:\/\/paymentdiscounter.com\/es\/wp-json\/wp\/v2\/product\/37397"}],"collection":[{"href":"https:\/\/paymentdiscounter.com\/es\/wp-json\/wp\/v2\/product"}],"about":[{"href":"https:\/\/paymentdiscounter.com\/es\/wp-json\/wp\/v2\/types\/product"}],"replies":[{"embeddable":true,"href":"https:\/\/paymentdiscounter.com\/es\/wp-json\/wp\/v2\/comments?post=37397"}],"version-history":[{"count":1,"href":"https:\/\/paymentdiscounter.com\/es\/wp-json\/wp\/v2\/product\/37397\/revisions"}],"predecessor-version":[{"id":37402,"href":"https:\/\/paymentdiscounter.com\/es\/wp-json\/wp\/v2\/product\/37397\/revisions\/37402"}],"wp:featuredmedia":[{"embeddable":true,"href":"https:\/\/paymentdiscounter.com\/es\/wp-json\/wp\/v2\/media\/37401"}],"wp:attachment":[{"href":"https:\/\/paymentdiscounter.com\/es\/wp-json\/wp\/v2\/media?parent=37397"}],"wp:term":[{"taxonomy":"product_cat","embeddable":true,"href":"https:\/\/paymentdiscounter.com\/es\/wp-json\/wp\/v2\/product_cat?post=37397"},{"taxonomy":"product_tag","embeddable":true,"href":"https:\/\/paymentdiscounter.com\/es\/wp-json\/wp\/v2\/product_tag?post=37397"}],"curies":[{"name":"wp","href":"https:\/\/api.w.org\/{rel}","templated":true}]}}