{"id":37351,"date":"2025-09-15T18:38:28","date_gmt":"2025-09-15T18:38:28","guid":{"rendered":"https:\/\/paymentdiscounter.com\/?post_type=product&#038;p=37351"},"modified":"2025-09-15T18:42:58","modified_gmt":"2025-09-15T18:42:58","slug":"pax-a6650-funda-compacta","status":"publish","type":"product","link":"https:\/\/paymentdiscounter.com\/es\/producto\/pax-a6650-funda-compacta\/","title":{"rendered":"PAX A6650 Funda Compacta"},"content":{"rendered":"<p><strong>PAX A6650 Funda Compacta<\/strong><br \/>\nCon un peso de s\u00f3lo 66 gramos, esta funda ultraligera es perfecta para ventas m\u00f3viles, servicios de entrega y entornos minoristas. El discreto cierre de velcro garantiza que el terminal permanezca seguro, mientras que un portabol\u00edgrafos y un bolsillo adicional ofrecen espacio para peque\u00f1os accesorios o notas.<\/p>\n<p>Fabricada con Cordura\u00ae original, la funda PAX A6650 ofrece una durabilidad hasta diez veces superior a la del tejido normal. Incluye un cintur\u00f3n de cadera de 30 mm de ancho y tambi\u00e9n puede utilizarse con una correa opcional para el hombro. Los comerciantes se benefician de su pr\u00e1ctico dise\u00f1o y de una fiable garant\u00eda de 5 a\u00f1os.<\/p>\n<p><strong>Especificaciones t\u00e9cnicas<\/strong><\/p>\n<ul>\n<li>Ultraligero: s\u00f3lo 66 g<\/li>\n<li>Cierre de velcro discreto y seguro<\/li>\n<li>Portabol\u00edgrafos integrado<\/li>\n<li>Bolsillo adicional para accesorios o notas<\/li>\n<li>Fabricado con Cordura\u00ae original, hasta 10 veces m\u00e1s resistente que el tejido est\u00e1ndar<\/li>\n<li>Cintur\u00f3n de cadera de 30 mm de ancho incluido<\/li>\n<li>Bandolera opcional disponible<\/li>\n<li>Apto para terminales del tama\u00f1o de un smartphone<\/li>\n<li>Garant\u00eda de 5 a\u00f1os con resistencia al desgarro incluida<\/li>\n<\/ul>","protected":false},"excerpt":{"rendered":"<p>Fabricada en Cordura resistente, la funda PAX A6650 Holster Compact ofrece una protecci\u00f3n fiable para su terminal de pago del tama\u00f1o de un smartphone con un peso de s\u00f3lo 66 gramos. Dise\u00f1ada para el uso diario en comercios, entregas o pagos m\u00f3viles. Cuenta con un cierre de velcro seguro, un portabol\u00edgrafos integrado y espacio adicional para un bloc de notas.<\/p>\n<p>Para los profesionales en movimiento, esta funda tambi\u00e9n viene con puntos de fijaci\u00f3n para una correa de hombro e incluye un cintur\u00f3n de cadera, lo que la convierte en una compa\u00f1era vers\u00e1til.<\/p>\n<ul>\n<li>Material Cordura duradero<\/li>\n<li>S\u00f3lo pesa 66 g<\/li>\n<li>Dise\u00f1o de uso diario<\/li>\n<li>Cierre de velcro seguro<\/li>\n<li>Portabol\u00edgrafos integrado<\/li>\n<li>Espacio adicional en el bloc de notas<\/li>\n<li>Puntos de fijaci\u00f3n de la correa para el hombro<\/li>\n<li>Incluye cintur\u00f3n de cadera<\/li>\n<li>5 a\u00f1os de garant\u00eda<\/li>\n<\/ul>","protected":false},"featured_media":37355,"comment_status":"closed","ping_status":"closed","template":"","meta":[],"product_cat":[730,2655],"product_tag":[2658,3596,3989,702,2657,3988,2611,3983,3816],"acf":[],"_links":{"self":[{"href":"https:\/\/paymentdiscounter.com\/es\/wp-json\/wp\/v2\/product\/37351"}],"collection":[{"href":"https:\/\/paymentdiscounter.com\/es\/wp-json\/wp\/v2\/product"}],"about":[{"href":"https:\/\/paymentdiscounter.com\/es\/wp-json\/wp\/v2\/types\/product"}],"replies":[{"embeddable":true,"href":"https:\/\/paymentdiscounter.com\/es\/wp-json\/wp\/v2\/comments?post=37351"}],"version-history":[{"count":1,"href":"https:\/\/paymentdiscounter.com\/es\/wp-json\/wp\/v2\/product\/37351\/revisions"}],"predecessor-version":[{"id":37358,"href":"https:\/\/paymentdiscounter.com\/es\/wp-json\/wp\/v2\/product\/37351\/revisions\/37358"}],"wp:featuredmedia":[{"embeddable":true,"href":"https:\/\/paymentdiscounter.com\/es\/wp-json\/wp\/v2\/media\/37355"}],"wp:attachment":[{"href":"https:\/\/paymentdiscounter.com\/es\/wp-json\/wp\/v2\/media?parent=37351"}],"wp:term":[{"taxonomy":"product_cat","embeddable":true,"href":"https:\/\/paymentdiscounter.com\/es\/wp-json\/wp\/v2\/product_cat?post=37351"},{"taxonomy":"product_tag","embeddable":true,"href":"https:\/\/paymentdiscounter.com\/es\/wp-json\/wp\/v2\/product_tag?post=37351"}],"curies":[{"name":"wp","href":"https:\/\/api.w.org\/{rel}","templated":true}]}}