{"id":37331,"date":"2025-09-15T18:22:32","date_gmt":"2025-09-15T18:22:32","guid":{"rendered":"https:\/\/paymentdiscounter.com\/?post_type=product&#038;p=37331"},"modified":"2025-09-15T18:31:47","modified_gmt":"2025-09-15T18:31:47","slug":"funda-pax-a50s-compact","status":"publish","type":"product","link":"https:\/\/paymentdiscounter.com\/es\/producto\/funda-pax-a50s-compact\/","title":{"rendered":"Funda PAX A50S Compact"},"content":{"rendered":"<p><strong>Funda de bolsillo PAX A50S<\/strong><br \/>\nFabricada con material Cordura\u00ae duradero, la funda PAX A50S ofrece a los comerciantes una forma segura y pr\u00e1ctica de llevar su terminal m\u00f3vil. Se suministra con una garant\u00eda de 5 a\u00f1os.<\/p>\n<p>Con un peso de s\u00f3lo 66 g, la funda es ultraligera y puede ampliarse opcionalmente con una correa para el hombro. Perfecta para el comercio minorista, los servicios de reparto y la venta ambulante.<\/p>\n<p>Un cierre de velcro oculto garantiza un agarre seguro, mientras que un compartimento adicional ofrece espacio para un bloc de notas o un accesorio. La funda tambi\u00e9n cuenta con un portabol\u00edgrafos y un cintur\u00f3n de cadera de 30 mm de ancho.<\/p>\n<p><strong>Especificaciones t\u00e9cnicas<\/strong><\/p>\n<ul>\n<li>Ultraligero: s\u00f3lo 66 g<\/li>\n<li>Cordura\u00ae original: hasta 10 veces m\u00e1s resistente que el tejido est\u00e1ndar<\/li>\n<li>5 a\u00f1os de garant\u00eda, incluida la resistencia al desgarro<\/li>\n<li>Adecuado para dispositivos del tama\u00f1o de un smartphone<\/li>\n<li>Cierre de velcro seguro y discreto<\/li>\n<li>Incluye un cintur\u00f3n de cadera de 30 mm de ancho<\/li>\n<li>Uso opcional con bandolera<\/li>\n<li>Compartimento adicional para billetes o accesorios<\/li>\n<li>Equipado con un pr\u00e1ctico portabol\u00edgrafos<\/li>\n<\/ul>","protected":false},"excerpt":{"rendered":"<p>La funda PAX A50S Holster Compact de Cordura resistente pesa s\u00f3lo 66 g y ofrece una excelente protecci\u00f3n para su terminal de pago compacto del tama\u00f1o de un smartphone. Dise\u00f1ada para el uso diario en comercios, servicios de entrega o pagos m\u00f3viles. Cuenta con un cierre de velcro seguro, soporte para bol\u00edgrafo integrado y espacio adicional para un bloc de notas. Su pr\u00e1ctico dise\u00f1o y ligereza lo convierten en el compa\u00f1ero perfecto para los profesionales que se desplazan.<\/p>\n<ul>\n<li>Fabricado en resistente Cordura<\/li>\n<li>S\u00f3lo 66 g: ultraligero<\/li>\n<li>Puntos de fijaci\u00f3n para una correa de hombro<\/li>\n<li>Portabol\u00edgrafos integrado<\/li>\n<li>Incluye cintur\u00f3n de cadera<\/li>\n<li>5 a\u00f1os de garant\u00eda<\/li>\n<\/ul>","protected":false},"featured_media":37335,"comment_status":"closed","ping_status":"closed","template":"","meta":[],"product_cat":[730,2640],"product_tag":[2642,3985,702,2641,3984,2611,3983,3816],"acf":[],"_links":{"self":[{"href":"https:\/\/paymentdiscounter.com\/es\/wp-json\/wp\/v2\/product\/37331"}],"collection":[{"href":"https:\/\/paymentdiscounter.com\/es\/wp-json\/wp\/v2\/product"}],"about":[{"href":"https:\/\/paymentdiscounter.com\/es\/wp-json\/wp\/v2\/types\/product"}],"replies":[{"embeddable":true,"href":"https:\/\/paymentdiscounter.com\/es\/wp-json\/wp\/v2\/comments?post=37331"}],"version-history":[{"count":1,"href":"https:\/\/paymentdiscounter.com\/es\/wp-json\/wp\/v2\/product\/37331\/revisions"}],"predecessor-version":[{"id":37340,"href":"https:\/\/paymentdiscounter.com\/es\/wp-json\/wp\/v2\/product\/37331\/revisions\/37340"}],"wp:featuredmedia":[{"embeddable":true,"href":"https:\/\/paymentdiscounter.com\/es\/wp-json\/wp\/v2\/media\/37335"}],"wp:attachment":[{"href":"https:\/\/paymentdiscounter.com\/es\/wp-json\/wp\/v2\/media?parent=37331"}],"wp:term":[{"taxonomy":"product_cat","embeddable":true,"href":"https:\/\/paymentdiscounter.com\/es\/wp-json\/wp\/v2\/product_cat?post=37331"},{"taxonomy":"product_tag","embeddable":true,"href":"https:\/\/paymentdiscounter.com\/es\/wp-json\/wp\/v2\/product_tag?post=37331"}],"curies":[{"name":"wp","href":"https:\/\/api.w.org\/{rel}","templated":true}]}}