{"id":3676,"date":"2018-10-15T18:21:18","date_gmt":"2018-10-15T18:21:18","guid":{"rendered":"https:\/\/paymentdiscounter.com\/product\/ingenico-iwl-250-beschermhoes\/"},"modified":"2025-09-13T21:49:17","modified_gmt":"2025-09-13T21:49:17","slug":"ingenico-iwl250-funda-protectora","status":"publish","type":"product","link":"https:\/\/paymentdiscounter.com\/es\/producto\/ingenico-iwl250-funda-protectora\/","title":{"rendered":"Ingenico Funda \/ Cubierta protectora IWL250"},"content":{"rendered":"<p>iwlIngenico iwl250 tapa pasador<br \/>\nEl uso de una funda protectora Ingenico iwl250 tiene muchas ventajas. Cada vez m\u00e1s gente paga con tarjeta. Pagamos en el supermercado, en tiendas minoristas, pero tambi\u00e9n en el mercado o a repartidores. Especialmente los empresarios del sector de la hosteler\u00eda utilizan mucho un terminal de pago m\u00f3vil como el Ingenico iwl250. \u00c9ste est\u00e1 equipado con GPRS o WIFI y es ideal para que sus clientes paguen con el m\u00f3vil. Las ventajas de una m\u00e1quina de pago m\u00f3vil suelen ser ya conocidas por todos los empresarios. Aumenta las ventas y adem\u00e1s es m\u00e1s barato que aceptar dinero en efectivo.<\/p>\n<p>Ventajas<br \/>\nDado que los terminales de pago m\u00f3viles son caros de adquirir, es aconsejable proteger el terminal con una funda protectora. Esto proporciona una protecci\u00f3n adicional y le da m\u00e1s agarre al entregar o sustituir el terminal. Ofrece protecci\u00f3n adicional a la carcasa y ayuda a evitar ca\u00eddas y da\u00f1os por impacto.<\/p>\n<p>Pida aqu\u00ed su funda Ingenico IWL250 en l\u00ednea.<\/p>","protected":false},"excerpt":{"rendered":"<p>La funda protectora Ingenico iwl250 proporciona protecci\u00f3n adicional durante su trabajo y ayuda a evitar da\u00f1os en su terminal de pago. Disponible en azul y negro. Fabricada en silicona, f\u00e1cil de limpiar, reutilizable, en diferentes colores, proporciona una protecci\u00f3n extra en caso de ca\u00eddas, impactos e incidentes con el agua.<\/p>","protected":false},"featured_media":9298,"comment_status":"open","ping_status":"closed","template":"","meta":[],"product_cat":[705,830],"product_tag":[901,703,710,891,735],"acf":[],"_links":{"self":[{"href":"https:\/\/paymentdiscounter.com\/es\/wp-json\/wp\/v2\/product\/3676"}],"collection":[{"href":"https:\/\/paymentdiscounter.com\/es\/wp-json\/wp\/v2\/product"}],"about":[{"href":"https:\/\/paymentdiscounter.com\/es\/wp-json\/wp\/v2\/types\/product"}],"replies":[{"embeddable":true,"href":"https:\/\/paymentdiscounter.com\/es\/wp-json\/wp\/v2\/comments?post=3676"}],"version-history":[{"count":40,"href":"https:\/\/paymentdiscounter.com\/es\/wp-json\/wp\/v2\/product\/3676\/revisions"}],"predecessor-version":[{"id":22550,"href":"https:\/\/paymentdiscounter.com\/es\/wp-json\/wp\/v2\/product\/3676\/revisions\/22550"}],"wp:featuredmedia":[{"embeddable":true,"href":"https:\/\/paymentdiscounter.com\/es\/wp-json\/wp\/v2\/media\/9298"}],"wp:attachment":[{"href":"https:\/\/paymentdiscounter.com\/es\/wp-json\/wp\/v2\/media?parent=3676"}],"wp:term":[{"taxonomy":"product_cat","embeddable":true,"href":"https:\/\/paymentdiscounter.com\/es\/wp-json\/wp\/v2\/product_cat?post=3676"},{"taxonomy":"product_tag","embeddable":true,"href":"https:\/\/paymentdiscounter.com\/es\/wp-json\/wp\/v2\/product_tag?post=3676"}],"curies":[{"name":"wp","href":"https:\/\/api.w.org\/{rel}","templated":true}]}}