{"id":36181,"date":"2025-07-05T19:35:17","date_gmt":"2025-07-05T19:35:17","guid":{"rendered":"https:\/\/paymentdiscounter.com\/?post_type=product&#038;p=36181"},"modified":"2026-02-03T11:47:53","modified_gmt":"2026-02-03T11:47:53","slug":"sunmi-m3-dockingstation-multi","status":"publish","type":"product","link":"https:\/\/paymentdiscounter.com\/es\/producto\/sunmi-m3-dockingstation-multi\/","title":{"rendered":"Sunmi M3 Dockingstation Multi"},"content":{"rendered":"<p><strong>Centro de carga y almacenamiento vers\u00e1til<br \/>\n<\/strong>La base de conexi\u00f3n Sunmi M3 est\u00e1 dise\u00f1ada para ayudar a las empresas a gestionar varios TPV m\u00f3viles Sunmi al mismo tiempo. Ideal para restaurantes, comercios minoristas y operaciones log\u00edsticas. Esta estaci\u00f3n multifuncional ayuda a aumentar la eficiencia y agilizar los flujos de trabajo diarios.<\/p>\n<p><strong>Carga simult\u00e1nea de hasta cuatro dispositivos<br \/>\n<\/strong>Dise\u00f1ada para ser moderna y ahorrar espacio, esta soluci\u00f3n de acoplamiento le permite alimentar hasta cuatro terminales de pago Sunmi simult\u00e1neamente. Al eliminar los cables enredados y minimizar el uso de enchufes, mantiene sus mostradores limpios y profesionales.<\/p>\n<p><strong>Almacenamiento seguro y organizado<br \/>\n<\/strong>Cuando los terminales no est\u00e1n en uso activo, la estaci\u00f3n de acoplamiento ofrece un lugar seguro y dedicado para guardarlos. Esto no s\u00f3lo protege su inversi\u00f3n de ca\u00eddas accidentales o extrav\u00edos, sino que tambi\u00e9n aumenta la longevidad de sus dispositivos m\u00f3viles de punto de venta.<\/p>\n<p><strong>Funcionamiento fluido y acceso r\u00e1pido<br \/>\n<\/strong>Con una construcci\u00f3n robusta y estable, la estaci\u00f3n de acoplamiento M3 facilita la recuperaci\u00f3n r\u00e1pida de sus terminales siempre que el servicio lo requiera. Mantenga transacciones fluidas y aseg\u00farese de que su equipo siempre pueda atender a los clientes sin retrasos.<\/p>","protected":false},"excerpt":{"rendered":"<p>La base de carga Sunmi M3 es una soluci\u00f3n innovadora dise\u00f1ada para empresas que utilizan varios dispositivos de pago m\u00f3viles a la vez. Con un dise\u00f1o moderno y compacto, esta base permite alimentar hasta cuatro terminales de pago port\u00e1tiles Sunmi de una sola vez.<\/p>\n<p>Ideal para sectores din\u00e1micos como la hosteler\u00eda, el comercio minorista y la log\u00edstica.<\/p>","protected":false},"featured_media":36184,"comment_status":"closed","ping_status":"closed","template":"","meta":[],"product_cat":[1555,3811],"product_tag":[2707,690,694,3846,3855,3851,3852,2704,3605,4407,3854,3853],"acf":[],"_links":{"self":[{"href":"https:\/\/paymentdiscounter.com\/es\/wp-json\/wp\/v2\/product\/36181"}],"collection":[{"href":"https:\/\/paymentdiscounter.com\/es\/wp-json\/wp\/v2\/product"}],"about":[{"href":"https:\/\/paymentdiscounter.com\/es\/wp-json\/wp\/v2\/types\/product"}],"replies":[{"embeddable":true,"href":"https:\/\/paymentdiscounter.com\/es\/wp-json\/wp\/v2\/comments?post=36181"}],"version-history":[{"count":6,"href":"https:\/\/paymentdiscounter.com\/es\/wp-json\/wp\/v2\/product\/36181\/revisions"}],"predecessor-version":[{"id":39058,"href":"https:\/\/paymentdiscounter.com\/es\/wp-json\/wp\/v2\/product\/36181\/revisions\/39058"}],"wp:featuredmedia":[{"embeddable":true,"href":"https:\/\/paymentdiscounter.com\/es\/wp-json\/wp\/v2\/media\/36184"}],"wp:attachment":[{"href":"https:\/\/paymentdiscounter.com\/es\/wp-json\/wp\/v2\/media?parent=36181"}],"wp:term":[{"taxonomy":"product_cat","embeddable":true,"href":"https:\/\/paymentdiscounter.com\/es\/wp-json\/wp\/v2\/product_cat?post=36181"},{"taxonomy":"product_tag","embeddable":true,"href":"https:\/\/paymentdiscounter.com\/es\/wp-json\/wp\/v2\/product_tag?post=36181"}],"curies":[{"name":"wp","href":"https:\/\/api.w.org\/{rel}","templated":true}]}}