{"id":36177,"date":"2025-07-05T19:30:11","date_gmt":"2025-07-05T19:30:11","guid":{"rendered":"https:\/\/paymentdiscounter.com\/?post_type=product&#038;p=36177"},"modified":"2026-02-03T11:47:54","modified_gmt":"2026-02-03T11:47:54","slug":"sunmi-m3-dockingstation","status":"publish","type":"product","link":"https:\/\/paymentdiscounter.com\/es\/producto\/sunmi-m3-dockingstation\/","title":{"rendered":"Estaci\u00f3n de acoplamiento Sunmi M3"},"content":{"rendered":"<p><strong>Sunmi Base de carga M3<br \/>\n<\/strong>La base de carga Sunmi M3 ofrece a las empresas una soluci\u00f3n profesional y sin complicaciones para alimentar y organizar sus dispositivos de pago m\u00f3viles Sunmi. Diga adi\u00f3s a los cables enredados y a los cargadores poco fiables, simplemente deslice su terminal de punto de venta Sunmi en la robusta base y se mantendr\u00e1 cargado y almacenado de forma segura en un solo lugar. Reduce el tiempo de inactividad y garantiza un funcionamiento diario sin problemas.<\/p>\n<p><strong>Carga segura y sin esfuerzo para TPV m\u00f3viles<br \/>\n<\/strong>Dise\u00f1ado para una instalaci\u00f3n sin complicaciones, el M3 Dock Sunmi se conecta mediante el adaptador Sunmi original y ofrece una base estable para evitar resbalones o ca\u00eddas accidentales. Su s\u00f3lida construcci\u00f3n mantiene su dispositivo de pago protegido a la vez que mantiene un mostrador limpio y ordenado.<\/p>\n<p><strong>Proteja su terminal y minimice los costes de reparaci\u00f3n<br \/>\n<\/strong>Elegir una base de carga Sunmi aut\u00e9ntica ayuda a evitar da\u00f1os en el conector, desgaste de la bater\u00eda y un mantenimiento costoso. Esta fiable estaci\u00f3n de carga protege su dispositivo TPV m\u00f3vil, manteni\u00e9ndolo en condiciones \u00f3ptimas durante m\u00e1s tiempo y reduciendo los gastos de servicio inesperados.<\/p>\n<p><strong>Siempre dispuesto a aceptar pagos<br \/>\n<\/strong>Con la base de carga Sunmi M3, su terminal de pago m\u00f3vil permanece totalmente cargado y listo para realizar transacciones en cualquier momento. El acoplamiento es sencillo: una vez colocado, el dispositivo comienza a cargarse al instante, lo que elimina las interrupciones relacionadas con la bater\u00eda, incluso durante los periodos de mayor actividad.<\/p>\n<p><strong>Potencie su imagen de marca con un montaje profesional<br \/>\n<\/strong>Una estaci\u00f3n de acoplamiento de alta calidad no solo agiliza los flujos de trabajo diarios, sino que tambi\u00e9n refuerza la profesionalidad de su marca. Prolonga la vida \u00fatil de su dispositivo Sunmi al tiempo que contribuye a crear un entorno elegante y despejado que refleja fiabilidad y confianza a sus clientes.<\/p>","protected":false},"excerpt":{"rendered":"<p>La base de conexi\u00f3n Sunmi M3 es la soluci\u00f3n perfecta para mantener su terminal de pago m\u00f3vil cargado, protegido y siempre listo para la acci\u00f3n. Dise\u00f1ada para ofrecer la m\u00e1xima comodidad y una s\u00f3lida fiabilidad, ayuda a mantener el rendimiento del dispositivo y prolonga su vida \u00fatil.<\/p>","protected":false},"featured_media":36178,"comment_status":"closed","ping_status":"closed","template":"","meta":[],"product_cat":[1555,3811],"product_tag":[2707,690,694,3846,3855,3851,3852,2704,3605,4407,3853],"acf":[],"_links":{"self":[{"href":"https:\/\/paymentdiscounter.com\/es\/wp-json\/wp\/v2\/product\/36177"}],"collection":[{"href":"https:\/\/paymentdiscounter.com\/es\/wp-json\/wp\/v2\/product"}],"about":[{"href":"https:\/\/paymentdiscounter.com\/es\/wp-json\/wp\/v2\/types\/product"}],"replies":[{"embeddable":true,"href":"https:\/\/paymentdiscounter.com\/es\/wp-json\/wp\/v2\/comments?post=36177"}],"version-history":[{"count":5,"href":"https:\/\/paymentdiscounter.com\/es\/wp-json\/wp\/v2\/product\/36177\/revisions"}],"predecessor-version":[{"id":39057,"href":"https:\/\/paymentdiscounter.com\/es\/wp-json\/wp\/v2\/product\/36177\/revisions\/39057"}],"wp:featuredmedia":[{"embeddable":true,"href":"https:\/\/paymentdiscounter.com\/es\/wp-json\/wp\/v2\/media\/36178"}],"wp:attachment":[{"href":"https:\/\/paymentdiscounter.com\/es\/wp-json\/wp\/v2\/media?parent=36177"}],"wp:term":[{"taxonomy":"product_cat","embeddable":true,"href":"https:\/\/paymentdiscounter.com\/es\/wp-json\/wp\/v2\/product_cat?post=36177"},{"taxonomy":"product_tag","embeddable":true,"href":"https:\/\/paymentdiscounter.com\/es\/wp-json\/wp\/v2\/product_tag?post=36177"}],"curies":[{"name":"wp","href":"https:\/\/api.w.org\/{rel}","templated":true}]}}