{"id":36124,"date":"2025-07-05T12:21:24","date_gmt":"2025-07-05T12:21:24","guid":{"rendered":"https:\/\/paymentdiscounter.com\/?post_type=product&#038;p=36124"},"modified":"2025-12-05T14:18:00","modified_gmt":"2025-12-05T14:18:00","slug":"sunmi-l3-dockingstation-multi","status":"publish","type":"product","link":"https:\/\/paymentdiscounter.com\/es\/producto\/sunmi-l3-dockingstation-multi\/","title":{"rendered":"Sunmi L3 Dockingstation Multi"},"content":{"rendered":"<p><strong>Estaci\u00f3n de acoplamiento avanzada y multifuncional<\/strong><br \/>\nLa Sunmi L3 Docking Station est\u00e1 especialmente dise\u00f1ada para empresas que utilizan varios terminales de pago m\u00f3viles simult\u00e1neamente. Es ideal para entornos de hosteler\u00eda, comercio minorista y log\u00edstica en los que la velocidad y la eficiencia son cruciales.<\/p>\n<p><strong>Carga hasta cuatro terminales de pago a la vez<\/strong><br \/>\nGracias a su dise\u00f1o elegante y compacto, puede cargar hasta cuatro terminales de pago Sunmi simult\u00e1neamente. Esto elimina la necesidad de cables de carga independientes y m\u00faltiples tomas de corriente, manteniendo su espacio de trabajo ordenado y organizado.<\/p>\n<p><strong>Almacenamiento y organizaci\u00f3n seguros<\/strong><br \/>\nLa estaci\u00f3n de acoplamiento ofrece un lugar seguro para guardar los terminales cuando no se utilizan. As\u00ed se evitan da\u00f1os y p\u00e9rdidas, al tiempo que se prolonga la vida \u00fatil de sus dispositivos.<\/p>\n<p><strong>Eficaz y f\u00e1cil de usar<\/strong><br \/>\nGracias a su dise\u00f1o robusto y a su colocaci\u00f3n estable, podr\u00e1 coger f\u00e1cilmente los terminales siempre que lo necesite. De este modo, sus operaciones diarias se desarrollar\u00e1n sin problemas y siempre estar\u00e1 preparado para atender a sus clientes en caja.<\/p>","protected":false},"excerpt":{"rendered":"<p>La base de carga Sunmi L3 est\u00e1 especialmente dise\u00f1ada para empresas que utilizan varios terminales de pago m\u00f3viles al mismo tiempo. Con su dise\u00f1o elegante y compacto, puede cargar hasta cuatro terminales de pago Sunmi simult\u00e1neamente.<\/p>\n<p>Perfecto para entornos de hosteler\u00eda, comercio minorista y log\u00edstica en los que la velocidad y la eficacia son esenciales.<br \/>\n<\/p>\n<p><h1 style=\"color: #ed0000; font-size: 13px;\">* Plazo de entrega 7 d\u00edas<\/h1>","protected":false},"featured_media":36126,"comment_status":"closed","ping_status":"closed","template":"","meta":[],"product_cat":[1555,3706],"product_tag":[2707,690,694,3708,3838,3835,2704,3605,3839,3836],"acf":[],"_links":{"self":[{"href":"https:\/\/paymentdiscounter.com\/es\/wp-json\/wp\/v2\/product\/36124"}],"collection":[{"href":"https:\/\/paymentdiscounter.com\/es\/wp-json\/wp\/v2\/product"}],"about":[{"href":"https:\/\/paymentdiscounter.com\/es\/wp-json\/wp\/v2\/types\/product"}],"replies":[{"embeddable":true,"href":"https:\/\/paymentdiscounter.com\/es\/wp-json\/wp\/v2\/comments?post=36124"}],"version-history":[{"count":5,"href":"https:\/\/paymentdiscounter.com\/es\/wp-json\/wp\/v2\/product\/36124\/revisions"}],"predecessor-version":[{"id":38157,"href":"https:\/\/paymentdiscounter.com\/es\/wp-json\/wp\/v2\/product\/36124\/revisions\/38157"}],"wp:featuredmedia":[{"embeddable":true,"href":"https:\/\/paymentdiscounter.com\/es\/wp-json\/wp\/v2\/media\/36126"}],"wp:attachment":[{"href":"https:\/\/paymentdiscounter.com\/es\/wp-json\/wp\/v2\/media?parent=36124"}],"wp:term":[{"taxonomy":"product_cat","embeddable":true,"href":"https:\/\/paymentdiscounter.com\/es\/wp-json\/wp\/v2\/product_cat?post=36124"},{"taxonomy":"product_tag","embeddable":true,"href":"https:\/\/paymentdiscounter.com\/es\/wp-json\/wp\/v2\/product_tag?post=36124"}],"curies":[{"name":"wp","href":"https:\/\/api.w.org\/{rel}","templated":true}]}}