{"id":36101,"date":"2025-07-05T11:35:29","date_gmt":"2025-07-05T11:35:29","guid":{"rendered":"https:\/\/paymentdiscounter.com\/?post_type=product&#038;p=36101"},"modified":"2025-10-06T19:19:28","modified_gmt":"2025-10-06T19:19:28","slug":"protector-de-pantalla-sunmi-l3","status":"publish","type":"product","link":"https:\/\/paymentdiscounter.com\/es\/producto\/protector-de-pantalla-sunmi-l3\/","title":{"rendered":"Protector de pantalla Sunmi L3"},"content":{"rendered":"<p>El protector de pantalla Sunmi L3 est\u00e1 espec\u00edficamente dise\u00f1ado para mantener su terminal m\u00f3vil a salvo de ara\u00f1azos, impactos y suciedad.<\/p>\n<p>Su terminal de pago es una herramienta vital para su negocio y una pantalla da\u00f1ada no s\u00f3lo puede reducir su funcionalidad, sino tambi\u00e9n dejar una impresi\u00f3n poco profesional en sus clientes. Con este protector de pantalla de alta calidad prolongar\u00e1s la vida \u00fatil de tu dispositivo y mantendr\u00e1s la pantalla n\u00edtida y f\u00e1cil de leer.<\/p>\n<p><strong>Ventajas:<\/strong><\/p>\n<p>\u2714 Pantalla n\u00edtida sin renunciar a la funcionalidad t\u00e1ctil<br \/>\n\u2714 Revestimiento resistente a los ara\u00f1azos y la suciedad para una protecci\u00f3n duradera.<br \/>\n\u2714 F\u00e1cil de aplicar y retirar sin dejar restos de adhesivo<br \/>\n\u2714 Perfecto para empresas que utilizan su terminal de pago de forma intensiva.<\/p>","protected":false},"excerpt":{"rendered":"<p>Proteja su terminal Sunmi L3 con este duradero protector de pantalla para evitar ara\u00f1azos y mantener la pantalla en perfecto estado. Prolongue la vida \u00fatil de su terminal de pago, perfectamente dise\u00f1ado para un uso intensivo en comercios y hosteler\u00eda.<\/p>","protected":false},"featured_media":36102,"comment_status":"closed","ping_status":"closed","template":"","meta":[],"product_cat":[1555,3706],"product_tag":[3708,3814,3818,2704,3707,3819,3748],"acf":[],"_links":{"self":[{"href":"https:\/\/paymentdiscounter.com\/es\/wp-json\/wp\/v2\/product\/36101"}],"collection":[{"href":"https:\/\/paymentdiscounter.com\/es\/wp-json\/wp\/v2\/product"}],"about":[{"href":"https:\/\/paymentdiscounter.com\/es\/wp-json\/wp\/v2\/types\/product"}],"replies":[{"embeddable":true,"href":"https:\/\/paymentdiscounter.com\/es\/wp-json\/wp\/v2\/comments?post=36101"}],"version-history":[{"count":3,"href":"https:\/\/paymentdiscounter.com\/es\/wp-json\/wp\/v2\/product\/36101\/revisions"}],"predecessor-version":[{"id":38079,"href":"https:\/\/paymentdiscounter.com\/es\/wp-json\/wp\/v2\/product\/36101\/revisions\/38079"}],"wp:featuredmedia":[{"embeddable":true,"href":"https:\/\/paymentdiscounter.com\/es\/wp-json\/wp\/v2\/media\/36102"}],"wp:attachment":[{"href":"https:\/\/paymentdiscounter.com\/es\/wp-json\/wp\/v2\/media?parent=36101"}],"wp:term":[{"taxonomy":"product_cat","embeddable":true,"href":"https:\/\/paymentdiscounter.com\/es\/wp-json\/wp\/v2\/product_cat?post=36101"},{"taxonomy":"product_tag","embeddable":true,"href":"https:\/\/paymentdiscounter.com\/es\/wp-json\/wp\/v2\/product_tag?post=36101"}],"curies":[{"name":"wp","href":"https:\/\/api.w.org\/{rel}","templated":true}]}}