{"id":35551,"date":"2025-03-16T20:31:19","date_gmt":"2025-03-16T20:31:19","guid":{"rendered":"https:\/\/paymentdiscounter.com\/?post_type=product&#038;p=35551"},"modified":"2025-07-21T10:21:07","modified_gmt":"2025-07-21T10:21:07","slug":"funda-protectora-pax-a920-pro-negro","status":"publish","type":"product","link":"https:\/\/paymentdiscounter.com\/es\/producto\/funda-protectora-pax-a920-pro-negro\/","title":{"rendered":"Funda protectora Pax A920 PRO Negro"},"content":{"rendered":"<p>Evite da\u00f1os y costosas reparaciones utilizando nuestra cubierta protectora para terminales de pago m\u00f3viles. Adem\u00e1s, la cubierta protectora es ligera y f\u00e1cil de colocar, lo que la convierte en un accesorio pr\u00e1ctico para cualquier empresa que dependa del procesamiento de pagos m\u00f3viles.<\/p>","protected":false},"excerpt":{"rendered":"<p>Utilizar una funda protectora Pax A920 PRO para su terminal de pago es una forma sencilla de evitar da\u00f1os en su terminal de pago m\u00f3vil. Mantiene su terminal durante m\u00e1s tiempo en buen estado y ayuda a evitar costosas reparaciones. Con la funda protectora Pax A920 PRO puede estar seguro de que su terminal de pago m\u00f3vil est\u00e1 mejor protegido contra el agua, los golpes y los da\u00f1os por ca\u00eddas.<\/p>","protected":false},"featured_media":35568,"comment_status":"closed","ping_status":"closed","template":"","meta":[],"product_cat":[730,1489],"product_tag":[3768,3840,901,728,1492,3769,2611,1536,891,735,3844,996],"acf":[],"_links":{"self":[{"href":"https:\/\/paymentdiscounter.com\/es\/wp-json\/wp\/v2\/product\/35551"}],"collection":[{"href":"https:\/\/paymentdiscounter.com\/es\/wp-json\/wp\/v2\/product"}],"about":[{"href":"https:\/\/paymentdiscounter.com\/es\/wp-json\/wp\/v2\/types\/product"}],"replies":[{"embeddable":true,"href":"https:\/\/paymentdiscounter.com\/es\/wp-json\/wp\/v2\/comments?post=35551"}],"version-history":[{"count":3,"href":"https:\/\/paymentdiscounter.com\/es\/wp-json\/wp\/v2\/product\/35551\/revisions"}],"predecessor-version":[{"id":36646,"href":"https:\/\/paymentdiscounter.com\/es\/wp-json\/wp\/v2\/product\/35551\/revisions\/36646"}],"wp:featuredmedia":[{"embeddable":true,"href":"https:\/\/paymentdiscounter.com\/es\/wp-json\/wp\/v2\/media\/35568"}],"wp:attachment":[{"href":"https:\/\/paymentdiscounter.com\/es\/wp-json\/wp\/v2\/media?parent=35551"}],"wp:term":[{"taxonomy":"product_cat","embeddable":true,"href":"https:\/\/paymentdiscounter.com\/es\/wp-json\/wp\/v2\/product_cat?post=35551"},{"taxonomy":"product_tag","embeddable":true,"href":"https:\/\/paymentdiscounter.com\/es\/wp-json\/wp\/v2\/product_tag?post=35551"}],"curies":[{"name":"wp","href":"https:\/\/api.w.org\/{rel}","templated":true}]}}