{"id":35547,"date":"2025-03-16T20:27:14","date_gmt":"2025-03-16T20:27:14","guid":{"rendered":"https:\/\/paymentdiscounter.com\/?post_type=product&#038;p=35547"},"modified":"2026-03-26T12:38:39","modified_gmt":"2026-03-26T12:38:39","slug":"cubierta-de-la-impresora-pax-a920-pro","status":"publish","type":"product","link":"https:\/\/paymentdiscounter.com\/es\/producto\/cubierta-de-la-impresora-pax-a920-pro\/","title":{"rendered":"Pax Tapa de impresora A920 PRO"},"content":{"rendered":"<p>La cubierta de la impresora Pax A920 PRO es un componente esencial de su terminal de pago m\u00f3vil. Cuenta con un rodillo de impresi\u00f3n que alimenta el papel de recibo y garantiza la claridad de los recibos de las transacciones. Es importante tener en cuenta que, con el tiempo, el rodillo de impresi\u00f3n puede desgastarse, lo que es una indicaci\u00f3n para sustituir la cubierta de la impresora.<\/p>\n<p>Cabe mencionar que el cuidado de la cubierta de la impresora de su terminal de pago puede prolongar su vida \u00fatil y reducir la frecuencia de las sustituciones necesarias. Adem\u00e1s, limpiar regularmente el rodillo de impresi\u00f3n puede mejorar la calidad de los recibos de las transacciones.<\/p>","protected":false},"excerpt":{"rendered":"<p>La cubierta de la impresora Pax A920 PRO es un componente esencial de su terminal de pago m\u00f3vil. Incorpora un rodillo de impresi\u00f3n que alimenta el papel de recibo y garantiza la claridad de los recibos de las transacciones. Es importante tener en cuenta que con el tiempo el rodillo de impresi\u00f3n puede desgastarse, lo que es una indicaci\u00f3n para reemplazar la cubierta de la impresora.<\/p>\n<p>Afortunadamente, la sustituci\u00f3n de la cubierta de la impresora Pax es un proceso sencillo y est\u00e1 disponible en nuestro inventario. Si la pide antes de las 16:00, podemos envi\u00e1rsela el mismo d\u00eda.<\/p>","protected":false},"featured_media":35605,"comment_status":"closed","ping_status":"closed","template":"","meta":[],"product_cat":[730,1489],"product_tag":[3768,728,1492,3769,2611,2613,1539,851],"acf":[],"_links":{"self":[{"href":"https:\/\/paymentdiscounter.com\/es\/wp-json\/wp\/v2\/product\/35547"}],"collection":[{"href":"https:\/\/paymentdiscounter.com\/es\/wp-json\/wp\/v2\/product"}],"about":[{"href":"https:\/\/paymentdiscounter.com\/es\/wp-json\/wp\/v2\/types\/product"}],"replies":[{"embeddable":true,"href":"https:\/\/paymentdiscounter.com\/es\/wp-json\/wp\/v2\/comments?post=35547"}],"version-history":[{"count":3,"href":"https:\/\/paymentdiscounter.com\/es\/wp-json\/wp\/v2\/product\/35547\/revisions"}],"predecessor-version":[{"id":35606,"href":"https:\/\/paymentdiscounter.com\/es\/wp-json\/wp\/v2\/product\/35547\/revisions\/35606"}],"wp:featuredmedia":[{"embeddable":true,"href":"https:\/\/paymentdiscounter.com\/es\/wp-json\/wp\/v2\/media\/35605"}],"wp:attachment":[{"href":"https:\/\/paymentdiscounter.com\/es\/wp-json\/wp\/v2\/media?parent=35547"}],"wp:term":[{"taxonomy":"product_cat","embeddable":true,"href":"https:\/\/paymentdiscounter.com\/es\/wp-json\/wp\/v2\/product_cat?post=35547"},{"taxonomy":"product_tag","embeddable":true,"href":"https:\/\/paymentdiscounter.com\/es\/wp-json\/wp\/v2\/product_tag?post=35547"}],"curies":[{"name":"wp","href":"https:\/\/api.w.org\/{rel}","templated":true}]}}