{"id":35414,"date":"2025-01-19T20:42:39","date_gmt":"2025-01-19T20:42:39","guid":{"rendered":"https:\/\/paymentdiscounter.com\/?post_type=product&#038;p=35414"},"modified":"2026-04-17T20:45:07","modified_gmt":"2026-04-17T20:45:07","slug":"sunmi-p3-air-funda-protectora","status":"publish","type":"product","link":"https:\/\/paymentdiscounter.com\/es\/producto\/sunmi-p3-air-funda-protectora\/","title":{"rendered":"Funda protectora Sunmi P3 Air"},"content":{"rendered":"<p><strong>Funda protectora Sunmi P3 Air<\/strong><br \/>\nEsta funda protectora Sunmi P3 Air es f\u00e1cil de colocar y proporciona protecci\u00f3n adicional durante su trabajo. La funda protectora est\u00e1 fabricada con silicona respetuosa con el medio ambiente y le ofrece un control adicional al entregar la m\u00e1quina de pago. De esta forma se evitan accidentes y costes de reparaci\u00f3n.<\/p>\n<p>El material garantiza un agarre firme, incluso con las manos mojadas. Utilice una funda para terminales de pago y disfrute de una protecci\u00f3n \u00f3ptima de su dispositivo m\u00f3vil. Dado que cada empresa es diferente, la funda puede adquirirse en diferentes colores que combinen con el aspecto de su empresa.<\/p>\n<ul>\n<li>Carga la bater\u00eda sin quitar la funda<\/li>\n<li>M\u00e1s agarre al entregar el terminal<\/li>\n<li>Material extra grueso para una protecci\u00f3n \u00f3ptima<\/li>\n<li>Muy visible<\/li>\n<\/ul>\n<p><strong>Muy adecuado para:<br \/>\n<\/strong><\/p>\n<ul>\n<li>Comerciantes<\/li>\n<li>Repartidores y mensajeros<\/li>\n<li>Aut\u00f3nomos<\/li>\n<li>Taxistas<\/li>\n<li>Ferias y congresos<\/li>\n<li>Eventos o festivales<\/li>\n<\/ul>","protected":false},"excerpt":{"rendered":"<p>Utilice una funda protectora Sunmi P3 Air para evitar da\u00f1os en su terminal de pago m\u00f3vil. Fabricada a medida para el Sunmi P3 Air.<\/p>\n<p>La funda protectora Sunmi est\u00e1 fabricada con silicona duradera y respetuosa con el medio ambiente. Al usar silicona tienes m\u00e1s agarre y puedes evitar accidentes y costosas reparaciones.<br \/>\n<\/p>\n<p><h1 style=\"color: #cc1e1e; font-size: 12px;\">*Tiempo de entrega: 14 d\u00edas<\/h1>","protected":false},"featured_media":38255,"comment_status":"open","ping_status":"closed","template":"","meta":[],"product_cat":[1555,3710],"product_tag":[3840,3741,3750,3844,1874,2704,2723,2722,3711,3749],"acf":[],"_links":{"self":[{"href":"https:\/\/paymentdiscounter.com\/es\/wp-json\/wp\/v2\/product\/35414"}],"collection":[{"href":"https:\/\/paymentdiscounter.com\/es\/wp-json\/wp\/v2\/product"}],"about":[{"href":"https:\/\/paymentdiscounter.com\/es\/wp-json\/wp\/v2\/types\/product"}],"replies":[{"embeddable":true,"href":"https:\/\/paymentdiscounter.com\/es\/wp-json\/wp\/v2\/comments?post=35414"}],"version-history":[{"count":4,"href":"https:\/\/paymentdiscounter.com\/es\/wp-json\/wp\/v2\/product\/35414\/revisions"}],"predecessor-version":[{"id":39331,"href":"https:\/\/paymentdiscounter.com\/es\/wp-json\/wp\/v2\/product\/35414\/revisions\/39331"}],"wp:featuredmedia":[{"embeddable":true,"href":"https:\/\/paymentdiscounter.com\/es\/wp-json\/wp\/v2\/media\/38255"}],"wp:attachment":[{"href":"https:\/\/paymentdiscounter.com\/es\/wp-json\/wp\/v2\/media?parent=35414"}],"wp:term":[{"taxonomy":"product_cat","embeddable":true,"href":"https:\/\/paymentdiscounter.com\/es\/wp-json\/wp\/v2\/product_cat?post=35414"},{"taxonomy":"product_tag","embeddable":true,"href":"https:\/\/paymentdiscounter.com\/es\/wp-json\/wp\/v2\/product_tag?post=35414"}],"curies":[{"name":"wp","href":"https:\/\/api.w.org\/{rel}","templated":true}]}}