{"id":35251,"date":"2025-01-13T20:01:13","date_gmt":"2025-01-13T20:01:13","guid":{"rendered":"https:\/\/paymentdiscounter.com\/?post_type=product&#038;p=35251"},"modified":"2025-10-05T08:28:17","modified_gmt":"2025-10-05T08:28:17","slug":"estacion-de-acoplamiento-sunmi-v3","status":"publish","type":"product","link":"https:\/\/paymentdiscounter.com\/es\/producto\/estacion-de-acoplamiento-sunmi-v3\/","title":{"rendered":"Estaci\u00f3n de acoplamiento Sunmi V3"},"content":{"rendered":"<p><strong>Estaci\u00f3n de acoplamiento Sunmi V3<\/strong><br \/>\nUtilizar una estaci\u00f3n base tiene muchas ventajas. Ya no se depende de cables y cordones, sino que basta con colocar el terminal de pago en el soporte. Como siempre est\u00e1 cargando el terminal en un lugar fijo, sabe exactamente d\u00f3nde est\u00e1. La Sunmi V3 Dockingstation (estaci\u00f3n base) es f\u00e1cil de instalar con un cable de alimentaci\u00f3n independiente.<\/p>\n<p>Para una experiencia \u00f3ptima, recomendamos utilizar una estaci\u00f3n base original. As\u00ed evitar\u00e1 da\u00f1os en su terminal de pago y costosas reparaciones.<\/p>","protected":false},"excerpt":{"rendered":"<p>Con una Sunmi V3 Dockingstation su terminal siempre tendr\u00e1 la bater\u00eda llena. Puede colocar f\u00e1cilmente el terminal de pago en el soporte, conectarlo con un cargador Sunmi y dejar que la dockingstation haga el resto.<\/p>\n<p>Esta estaci\u00f3n base Sunmi ayuda a evitar problemas como bater\u00edas agotadas o da\u00f1os por rotura de cables que pueden provocar cortocircuitos.<\/p>","protected":false},"featured_media":35272,"comment_status":"open","ping_status":"closed","template":"","meta":[],"product_cat":[1555,3620],"product_tag":[2707,694,1874,2704,3621,3627,3643,3642,3622,3625,3628],"acf":[],"_links":{"self":[{"href":"https:\/\/paymentdiscounter.com\/es\/wp-json\/wp\/v2\/product\/35251"}],"collection":[{"href":"https:\/\/paymentdiscounter.com\/es\/wp-json\/wp\/v2\/product"}],"about":[{"href":"https:\/\/paymentdiscounter.com\/es\/wp-json\/wp\/v2\/types\/product"}],"replies":[{"embeddable":true,"href":"https:\/\/paymentdiscounter.com\/es\/wp-json\/wp\/v2\/comments?post=35251"}],"version-history":[{"count":3,"href":"https:\/\/paymentdiscounter.com\/es\/wp-json\/wp\/v2\/product\/35251\/revisions"}],"predecessor-version":[{"id":37423,"href":"https:\/\/paymentdiscounter.com\/es\/wp-json\/wp\/v2\/product\/35251\/revisions\/37423"}],"wp:featuredmedia":[{"embeddable":true,"href":"https:\/\/paymentdiscounter.com\/es\/wp-json\/wp\/v2\/media\/35272"}],"wp:attachment":[{"href":"https:\/\/paymentdiscounter.com\/es\/wp-json\/wp\/v2\/media?parent=35251"}],"wp:term":[{"taxonomy":"product_cat","embeddable":true,"href":"https:\/\/paymentdiscounter.com\/es\/wp-json\/wp\/v2\/product_cat?post=35251"},{"taxonomy":"product_tag","embeddable":true,"href":"https:\/\/paymentdiscounter.com\/es\/wp-json\/wp\/v2\/product_tag?post=35251"}],"curies":[{"name":"wp","href":"https:\/\/api.w.org\/{rel}","templated":true}]}}