{"id":35206,"date":"2025-01-03T22:11:02","date_gmt":"2025-01-03T22:11:02","guid":{"rendered":"https:\/\/paymentdiscounter.com\/?post_type=product&#038;p=35206"},"modified":"2025-10-22T12:29:37","modified_gmt":"2025-10-22T12:29:37","slug":"protector-de-pantalla-sunmi-p2-pro","status":"publish","type":"product","link":"https:\/\/paymentdiscounter.com\/es\/producto\/protector-de-pantalla-sunmi-p2-pro\/","title":{"rendered":"Protector de pantalla Sunmi P2 Pro"},"content":{"rendered":"<p><strong>Protector de pantalla Sunmi P2 Pro<\/strong><br \/>\nEl protector de pantalla Sunmi P2 Pro es muy resistente a los ara\u00f1azos y f\u00e1cil de aplicar. Cuenta con un revestimiento antihuellas que facilita la limpieza de manchas y suciedad. Adem\u00e1s, se adapta perfectamente a la pantalla t\u00e1ctil.<\/p>\n<p><strong>Ventajas de un protector de pantalla<\/strong><br \/>\nLa innovadora capa adhesiva permite una f\u00e1cil aplicaci\u00f3n, dando como resultado un protector de pantalla sin burbujas.<\/p>","protected":false},"excerpt":{"rendered":"<p>Si utiliza un terminal de pago m\u00f3vil, naturalmente querr\u00e1 protegerlo de accidentes y da\u00f1os. El protector de pantalla Sunmi P2 Pro ofrece protecci\u00f3n adicional sin comprometer la funcionalidad. A\u00f1ade una capa adicional de defensa para su valioso terminal, protegiendo la pantalla de ara\u00f1azos y prolongando la vida \u00fatil de su terminal de pago.<\/p>\n<ul>\n<li>Cristalino<\/li>\n<li>Revestimiento duro<\/li>\n<li>Resistente a la suciedad<\/li>\n<li>F\u00e1cil de instalar y desmontar<\/li>\n<\/ul>","protected":false},"featured_media":35207,"comment_status":"closed","ping_status":"closed","template":"","meta":[],"product_cat":[1555,1557],"product_tag":[2725,762,1874,1884,3614],"acf":[],"_links":{"self":[{"href":"https:\/\/paymentdiscounter.com\/es\/wp-json\/wp\/v2\/product\/35206"}],"collection":[{"href":"https:\/\/paymentdiscounter.com\/es\/wp-json\/wp\/v2\/product"}],"about":[{"href":"https:\/\/paymentdiscounter.com\/es\/wp-json\/wp\/v2\/types\/product"}],"replies":[{"embeddable":true,"href":"https:\/\/paymentdiscounter.com\/es\/wp-json\/wp\/v2\/comments?post=35206"}],"version-history":[{"count":2,"href":"https:\/\/paymentdiscounter.com\/es\/wp-json\/wp\/v2\/product\/35206\/revisions"}],"predecessor-version":[{"id":35209,"href":"https:\/\/paymentdiscounter.com\/es\/wp-json\/wp\/v2\/product\/35206\/revisions\/35209"}],"wp:featuredmedia":[{"embeddable":true,"href":"https:\/\/paymentdiscounter.com\/es\/wp-json\/wp\/v2\/media\/35207"}],"wp:attachment":[{"href":"https:\/\/paymentdiscounter.com\/es\/wp-json\/wp\/v2\/media?parent=35206"}],"wp:term":[{"taxonomy":"product_cat","embeddable":true,"href":"https:\/\/paymentdiscounter.com\/es\/wp-json\/wp\/v2\/product_cat?post=35206"},{"taxonomy":"product_tag","embeddable":true,"href":"https:\/\/paymentdiscounter.com\/es\/wp-json\/wp\/v2\/product_tag?post=35206"}],"curies":[{"name":"wp","href":"https:\/\/api.w.org\/{rel}","templated":true}]}}