{"id":3491,"date":"2018-10-02T22:07:14","date_gmt":"2018-10-02T22:07:14","guid":{"rendered":"https:\/\/paymentdiscounter.com\/product\/verifone-vx680-voeding\/"},"modified":"2025-09-13T21:48:11","modified_gmt":"2025-09-13T21:48:11","slug":"verifone-vx680-fuente-de-alimentacion","status":"publish","type":"product","link":"https:\/\/paymentdiscounter.com\/es\/producto\/verifone-vx680-fuente-de-alimentacion\/","title":{"rendered":"Verifone Vx680 Fuente de alimentaci\u00f3n"},"content":{"rendered":"<p>Cargador Verifone Vx680<br \/>\nLa fuente de alimentaci\u00f3n Verifone vx680 es adecuada para cargar su dispositivo de pago m\u00f3vil en combinaci\u00f3n con un cable verifone o una Docking Station. El cargador de bater\u00eda funciona exactamente igual que los cargadores de ordenador port\u00e1til. Conecte el cable de alimentaci\u00f3n de red al cargador de bater\u00eda y ench\u00fafelo a la toma de corriente. A continuaci\u00f3n, conecta el cargador al adaptador o a la estaci\u00f3n base. Si ves una luz verde en la fuente de alimentaci\u00f3n, sabr\u00e1s que est\u00e1 activa y carg\u00e1ndose.<\/p>\n<p>Especificaciones<\/p>\n<ul>\n<li>Entrada: 100-240 V<\/li>\n<li>Salida: 12 V 2A CC<\/li>\n<li>Conector de salida de CC: 5,5\u00d72,5 mm<\/li>\n<li>1 a\u00f1o de garant\u00eda total<\/li>\n<\/ul>\n<p>&nbsp;<\/p>","protected":false},"excerpt":{"rendered":"<ul>\n<li>Adecuado para el verifone vx680<\/li>\n<li>Se utiliza en combinaci\u00f3n con un cable adaptador<\/li>\n<li>Nuevo producto verifone original<\/li>\n<li>1 a\u00f1o de garant\u00eda est\u00e1ndar de f\u00e1brica<\/li>\n<li>Pedido hoy, enviado hoy.<\/li>\n<\/ul>","protected":false},"featured_media":9789,"comment_status":"closed","ping_status":"closed","template":"","meta":[],"product_cat":[791,784],"product_tag":[690,751,776,3338,779,3341,893],"acf":[],"_links":{"self":[{"href":"https:\/\/paymentdiscounter.com\/es\/wp-json\/wp\/v2\/product\/3491"}],"collection":[{"href":"https:\/\/paymentdiscounter.com\/es\/wp-json\/wp\/v2\/product"}],"about":[{"href":"https:\/\/paymentdiscounter.com\/es\/wp-json\/wp\/v2\/types\/product"}],"replies":[{"embeddable":true,"href":"https:\/\/paymentdiscounter.com\/es\/wp-json\/wp\/v2\/comments?post=3491"}],"version-history":[{"count":5,"href":"https:\/\/paymentdiscounter.com\/es\/wp-json\/wp\/v2\/product\/3491\/revisions"}],"predecessor-version":[{"id":26359,"href":"https:\/\/paymentdiscounter.com\/es\/wp-json\/wp\/v2\/product\/3491\/revisions\/26359"}],"wp:featuredmedia":[{"embeddable":true,"href":"https:\/\/paymentdiscounter.com\/es\/wp-json\/wp\/v2\/media\/9789"}],"wp:attachment":[{"href":"https:\/\/paymentdiscounter.com\/es\/wp-json\/wp\/v2\/media?parent=3491"}],"wp:term":[{"taxonomy":"product_cat","embeddable":true,"href":"https:\/\/paymentdiscounter.com\/es\/wp-json\/wp\/v2\/product_cat?post=3491"},{"taxonomy":"product_tag","embeddable":true,"href":"https:\/\/paymentdiscounter.com\/es\/wp-json\/wp\/v2\/product_tag?post=3491"}],"curies":[{"name":"wp","href":"https:\/\/api.w.org\/{rel}","templated":true}]}}