{"id":33204,"date":"2024-09-03T15:11:49","date_gmt":"2024-09-03T15:11:49","guid":{"rendered":"https:\/\/paymentdiscounter.com\/?post_type=product&#038;p=33204"},"modified":"2026-05-13T11:12:26","modified_gmt":"2026-05-13T11:12:26","slug":"protector-de-pantalla-sunmi-p3","status":"publish","type":"product","link":"https:\/\/paymentdiscounter.com\/es\/producto\/protector-de-pantalla-sunmi-p3\/","title":{"rendered":"Protector de pantalla Sunmi P3"},"content":{"rendered":"<p><strong>Protector de pantalla Sunmi P3<\/strong><br \/>\nAumente la protecci\u00f3n de su pantalla con el protector de pantalla Sunmi P3. Dise\u00f1ado para ser altamente resistente a los ara\u00f1azos y aplicarse sin esfuerzo. Su revestimiento antihuellas mantiene la pantalla limpia y n\u00edtida a la vez que conserva la funcionalidad t\u00e1ctil completa.<\/p>\n<p><strong>Ventajas de elegir este protector de pantalla<\/strong><br \/>\nGracias a su avanzada capa adhesiva, aplicar el protector de pantalla Sunmi P3 es muy f\u00e1cil, garantizando siempre un acabado suave y sin burbujas.<\/p>","protected":false},"excerpt":{"rendered":"<p>Para mantener su terminal de pago m\u00f3vil a salvo de accidentes y da\u00f1os, utilizar el protector de pantalla Sunmi P3 es una elecci\u00f3n inteligente. Este protector de pantalla ofrece una protecci\u00f3n robusta a la vez que mantiene la plena funcionalidad. Protege la pantalla de ara\u00f1azos y prolonga la vida \u00fatil del terminal.<\/p>\n<p><strong>Caracter\u00edsticas:<\/strong><\/p>\n<ul>\n<li>Visibilidad cristalina<\/li>\n<li>Revestimiento duro para mayor durabilidad<\/li>\n<li>Resistente a la suciedad<\/li>\n<li>F\u00e1cil de instalar y desmontar<\/li>\n<\/ul>","protected":false},"featured_media":33205,"comment_status":"closed","ping_status":"closed","template":"","meta":[],"product_cat":[1555,3500],"product_tag":[3502,3543,3537,3536,762,1874,2704,3538,3539],"acf":[],"_links":{"self":[{"href":"https:\/\/paymentdiscounter.com\/es\/wp-json\/wp\/v2\/product\/33204"}],"collection":[{"href":"https:\/\/paymentdiscounter.com\/es\/wp-json\/wp\/v2\/product"}],"about":[{"href":"https:\/\/paymentdiscounter.com\/es\/wp-json\/wp\/v2\/types\/product"}],"replies":[{"embeddable":true,"href":"https:\/\/paymentdiscounter.com\/es\/wp-json\/wp\/v2\/comments?post=33204"}],"version-history":[{"count":6,"href":"https:\/\/paymentdiscounter.com\/es\/wp-json\/wp\/v2\/product\/33204\/revisions"}],"predecessor-version":[{"id":39415,"href":"https:\/\/paymentdiscounter.com\/es\/wp-json\/wp\/v2\/product\/33204\/revisions\/39415"}],"wp:featuredmedia":[{"embeddable":true,"href":"https:\/\/paymentdiscounter.com\/es\/wp-json\/wp\/v2\/media\/33205"}],"wp:attachment":[{"href":"https:\/\/paymentdiscounter.com\/es\/wp-json\/wp\/v2\/media?parent=33204"}],"wp:term":[{"taxonomy":"product_cat","embeddable":true,"href":"https:\/\/paymentdiscounter.com\/es\/wp-json\/wp\/v2\/product_cat?post=33204"},{"taxonomy":"product_tag","embeddable":true,"href":"https:\/\/paymentdiscounter.com\/es\/wp-json\/wp\/v2\/product_tag?post=33204"}],"curies":[{"name":"wp","href":"https:\/\/api.w.org\/{rel}","templated":true}]}}