{"id":33016,"date":"2024-08-29T17:50:58","date_gmt":"2024-08-29T17:50:58","guid":{"rendered":"https:\/\/paymentdiscounter.com\/?post_type=product&#038;p=33016"},"modified":"2025-09-17T12:44:08","modified_gmt":"2025-09-17T12:44:08","slug":"funda-sunmi-p3k","status":"publish","type":"product","link":"https:\/\/paymentdiscounter.com\/es\/producto\/funda-sunmi-p3k\/","title":{"rendered":"Funda Sunmi P3K Pouch"},"content":{"rendered":"<p>La funda Sunmi P3K Pouch Holster ofrece una forma segura y pr\u00e1ctica de transportar terminales de pago delgados y dispositivos de TPV m\u00f3viles. Fabricada en resistente tejido Cordura\u00ae, garantiza una gran resistencia al desgaste y una larga durabilidad.<\/p>\n<p>Con s\u00f3lo 46 gramos, esta funda es excepcionalmente ligera, lo que la convierte en la elecci\u00f3n perfecta para los profesionales del comercio, la log\u00edstica o el servicio de campo que necesitan un rendimiento diario fiable.<\/p>\n<p>\ud83d\udd39 <strong>Dise\u00f1o ligero como una pluma:<\/strong> S\u00f3lo 46 g, apenas se nota al llevarlo.<br \/>\n\ud83d\udd39 <strong>Ajuste a medida:<\/strong> Especialmente dise\u00f1ado para dispositivos de pago planos y delgados.<br \/>\n\ud83d\udd39 <strong>Correa el\u00e1stica de seguridad:<\/strong> Sujeta el dispositivo de forma segura.<br \/>\n\ud83d\udd39 <strong>Acceso r\u00e1pido:<\/strong> F\u00e1cil de insertar o extraer para flujos de trabajo fluidos.<br \/>\n\ud83d\udd39 <strong>Portabol\u00edgrafos incorporado:<\/strong> Un bol\u00edgrafo siempre a mano cuando se necesita.<br \/>\n\ud83d\udd39 <strong>Clip para cintur\u00f3n y presilla:<\/strong> Cierre ajustable, listo para usar al instante.<br \/>\n\ud83d\udd39 <strong>5 a\u00f1os de garant\u00eda:<\/strong> Resistente al desgarro, robusto y fiable.<\/p>\n<p>No importa el entorno: mostradores, almacenes o sobre el terreno; la funda Sunmi P3K combina protecci\u00f3n, comodidad de transporte y eficacia profesional.<\/p>","protected":false},"excerpt":{"rendered":"<p>La funda Sunmi P3K Pouch Holster es una forma compacta y pr\u00e1ctica de transportar terminales de pago delgados y planos de forma segura. Con s\u00f3lo 46 gramos de peso, es excepcionalmente ligera y est\u00e1 fabricada con el resistente tejido Cordura\u00ae, que ofrece una excelente resistencia a los desgarros y una larga durabilidad. Perfecta para el uso diario en cafeter\u00edas, restaurantes y almacenes.<\/p>\n<ul>\n<li>5 a\u00f1os de garant\u00eda<\/li>\n<li>Se entrega completo con cintur\u00f3n de cadera<\/li>\n<li>Dise\u00f1ado para dispositivos de pago delgados y planos<\/li>\n<li>Ligero como una pluma: s\u00f3lo 46 g<\/li>\n<li>Correa el\u00e1stica para mejorar la seguridad del dispositivo<\/li>\n<li>Portabol\u00edgrafos integrado para uso diario<\/li>\n<\/ul>","protected":false},"featured_media":37629,"comment_status":"open","ping_status":"closed","template":"","meta":[],"product_cat":[1555,3511],"product_tag":[3537,3536,3515,3532,3523,1874,2704,3522,3538,3539,3514,3525,3513,3512],"acf":[],"_links":{"self":[{"href":"https:\/\/paymentdiscounter.com\/es\/wp-json\/wp\/v2\/product\/33016"}],"collection":[{"href":"https:\/\/paymentdiscounter.com\/es\/wp-json\/wp\/v2\/product"}],"about":[{"href":"https:\/\/paymentdiscounter.com\/es\/wp-json\/wp\/v2\/types\/product"}],"replies":[{"embeddable":true,"href":"https:\/\/paymentdiscounter.com\/es\/wp-json\/wp\/v2\/comments?post=33016"}],"version-history":[{"count":6,"href":"https:\/\/paymentdiscounter.com\/es\/wp-json\/wp\/v2\/product\/33016\/revisions"}],"predecessor-version":[{"id":37631,"href":"https:\/\/paymentdiscounter.com\/es\/wp-json\/wp\/v2\/product\/33016\/revisions\/37631"}],"wp:featuredmedia":[{"embeddable":true,"href":"https:\/\/paymentdiscounter.com\/es\/wp-json\/wp\/v2\/media\/37629"}],"wp:attachment":[{"href":"https:\/\/paymentdiscounter.com\/es\/wp-json\/wp\/v2\/media?parent=33016"}],"wp:term":[{"taxonomy":"product_cat","embeddable":true,"href":"https:\/\/paymentdiscounter.com\/es\/wp-json\/wp\/v2\/product_cat?post=33016"},{"taxonomy":"product_tag","embeddable":true,"href":"https:\/\/paymentdiscounter.com\/es\/wp-json\/wp\/v2\/product_tag?post=33016"}],"curies":[{"name":"wp","href":"https:\/\/api.w.org\/{rel}","templated":true}]}}